{"id":10486,"date":"2025-06-29T13:21:43","date_gmt":"2025-06-29T11:21:43","guid":{"rendered":"https:\/\/uj.adatbank.ro\/lexikon\/termek\/issekutz-lajos\/"},"modified":"2025-06-29T13:21:43","modified_gmt":"2025-06-29T11:21:43","slug":"issekutz-lajos","status":"publish","type":"product","link":"https:\/\/uj.adatbank.ro\/lexikon\/termek\/issekutz-lajos\/","title":{"rendered":"ISSEKUTZ Lajos"},"content":{"rendered":"<p>? \u2020\u00a0?: \u00f6rm\u00e9ny \u00fcgyn\u00f6ks\u00e9gi irodavezet\u0151. \u2013 Mv.-en m\u0171k\u00f6dtetett \u00fcgyn\u00f6ks\u00e9gi hivatalt, ingatlan jelz\u00e1logk\u00f6lcs\u00f6n-forgalmi irod\u00e1t, a Duna biztos\u00edt\u00f3 T\u00e1rsas\u00e1g f\u0151\u00fcgyn\u00f6ks\u00e9g\u00e9t. &#8211;<br \/><strong>Irod.:<\/strong> Hol volt, hol nem volt. (N\u00fa., 2004. dec. 2.)<\/br><\/p>\n","protected":false},"excerpt":{"rendered":"<p>? \u2020\u00a0?: \u00f6rm\u00e9ny \u00fcgyn\u00f6ks\u00e9gi irodavezet\u0151. \u2013 Mv.-en m\u0171k\u00f6dtetett \u00fcgyn\u00f6ks\u00e9gi hivatalt, ingatlan jelz\u00e1logk\u00f6lcs\u00f6n-forgalmi irod\u00e1t, a Duna biztos\u00edt\u00f3 T\u00e1rsas\u00e1g f\u0151\u00fcgyn\u00f6ks\u00e9g\u00e9t. &#8211;Irod.: Hol volt, hol nem volt. (N\u00fa., 2004. dec. 2.)<\/p>\n","protected":false},"featured_media":0,"comment_status":"open","ping_status":"closed","template":"","meta":[],"product_brand":[],"product_cat":[137],"product_tag":[],"class_list":{"0":"post-10486","1":"product","2":"type-product","3":"status-publish","5":"product_cat-maros-megyei-eletrajzi-lexikon","7":"first","8":"instock","9":"shipping-taxable","10":"product-type-simple"},"_links":{"self":[{"href":"https:\/\/uj.adatbank.ro\/lexikon\/wp-json\/wp\/v2\/product\/10486","targetHints":{"allow":["GET"]}}],"collection":[{"href":"https:\/\/uj.adatbank.ro\/lexikon\/wp-json\/wp\/v2\/product"}],"about":[{"href":"https:\/\/uj.adatbank.ro\/lexikon\/wp-json\/wp\/v2\/types\/product"}],"replies":[{"embeddable":true,"href":"https:\/\/uj.adatbank.ro\/lexikon\/wp-json\/wp\/v2\/comments?post=10486"}],"wp:attachment":[{"href":"https:\/\/uj.adatbank.ro\/lexikon\/wp-json\/wp\/v2\/media?parent=10486"}],"wp:term":[{"taxonomy":"product_brand","embeddable":true,"href":"https:\/\/uj.adatbank.ro\/lexikon\/wp-json\/wp\/v2\/product_brand?post=10486"},{"taxonomy":"product_cat","embeddable":true,"href":"https:\/\/uj.adatbank.ro\/lexikon\/wp-json\/wp\/v2\/product_cat?post=10486"},{"taxonomy":"product_tag","embeddable":true,"href":"https:\/\/uj.adatbank.ro\/lexikon\/wp-json\/wp\/v2\/product_tag?post=10486"}],"curies":[{"name":"wp","href":"https:\/\/api.w.org\/{rel}","templated":true}]}}