{"id":10488,"date":"2025-06-29T13:21:46","date_gmt":"2025-06-29T11:21:46","guid":{"rendered":"https:\/\/uj.adatbank.ro\/lexikon\/termek\/issekutz-marton-2\/"},"modified":"2025-06-29T13:21:46","modified_gmt":"2025-06-29T11:21:46","slug":"issekutz-marton-2","status":"publish","type":"product","link":"https:\/\/uj.adatbank.ro\/lexikon\/termek\/issekutz-marton-2\/","title":{"rendered":"ISSEKUTZ M\u00e1rton"},"content":{"rendered":"<p>: ? \u2020 Mv., ?: Mih\u00e1ly \u00e9s M\u00e1rton Dorottya negyedik fia. \u2013 Feles\u00e9ge: Tzetz M\u00e1ria (1751. \u2020 Mv., 1833. dec. 19.) <br \/><strong>Irod.:<\/strong> Pusk\u00e1s -Sz\u00e1sz \u00c1v\u00e9d<\/br><\/p>\n","protected":false},"excerpt":{"rendered":"<p>: ? \u2020 Mv., ?: Mih\u00e1ly \u00e9s M\u00e1rton Dorottya negyedik fia. \u2013 Feles\u00e9ge: Tzetz M\u00e1ria (1751. \u2020 Mv., 1833. dec. 19.) Irod.: Pusk\u00e1s -Sz\u00e1sz \u00c1v\u00e9d<\/p>\n","protected":false},"featured_media":0,"comment_status":"open","ping_status":"closed","template":"","meta":[],"product_brand":[],"product_cat":[137],"product_tag":[],"class_list":{"0":"post-10488","1":"product","2":"type-product","3":"status-publish","5":"product_cat-maros-megyei-eletrajzi-lexikon","7":"first","8":"instock","9":"shipping-taxable","10":"product-type-simple"},"_links":{"self":[{"href":"https:\/\/uj.adatbank.ro\/lexikon\/wp-json\/wp\/v2\/product\/10488","targetHints":{"allow":["GET"]}}],"collection":[{"href":"https:\/\/uj.adatbank.ro\/lexikon\/wp-json\/wp\/v2\/product"}],"about":[{"href":"https:\/\/uj.adatbank.ro\/lexikon\/wp-json\/wp\/v2\/types\/product"}],"replies":[{"embeddable":true,"href":"https:\/\/uj.adatbank.ro\/lexikon\/wp-json\/wp\/v2\/comments?post=10488"}],"wp:attachment":[{"href":"https:\/\/uj.adatbank.ro\/lexikon\/wp-json\/wp\/v2\/media?parent=10488"}],"wp:term":[{"taxonomy":"product_brand","embeddable":true,"href":"https:\/\/uj.adatbank.ro\/lexikon\/wp-json\/wp\/v2\/product_brand?post=10488"},{"taxonomy":"product_cat","embeddable":true,"href":"https:\/\/uj.adatbank.ro\/lexikon\/wp-json\/wp\/v2\/product_cat?post=10488"},{"taxonomy":"product_tag","embeddable":true,"href":"https:\/\/uj.adatbank.ro\/lexikon\/wp-json\/wp\/v2\/product_tag?post=10488"}],"curies":[{"name":"wp","href":"https:\/\/api.w.org\/{rel}","templated":true}]}}