{"id":10489,"date":"2025-06-29T13:21:47","date_gmt":"2025-06-29T11:21:47","guid":{"rendered":"https:\/\/uj.adatbank.ro\/lexikon\/termek\/issekutz-marosvasarhelyi\/"},"modified":"2025-06-29T13:21:47","modified_gmt":"2025-06-29T11:21:47","slug":"issekutz-marosvasarhelyi","status":"publish","type":"product","link":"https:\/\/uj.adatbank.ro\/lexikon\/termek\/issekutz-marosvasarhelyi\/","title":{"rendered":"ISSEKUTZ, marosv\u00e1s\u00e1rhelyi"},"content":{"rendered":"<p>A nemess\u00e9get (1876. jan. 11). I. Adeod\u00e1t marossz\u00e9ki v. t\u00f6rv\u00e9nysz\u00e9ki eln\u00f6k kapta. \u2013 C\u00edmer: v\u00e1gott, als\u00f3 fel\u00e9ben hasitott pajzs; a fels\u0151 k\u00e9k mez\u0151ben az igazs\u00e1g feh\u00e9r \u00f6lt\u00f6ny\u00fc s szemein lebeg\u0151 feh\u00e9r k\u00f6tel\u00e9kkel ell\u00e1tott n\u0151i alakja jobb kez\u00e9ben kivont egyenes kardot, bal kez\u00e9ben pedig arany m\u00e9relget tart; az als\u00f3 jobboldali arany mez\u0151ben nyitott k\u00f6nyv., rajta \u201eMagyar t\u00f6rv\u00e9ny\u201d szavak; a baloldali v\u00f6r\u00f6s mez\u0151ben z\u00f6ld halmon felemelt jobbj\u00e1ban k\u00f6vet tart\u00f3 daru: sisakdisz: n\u00f6vekv\u0151 arany griff jobbj\u00e1ban h\u00e1rom feh\u00e9r liliomot tart; takar\u00f3k: k\u00e9k-arany, v\u00f6r\u00f6s-ez\u00fcst; jelmondat: Igazs\u00e1g\u00e9rt \u00e9szszel kell vivni. \u2013 Lesz\u00e1rmaz\u00e1s: Adeoda. Feles\u00e9ge nemes Placsint\u00e1r Veronika.; Gyermekei: Korn\u00e9l; Hug\u00f3; <br \/><strong>Irod.:<\/strong> Kempelen; P\u00e1lmay<\/br><\/p>\n","protected":false},"excerpt":{"rendered":"<p>A nemess\u00e9get (1876. jan. 11). I. Adeod\u00e1t marossz\u00e9ki v. t\u00f6rv\u00e9nysz\u00e9ki eln\u00f6k kapta. \u2013 C\u00edmer: v\u00e1gott, als\u00f3 fel\u00e9ben hasitott pajzs; a fels\u0151 k\u00e9k mez\u0151ben az igazs\u00e1g feh\u00e9r \u00f6lt\u00f6ny\u00fc s szemein lebeg\u0151 feh\u00e9r k\u00f6tel\u00e9kkel ell\u00e1tott n\u0151i alakja jobb kez\u00e9ben kivont egyenes kardot, bal kez\u00e9ben pedig arany m\u00e9relget tart; az als\u00f3 jobboldali arany mez\u0151ben nyitott k\u00f6nyv., rajta \u201eMagyar [&hellip;]<\/p>\n","protected":false},"featured_media":0,"comment_status":"open","ping_status":"closed","template":"","meta":[],"product_brand":[],"product_cat":[137],"product_tag":[],"class_list":{"0":"post-10489","1":"product","2":"type-product","3":"status-publish","5":"product_cat-maros-megyei-eletrajzi-lexikon","7":"first","8":"instock","9":"shipping-taxable","10":"product-type-simple"},"_links":{"self":[{"href":"https:\/\/uj.adatbank.ro\/lexikon\/wp-json\/wp\/v2\/product\/10489","targetHints":{"allow":["GET"]}}],"collection":[{"href":"https:\/\/uj.adatbank.ro\/lexikon\/wp-json\/wp\/v2\/product"}],"about":[{"href":"https:\/\/uj.adatbank.ro\/lexikon\/wp-json\/wp\/v2\/types\/product"}],"replies":[{"embeddable":true,"href":"https:\/\/uj.adatbank.ro\/lexikon\/wp-json\/wp\/v2\/comments?post=10489"}],"wp:attachment":[{"href":"https:\/\/uj.adatbank.ro\/lexikon\/wp-json\/wp\/v2\/media?parent=10489"}],"wp:term":[{"taxonomy":"product_brand","embeddable":true,"href":"https:\/\/uj.adatbank.ro\/lexikon\/wp-json\/wp\/v2\/product_brand?post=10489"},{"taxonomy":"product_cat","embeddable":true,"href":"https:\/\/uj.adatbank.ro\/lexikon\/wp-json\/wp\/v2\/product_cat?post=10489"},{"taxonomy":"product_tag","embeddable":true,"href":"https:\/\/uj.adatbank.ro\/lexikon\/wp-json\/wp\/v2\/product_tag?post=10489"}],"curies":[{"name":"wp","href":"https:\/\/api.w.org\/{rel}","templated":true}]}}