{"id":10491,"date":"2025-06-29T13:21:52","date_gmt":"2025-06-29T11:21:52","guid":{"rendered":"https:\/\/uj.adatbank.ro\/lexikon\/termek\/istok-albert\/"},"modified":"2025-06-29T13:21:52","modified_gmt":"2025-06-29T11:21:52","slug":"istok-albert","status":"publish","type":"product","link":"https:\/\/uj.adatbank.ro\/lexikon\/termek\/istok-albert\/","title":{"rendered":"IST\u00d3K Albert"},"content":{"rendered":"<p>? \u2020\u00a0?: k\u00f6t\u00e9lver\u0151, iparos. \u2013 Segesv\u00e1ron k\u00f6t\u00e9lver\u0151 m\u0171helye volt (1934\u2013). <br \/><strong>Irod.:<\/strong> Pan\u0103<\/br><\/p>\n","protected":false},"excerpt":{"rendered":"<p>? \u2020\u00a0?: k\u00f6t\u00e9lver\u0151, iparos. \u2013 Segesv\u00e1ron k\u00f6t\u00e9lver\u0151 m\u0171helye volt (1934\u2013). Irod.: Pan\u0103<\/p>\n","protected":false},"featured_media":0,"comment_status":"open","ping_status":"closed","template":"","meta":[],"product_brand":[],"product_cat":[137],"product_tag":[],"class_list":{"0":"post-10491","1":"product","2":"type-product","3":"status-publish","5":"product_cat-maros-megyei-eletrajzi-lexikon","7":"first","8":"instock","9":"shipping-taxable","10":"product-type-simple"},"_links":{"self":[{"href":"https:\/\/uj.adatbank.ro\/lexikon\/wp-json\/wp\/v2\/product\/10491","targetHints":{"allow":["GET"]}}],"collection":[{"href":"https:\/\/uj.adatbank.ro\/lexikon\/wp-json\/wp\/v2\/product"}],"about":[{"href":"https:\/\/uj.adatbank.ro\/lexikon\/wp-json\/wp\/v2\/types\/product"}],"replies":[{"embeddable":true,"href":"https:\/\/uj.adatbank.ro\/lexikon\/wp-json\/wp\/v2\/comments?post=10491"}],"wp:attachment":[{"href":"https:\/\/uj.adatbank.ro\/lexikon\/wp-json\/wp\/v2\/media?parent=10491"}],"wp:term":[{"taxonomy":"product_brand","embeddable":true,"href":"https:\/\/uj.adatbank.ro\/lexikon\/wp-json\/wp\/v2\/product_brand?post=10491"},{"taxonomy":"product_cat","embeddable":true,"href":"https:\/\/uj.adatbank.ro\/lexikon\/wp-json\/wp\/v2\/product_cat?post=10491"},{"taxonomy":"product_tag","embeddable":true,"href":"https:\/\/uj.adatbank.ro\/lexikon\/wp-json\/wp\/v2\/product_tag?post=10491"}],"curies":[{"name":"wp","href":"https:\/\/api.w.org\/{rel}","templated":true}]}}