{"id":10500,"date":"2025-06-29T13:22:09","date_gmt":"2025-06-29T11:22:09","guid":{"rendered":"https:\/\/uj.adatbank.ro\/lexikon\/termek\/istvan-8\/"},"modified":"2025-06-29T13:22:09","modified_gmt":"2025-06-29T11:22:09","slug":"istvan-8","status":"publish","type":"product","link":"https:\/\/uj.adatbank.ro\/lexikon\/termek\/istvan-8\/","title":{"rendered":"ISTV\u00c1N"},"content":{"rendered":"<p>Szentm\u00e1rtoni, majd sz\u00e9kelyv\u00e1s\u00e1rhelyi pap (1395, 1403, 1405. <br \/><strong>Irod.:<\/strong> Marossz\u00e9ki esperesek<\/br><\/p>\n","protected":false},"excerpt":{"rendered":"<p>Szentm\u00e1rtoni, majd sz\u00e9kelyv\u00e1s\u00e1rhelyi pap (1395, 1403, 1405. Irod.: Marossz\u00e9ki esperesek<\/p>\n","protected":false},"featured_media":0,"comment_status":"open","ping_status":"closed","template":"","meta":[],"product_brand":[],"product_cat":[137],"product_tag":[],"class_list":{"0":"post-10500","1":"product","2":"type-product","3":"status-publish","5":"product_cat-maros-megyei-eletrajzi-lexikon","7":"first","8":"instock","9":"shipping-taxable","10":"product-type-simple"},"_links":{"self":[{"href":"https:\/\/uj.adatbank.ro\/lexikon\/wp-json\/wp\/v2\/product\/10500","targetHints":{"allow":["GET"]}}],"collection":[{"href":"https:\/\/uj.adatbank.ro\/lexikon\/wp-json\/wp\/v2\/product"}],"about":[{"href":"https:\/\/uj.adatbank.ro\/lexikon\/wp-json\/wp\/v2\/types\/product"}],"replies":[{"embeddable":true,"href":"https:\/\/uj.adatbank.ro\/lexikon\/wp-json\/wp\/v2\/comments?post=10500"}],"wp:attachment":[{"href":"https:\/\/uj.adatbank.ro\/lexikon\/wp-json\/wp\/v2\/media?parent=10500"}],"wp:term":[{"taxonomy":"product_brand","embeddable":true,"href":"https:\/\/uj.adatbank.ro\/lexikon\/wp-json\/wp\/v2\/product_brand?post=10500"},{"taxonomy":"product_cat","embeddable":true,"href":"https:\/\/uj.adatbank.ro\/lexikon\/wp-json\/wp\/v2\/product_cat?post=10500"},{"taxonomy":"product_tag","embeddable":true,"href":"https:\/\/uj.adatbank.ro\/lexikon\/wp-json\/wp\/v2\/product_tag?post=10500"}],"curies":[{"name":"wp","href":"https:\/\/api.w.org\/{rel}","templated":true}]}}