{"id":10505,"date":"2025-06-29T13:22:20","date_gmt":"2025-06-29T11:22:20","guid":{"rendered":"https:\/\/uj.adatbank.ro\/lexikon\/termek\/istvan-ferencz\/"},"modified":"2025-06-29T13:22:20","modified_gmt":"2025-06-29T11:22:20","slug":"istvan-ferencz","status":"publish","type":"product","link":"https:\/\/uj.adatbank.ro\/lexikon\/termek\/istvan-ferencz\/","title":{"rendered":"ISTV\u00c1N Ferencz"},"content":{"rendered":"<p>1935., \u2020\u00a0Mv., 2022. m\u00e1j. 30.: vegy\u00e9sz, kutat\u00f3. \u2013 Kutat\u00e1si t\u00e9m\u00e1i: vegyipari term\u00e9kek, precizi\u00f3s ac\u00e9l\u00f6nt\u00e9s. <br \/><strong>Irod.:<\/strong> Magy. kutat\u00f3k; Nekrol\u00f3g (N\u00fa., 2022. m\u00e1j. 31.).<\/br><\/p>\n","protected":false},"excerpt":{"rendered":"<p>1935., \u2020\u00a0Mv., 2022. m\u00e1j. 30.: vegy\u00e9sz, kutat\u00f3. \u2013 Kutat\u00e1si t\u00e9m\u00e1i: vegyipari term\u00e9kek, precizi\u00f3s ac\u00e9l\u00f6nt\u00e9s. Irod.: Magy. kutat\u00f3k; Nekrol\u00f3g (N\u00fa., 2022. m\u00e1j. 31.).<\/p>\n","protected":false},"featured_media":0,"comment_status":"open","ping_status":"closed","template":"","meta":[],"product_brand":[],"product_cat":[137],"product_tag":[],"class_list":{"0":"post-10505","1":"product","2":"type-product","3":"status-publish","5":"product_cat-maros-megyei-eletrajzi-lexikon","7":"first","8":"instock","9":"shipping-taxable","10":"product-type-simple"},"_links":{"self":[{"href":"https:\/\/uj.adatbank.ro\/lexikon\/wp-json\/wp\/v2\/product\/10505","targetHints":{"allow":["GET"]}}],"collection":[{"href":"https:\/\/uj.adatbank.ro\/lexikon\/wp-json\/wp\/v2\/product"}],"about":[{"href":"https:\/\/uj.adatbank.ro\/lexikon\/wp-json\/wp\/v2\/types\/product"}],"replies":[{"embeddable":true,"href":"https:\/\/uj.adatbank.ro\/lexikon\/wp-json\/wp\/v2\/comments?post=10505"}],"wp:attachment":[{"href":"https:\/\/uj.adatbank.ro\/lexikon\/wp-json\/wp\/v2\/media?parent=10505"}],"wp:term":[{"taxonomy":"product_brand","embeddable":true,"href":"https:\/\/uj.adatbank.ro\/lexikon\/wp-json\/wp\/v2\/product_brand?post=10505"},{"taxonomy":"product_cat","embeddable":true,"href":"https:\/\/uj.adatbank.ro\/lexikon\/wp-json\/wp\/v2\/product_cat?post=10505"},{"taxonomy":"product_tag","embeddable":true,"href":"https:\/\/uj.adatbank.ro\/lexikon\/wp-json\/wp\/v2\/product_tag?post=10505"}],"curies":[{"name":"wp","href":"https:\/\/api.w.org\/{rel}","templated":true}]}}