{"id":10510,"date":"2025-06-29T13:22:28","date_gmt":"2025-06-29T11:22:28","guid":{"rendered":"https:\/\/uj.adatbank.ro\/lexikon\/termek\/istvan-marosvasarhelyi\/"},"modified":"2025-06-29T13:22:28","modified_gmt":"2025-06-29T11:22:28","slug":"istvan-marosvasarhelyi","status":"publish","type":"product","link":"https:\/\/uj.adatbank.ro\/lexikon\/termek\/istvan-marosvasarhelyi\/","title":{"rendered":"ISTV\u00c1N, marosv\u00e1s\u00e1rhelyi"},"content":{"rendered":"<p>a csal\u00e1db\u00f3l I. B\u00e1lint \u00e9s M\u00e1ty\u00e1s primipil\u00e1rist kapott R\u00e1k\u00f3czi Zsigmondt\u00f3l (1607. m\u00e1rc. 28.). <br \/><strong>Irod.:<\/strong> P\u00e1lmay<\/br><\/p>\n","protected":false},"excerpt":{"rendered":"<p>a csal\u00e1db\u00f3l I. B\u00e1lint \u00e9s M\u00e1ty\u00e1s primipil\u00e1rist kapott R\u00e1k\u00f3czi Zsigmondt\u00f3l (1607. m\u00e1rc. 28.). Irod.: P\u00e1lmay<\/p>\n","protected":false},"featured_media":0,"comment_status":"open","ping_status":"closed","template":"","meta":[],"product_brand":[],"product_cat":[137],"product_tag":[],"class_list":{"0":"post-10510","1":"product","2":"type-product","3":"status-publish","5":"product_cat-maros-megyei-eletrajzi-lexikon","7":"first","8":"instock","9":"shipping-taxable","10":"product-type-simple"},"_links":{"self":[{"href":"https:\/\/uj.adatbank.ro\/lexikon\/wp-json\/wp\/v2\/product\/10510","targetHints":{"allow":["GET"]}}],"collection":[{"href":"https:\/\/uj.adatbank.ro\/lexikon\/wp-json\/wp\/v2\/product"}],"about":[{"href":"https:\/\/uj.adatbank.ro\/lexikon\/wp-json\/wp\/v2\/types\/product"}],"replies":[{"embeddable":true,"href":"https:\/\/uj.adatbank.ro\/lexikon\/wp-json\/wp\/v2\/comments?post=10510"}],"wp:attachment":[{"href":"https:\/\/uj.adatbank.ro\/lexikon\/wp-json\/wp\/v2\/media?parent=10510"}],"wp:term":[{"taxonomy":"product_brand","embeddable":true,"href":"https:\/\/uj.adatbank.ro\/lexikon\/wp-json\/wp\/v2\/product_brand?post=10510"},{"taxonomy":"product_cat","embeddable":true,"href":"https:\/\/uj.adatbank.ro\/lexikon\/wp-json\/wp\/v2\/product_cat?post=10510"},{"taxonomy":"product_tag","embeddable":true,"href":"https:\/\/uj.adatbank.ro\/lexikon\/wp-json\/wp\/v2\/product_tag?post=10510"}],"curies":[{"name":"wp","href":"https:\/\/api.w.org\/{rel}","templated":true}]}}