{"id":10516,"date":"2025-06-29T13:22:40","date_gmt":"2025-06-29T11:22:40","guid":{"rendered":"https:\/\/uj.adatbank.ro\/lexikon\/termek\/istvanffy-szilveszter-mate-r-p-sylvester-istvanffi-szilveszter\/"},"modified":"2025-06-29T13:22:40","modified_gmt":"2025-06-29T11:22:40","slug":"istvanffy-szilveszter-mate-r-p-sylvester-istvanffi-szilveszter","status":"publish","type":"product","link":"https:\/\/uj.adatbank.ro\/lexikon\/termek\/istvanffy-szilveszter-mate-r-p-sylvester-istvanffi-szilveszter\/","title":{"rendered":"ISTV\u00c1NFFY Szilveszter M\u00e1t\u00e9, R. P., Sylvester, Istv\u00e1nffi Szilveszter"},"content":{"rendered":"<p>K\u00e1szonjakabfalva, 1729., \u2020\u00a0Mv., 1795. m\u00e1rc. 30. A mv.-i ferences bar\u00e1tok egykori temploma alatt l\u00e9v\u0151 kript\u00e1ban nyugszik: szerzetes, k\u00e1pl\u00e1n. \u2013Be\u00f6lt\u00f6z\u00f6tt (1747. szept. 19.), felszentelt\u00e9k (1752. dec. 23.). Lector Generalis (1774\u201377), Secr. Provae. (1774\u201377), Definitor (1777\u201380). V\u00e1rhegyen volt k\u00e1pl\u00e1n. <br \/><strong>Irod.:<\/strong> Gy\u00f6rgy: A ferencrendiek; Pantheon<\/br><\/p>\n","protected":false},"excerpt":{"rendered":"<p>K\u00e1szonjakabfalva, 1729., \u2020\u00a0Mv., 1795. m\u00e1rc. 30. A mv.-i ferences bar\u00e1tok egykori temploma alatt l\u00e9v\u0151 kript\u00e1ban nyugszik: szerzetes, k\u00e1pl\u00e1n. \u2013Be\u00f6lt\u00f6z\u00f6tt (1747. szept. 19.), felszentelt\u00e9k (1752. dec. 23.). Lector Generalis (1774\u201377), Secr. Provae. (1774\u201377), Definitor (1777\u201380). V\u00e1rhegyen volt k\u00e1pl\u00e1n. Irod.: Gy\u00f6rgy: A ferencrendiek; Pantheon<\/p>\n","protected":false},"featured_media":0,"comment_status":"open","ping_status":"closed","template":"","meta":[],"product_brand":[],"product_cat":[137],"product_tag":[],"class_list":{"0":"post-10516","1":"product","2":"type-product","3":"status-publish","5":"product_cat-maros-megyei-eletrajzi-lexikon","7":"first","8":"instock","9":"shipping-taxable","10":"product-type-simple"},"_links":{"self":[{"href":"https:\/\/uj.adatbank.ro\/lexikon\/wp-json\/wp\/v2\/product\/10516","targetHints":{"allow":["GET"]}}],"collection":[{"href":"https:\/\/uj.adatbank.ro\/lexikon\/wp-json\/wp\/v2\/product"}],"about":[{"href":"https:\/\/uj.adatbank.ro\/lexikon\/wp-json\/wp\/v2\/types\/product"}],"replies":[{"embeddable":true,"href":"https:\/\/uj.adatbank.ro\/lexikon\/wp-json\/wp\/v2\/comments?post=10516"}],"wp:attachment":[{"href":"https:\/\/uj.adatbank.ro\/lexikon\/wp-json\/wp\/v2\/media?parent=10516"}],"wp:term":[{"taxonomy":"product_brand","embeddable":true,"href":"https:\/\/uj.adatbank.ro\/lexikon\/wp-json\/wp\/v2\/product_brand?post=10516"},{"taxonomy":"product_cat","embeddable":true,"href":"https:\/\/uj.adatbank.ro\/lexikon\/wp-json\/wp\/v2\/product_cat?post=10516"},{"taxonomy":"product_tag","embeddable":true,"href":"https:\/\/uj.adatbank.ro\/lexikon\/wp-json\/wp\/v2\/product_tag?post=10516"}],"curies":[{"name":"wp","href":"https:\/\/api.w.org\/{rel}","templated":true}]}}