{"id":10517,"date":"2025-06-29T13:22:41","date_gmt":"2025-06-29T11:22:41","guid":{"rendered":"https:\/\/uj.adatbank.ro\/lexikon\/termek\/istvanfi-andras\/"},"modified":"2025-06-29T13:22:41","modified_gmt":"2025-06-29T11:22:41","slug":"istvanfi-andras","status":"publish","type":"product","link":"https:\/\/uj.adatbank.ro\/lexikon\/termek\/istvanfi-andras\/","title":{"rendered":"ISTV\u00c1NFI Andr\u00e1s"},"content":{"rendered":"<p>K\u00e1poln\u00e1sfalu, ? \u2020\u00a0? : r. k. pl\u00e9b\u00e1nos. \u2013 Sz\u00e9kelyudvarhelyen (1733), Kv.-on (1734\u201338) a Jezsuita Gimn. \u00e9s Akad. -\u00e1n \u00e9s Nagyszombaton tanult (1740\u201342). Szentegyh\u00e1z\u00e1n (1722\u201326), Sz\u0151kefalv\u00e1n (1746\u201354), Gyergy\u00f3alfaluban (1753) m\u0171k\u00f6d\u00f6tt. <br \/><strong>Irod.:<\/strong> Ferenczi S\u00e1ndor 2009; Nagy L\u00e1szl\u00f3; Magy. Kat. Lexikon<\/br><\/p>\n","protected":false},"excerpt":{"rendered":"<p>K\u00e1poln\u00e1sfalu, ? \u2020\u00a0? : r. k. pl\u00e9b\u00e1nos. \u2013 Sz\u00e9kelyudvarhelyen (1733), Kv.-on (1734\u201338) a Jezsuita Gimn. \u00e9s Akad. -\u00e1n \u00e9s Nagyszombaton tanult (1740\u201342). Szentegyh\u00e1z\u00e1n (1722\u201326), Sz\u0151kefalv\u00e1n (1746\u201354), Gyergy\u00f3alfaluban (1753) m\u0171k\u00f6d\u00f6tt. Irod.: Ferenczi S\u00e1ndor 2009; Nagy L\u00e1szl\u00f3; Magy. Kat. Lexikon<\/p>\n","protected":false},"featured_media":0,"comment_status":"open","ping_status":"closed","template":"","meta":[],"product_brand":[],"product_cat":[137],"product_tag":[],"class_list":{"0":"post-10517","1":"product","2":"type-product","3":"status-publish","5":"product_cat-maros-megyei-eletrajzi-lexikon","7":"first","8":"instock","9":"shipping-taxable","10":"product-type-simple"},"_links":{"self":[{"href":"https:\/\/uj.adatbank.ro\/lexikon\/wp-json\/wp\/v2\/product\/10517","targetHints":{"allow":["GET"]}}],"collection":[{"href":"https:\/\/uj.adatbank.ro\/lexikon\/wp-json\/wp\/v2\/product"}],"about":[{"href":"https:\/\/uj.adatbank.ro\/lexikon\/wp-json\/wp\/v2\/types\/product"}],"replies":[{"embeddable":true,"href":"https:\/\/uj.adatbank.ro\/lexikon\/wp-json\/wp\/v2\/comments?post=10517"}],"wp:attachment":[{"href":"https:\/\/uj.adatbank.ro\/lexikon\/wp-json\/wp\/v2\/media?parent=10517"}],"wp:term":[{"taxonomy":"product_brand","embeddable":true,"href":"https:\/\/uj.adatbank.ro\/lexikon\/wp-json\/wp\/v2\/product_brand?post=10517"},{"taxonomy":"product_cat","embeddable":true,"href":"https:\/\/uj.adatbank.ro\/lexikon\/wp-json\/wp\/v2\/product_cat?post=10517"},{"taxonomy":"product_tag","embeddable":true,"href":"https:\/\/uj.adatbank.ro\/lexikon\/wp-json\/wp\/v2\/product_tag?post=10517"}],"curies":[{"name":"wp","href":"https:\/\/api.w.org\/{rel}","templated":true}]}}