{"id":10518,"date":"2025-06-29T13:22:42","date_gmt":"2025-06-29T11:22:42","guid":{"rendered":"https:\/\/uj.adatbank.ro\/lexikon\/termek\/istvanfi-antal\/"},"modified":"2025-06-29T13:22:42","modified_gmt":"2025-06-29T11:22:42","slug":"istvanfi-antal","status":"publish","type":"product","link":"https:\/\/uj.adatbank.ro\/lexikon\/termek\/istvanfi-antal\/","title":{"rendered":"ISTV\u00c1NFI Antal"},"content":{"rendered":"<p>? \u2020 Mv., 1819. \u00e1pr. 29: &#8211; Feles\u00e9ge: Nov\u00e1k M\u00e1ria. Gyermekei: Anna (1810. nov. 6. \u2013), Istv\u00e1n (1812. jan. 15\u20131822. jan. 15), S\u00e1ra Rebeca (1814\u20131818), M\u00e1ria Cecilia (1816. nov. 22\u2013), M\u00e1rton (1818. m\u00e1j. 10\u2013), S\u00e1ra (1819. j\u00fal. 16. \u2013 1832. m\u00e1rc. 13) ekkor m\u00e1r az apa nem \u00e9lt. <br \/><strong>Irod.:<\/strong> P\u00e1l-Antal S\u00e1ndor: \u00d6rm\u00e9nyek Mv.-en 1848 el\u0151tt=Pusk\u00e1s-Sz\u00e1sz \u00c1v\u00e9d<\/br><\/p>\n","protected":false},"excerpt":{"rendered":"<p>? \u2020 Mv., 1819. \u00e1pr. 29: &#8211; Feles\u00e9ge: Nov\u00e1k M\u00e1ria. Gyermekei: Anna (1810. nov. 6. \u2013), Istv\u00e1n (1812. jan. 15\u20131822. jan. 15), S\u00e1ra Rebeca (1814\u20131818), M\u00e1ria Cecilia (1816. nov. 22\u2013), M\u00e1rton (1818. m\u00e1j. 10\u2013), S\u00e1ra (1819. j\u00fal. 16. \u2013 1832. m\u00e1rc. 13) ekkor m\u00e1r az apa nem \u00e9lt. Irod.: P\u00e1l-Antal S\u00e1ndor: \u00d6rm\u00e9nyek Mv.-en 1848 el\u0151tt=Pusk\u00e1s-Sz\u00e1sz [&hellip;]<\/p>\n","protected":false},"featured_media":0,"comment_status":"open","ping_status":"closed","template":"","meta":[],"product_brand":[],"product_cat":[137],"product_tag":[],"class_list":{"0":"post-10518","1":"product","2":"type-product","3":"status-publish","5":"product_cat-maros-megyei-eletrajzi-lexikon","7":"first","8":"instock","9":"shipping-taxable","10":"product-type-simple"},"_links":{"self":[{"href":"https:\/\/uj.adatbank.ro\/lexikon\/wp-json\/wp\/v2\/product\/10518","targetHints":{"allow":["GET"]}}],"collection":[{"href":"https:\/\/uj.adatbank.ro\/lexikon\/wp-json\/wp\/v2\/product"}],"about":[{"href":"https:\/\/uj.adatbank.ro\/lexikon\/wp-json\/wp\/v2\/types\/product"}],"replies":[{"embeddable":true,"href":"https:\/\/uj.adatbank.ro\/lexikon\/wp-json\/wp\/v2\/comments?post=10518"}],"wp:attachment":[{"href":"https:\/\/uj.adatbank.ro\/lexikon\/wp-json\/wp\/v2\/media?parent=10518"}],"wp:term":[{"taxonomy":"product_brand","embeddable":true,"href":"https:\/\/uj.adatbank.ro\/lexikon\/wp-json\/wp\/v2\/product_brand?post=10518"},{"taxonomy":"product_cat","embeddable":true,"href":"https:\/\/uj.adatbank.ro\/lexikon\/wp-json\/wp\/v2\/product_cat?post=10518"},{"taxonomy":"product_tag","embeddable":true,"href":"https:\/\/uj.adatbank.ro\/lexikon\/wp-json\/wp\/v2\/product_tag?post=10518"}],"curies":[{"name":"wp","href":"https:\/\/api.w.org\/{rel}","templated":true}]}}