{"id":10519,"date":"2025-06-29T13:22:45","date_gmt":"2025-06-29T11:22:45","guid":{"rendered":"https:\/\/uj.adatbank.ro\/lexikon\/termek\/istvanfi-antal-2\/"},"modified":"2025-06-29T13:22:45","modified_gmt":"2025-06-29T11:22:45","slug":"istvanfi-antal-2","status":"publish","type":"product","link":"https:\/\/uj.adatbank.ro\/lexikon\/termek\/istvanfi-antal-2\/","title":{"rendered":"ISTV\u00c1NFI Antal"},"content":{"rendered":"<p>Mv., 1808., \u2020 Mv., 1866.: keresked\u0151. \u2013 Istv\u00e1nfi Emaniel \u00e9s Posta Katalin fia. Feles\u00e9ge: Patrub\u00e1ny Anna (1816\u2013?) Gyermekeik: M\u00e1rton (1841-? ), Nina, P\u00e9ter, M\u00e1ria, Istv\u00e1n (1839-? ) \u00e9s feles\u00e9ge Csiky M\u00e1ria (1848-? ), Mv.-en sz\u00fcletett B\u00e9la (1876\u20131922), feles\u00e9ge Vert\u00e1n Jol\u00e1n (1895), k\u00e9s\u0151bb Bp.-re k\u00f6lt\u00f6ztek. Mv.-en keresked\u0151. <br \/><strong>Irod.:<\/strong> Sz\u00e1va 2012.<\/br><\/p>\n","protected":false},"excerpt":{"rendered":"<p>Mv., 1808., \u2020 Mv., 1866.: keresked\u0151. \u2013 Istv\u00e1nfi Emaniel \u00e9s Posta Katalin fia. Feles\u00e9ge: Patrub\u00e1ny Anna (1816\u2013?) Gyermekeik: M\u00e1rton (1841-? ), Nina, P\u00e9ter, M\u00e1ria, Istv\u00e1n (1839-? ) \u00e9s feles\u00e9ge Csiky M\u00e1ria (1848-? ), Mv.-en sz\u00fcletett B\u00e9la (1876\u20131922), feles\u00e9ge Vert\u00e1n Jol\u00e1n (1895), k\u00e9s\u0151bb Bp.-re k\u00f6lt\u00f6ztek. Mv.-en keresked\u0151. Irod.: Sz\u00e1va 2012.<\/p>\n","protected":false},"featured_media":0,"comment_status":"open","ping_status":"closed","template":"","meta":[],"product_brand":[],"product_cat":[137],"product_tag":[],"class_list":{"0":"post-10519","1":"product","2":"type-product","3":"status-publish","5":"product_cat-maros-megyei-eletrajzi-lexikon","7":"first","8":"instock","9":"shipping-taxable","10":"product-type-simple"},"_links":{"self":[{"href":"https:\/\/uj.adatbank.ro\/lexikon\/wp-json\/wp\/v2\/product\/10519","targetHints":{"allow":["GET"]}}],"collection":[{"href":"https:\/\/uj.adatbank.ro\/lexikon\/wp-json\/wp\/v2\/product"}],"about":[{"href":"https:\/\/uj.adatbank.ro\/lexikon\/wp-json\/wp\/v2\/types\/product"}],"replies":[{"embeddable":true,"href":"https:\/\/uj.adatbank.ro\/lexikon\/wp-json\/wp\/v2\/comments?post=10519"}],"wp:attachment":[{"href":"https:\/\/uj.adatbank.ro\/lexikon\/wp-json\/wp\/v2\/media?parent=10519"}],"wp:term":[{"taxonomy":"product_brand","embeddable":true,"href":"https:\/\/uj.adatbank.ro\/lexikon\/wp-json\/wp\/v2\/product_brand?post=10519"},{"taxonomy":"product_cat","embeddable":true,"href":"https:\/\/uj.adatbank.ro\/lexikon\/wp-json\/wp\/v2\/product_cat?post=10519"},{"taxonomy":"product_tag","embeddable":true,"href":"https:\/\/uj.adatbank.ro\/lexikon\/wp-json\/wp\/v2\/product_tag?post=10519"}],"curies":[{"name":"wp","href":"https:\/\/api.w.org\/{rel}","templated":true}]}}