{"id":10520,"date":"2025-06-29T13:22:47","date_gmt":"2025-06-29T11:22:47","guid":{"rendered":"https:\/\/uj.adatbank.ro\/lexikon\/termek\/istvanfi-antal-3\/"},"modified":"2025-06-29T13:22:47","modified_gmt":"2025-06-29T11:22:47","slug":"istvanfi-antal-3","status":"publish","type":"product","link":"https:\/\/uj.adatbank.ro\/lexikon\/termek\/istvanfi-antal-3\/","title":{"rendered":"ISTV\u00c1NFI Antal"},"content":{"rendered":"<p>Mv., 1817. okt. 13. \u2020 Mv., 1866.: keresked\u0151. &#8211; Em\u00e1nuel \u00e9s Posta Katalin fia. Feles\u00e9ge: Patrub\u00e1ny Anna (1816 v. 1822. \u2013 Mv., 1868. jan. 11.). Gyermekeik: Katalin Szappanyos Antaln\u00e9 (1846. \u00e1pr. 4\u2013); M\u00e1rton (1843. okt. 3. \u2013 1847. \u00e1pr. 24.); Anna\/Nina, P\u00e9ter, M\u00e1ria Anna (1848. j\u00fan. 9. \u2013), Istv\u00e1n (1839-?). Antal (1845-?), Jakabfalv\u00e1n volt keresked\u0151, itt sz\u00fcletett Andr\u00e1s (1876). <br \/><strong>Irod.:<\/strong> Gy\u00e1szjelent\u0151; P\u00e1l-Antal S\u00e1ndor: \u00d6rm\u00e9nyek Mv.-en 1848 el\u0151tt=Pusk\u00e1s-Sz\u00e1sz \u00c1v\u00e9d; Sz\u00e1va 2012<\/br><\/p>\n","protected":false},"excerpt":{"rendered":"<p>Mv., 1817. okt. 13. \u2020 Mv., 1866.: keresked\u0151. &#8211; Em\u00e1nuel \u00e9s Posta Katalin fia. Feles\u00e9ge: Patrub\u00e1ny Anna (1816 v. 1822. \u2013 Mv., 1868. jan. 11.). Gyermekeik: Katalin Szappanyos Antaln\u00e9 (1846. \u00e1pr. 4\u2013); M\u00e1rton (1843. okt. 3. \u2013 1847. \u00e1pr. 24.); Anna\/Nina, P\u00e9ter, M\u00e1ria Anna (1848. j\u00fan. 9. \u2013), Istv\u00e1n (1839-?). Antal (1845-?), Jakabfalv\u00e1n volt keresked\u0151, [&hellip;]<\/p>\n","protected":false},"featured_media":0,"comment_status":"open","ping_status":"closed","template":"","meta":[],"product_brand":[],"product_cat":[137],"product_tag":[],"class_list":{"0":"post-10520","1":"product","2":"type-product","3":"status-publish","5":"product_cat-maros-megyei-eletrajzi-lexikon","7":"first","8":"instock","9":"shipping-taxable","10":"product-type-simple"},"_links":{"self":[{"href":"https:\/\/uj.adatbank.ro\/lexikon\/wp-json\/wp\/v2\/product\/10520","targetHints":{"allow":["GET"]}}],"collection":[{"href":"https:\/\/uj.adatbank.ro\/lexikon\/wp-json\/wp\/v2\/product"}],"about":[{"href":"https:\/\/uj.adatbank.ro\/lexikon\/wp-json\/wp\/v2\/types\/product"}],"replies":[{"embeddable":true,"href":"https:\/\/uj.adatbank.ro\/lexikon\/wp-json\/wp\/v2\/comments?post=10520"}],"wp:attachment":[{"href":"https:\/\/uj.adatbank.ro\/lexikon\/wp-json\/wp\/v2\/media?parent=10520"}],"wp:term":[{"taxonomy":"product_brand","embeddable":true,"href":"https:\/\/uj.adatbank.ro\/lexikon\/wp-json\/wp\/v2\/product_brand?post=10520"},{"taxonomy":"product_cat","embeddable":true,"href":"https:\/\/uj.adatbank.ro\/lexikon\/wp-json\/wp\/v2\/product_cat?post=10520"},{"taxonomy":"product_tag","embeddable":true,"href":"https:\/\/uj.adatbank.ro\/lexikon\/wp-json\/wp\/v2\/product_tag?post=10520"}],"curies":[{"name":"wp","href":"https:\/\/api.w.org\/{rel}","templated":true}]}}