{"id":10522,"date":"2025-06-29T13:22:50","date_gmt":"2025-06-29T11:22:50","guid":{"rendered":"https:\/\/uj.adatbank.ro\/lexikon\/termek\/istvanfi-emanuel\/"},"modified":"2025-06-29T13:22:50","modified_gmt":"2025-06-29T11:22:50","slug":"istvanfi-emanuel","status":"publish","type":"product","link":"https:\/\/uj.adatbank.ro\/lexikon\/termek\/istvanfi-emanuel\/","title":{"rendered":"ISTV\u00c1NFI Em\u00e1nuel"},"content":{"rendered":"<p>Sz\u00e9pv\u00edz, 1775, \u2020 Mv., 1840-es \u00e9vek v\u00e9g\u00e9n: keresked\u0151. &#8211; Szechn\u00f3 Bogd\u00e1n \u00e9s Z\u00e1chn\u00f3 Katalin fia. Feles\u00e9ge: Posta Katalin (1787-?), Istv\u00e1nfi n\u00e9ven vette feles\u00e9g\u00fcl (1807). Gyermekeik: Antal (1808\u20131866); aki 1838-ban n\u0151s\u00fclt, neje Patrub\u00e1ny Anna (1816-?); J\u00e1nos, mv.-i keresked\u0151 (1812\u20131870), n\u0151tlen; Veronika (1815. okt. 13. -?), Patrub\u00e1ny Mikl\u00f3s (1814\u2013) feles\u00e9ge (1840\u2013), gyermekeik: Patrub\u00e1ny Gergely (1841-?); P. M\u00e1rtonn (1843-?); P. Antal (1845-?), feles\u00e9ge Petelei M\u00e1ria (1854\u20131942); P. Katalin (1848-?), P. Mikl\u00f3s (1850. -?), a feles\u00e9ge Verz\u00e1r Janka (1859-?); (1819\u20131910), G\u00e1sp\u00e1r Antaln\u00e9; Anna (1822-?), Er\u00e1nosz Antaln\u00e9; M\u00e1ria (1824. m\u00e1j. 16. \u2013 1875), a keresked\u0151 Petelei Istv\u00e1nn\u00e9. \u2013 Mv.-en telepedett le, itt volt keresked\u0151 (1800 k.) <br \/><strong>Irod.:<\/strong> Pusk\u00e1s-Sz\u00e1sz \u00c1. R.; Sz\u00e1va 2012<\/br><\/p>\n","protected":false},"excerpt":{"rendered":"<p>Sz\u00e9pv\u00edz, 1775, \u2020 Mv., 1840-es \u00e9vek v\u00e9g\u00e9n: keresked\u0151. &#8211; Szechn\u00f3 Bogd\u00e1n \u00e9s Z\u00e1chn\u00f3 Katalin fia. Feles\u00e9ge: Posta Katalin (1787-?), Istv\u00e1nfi n\u00e9ven vette feles\u00e9g\u00fcl (1807). Gyermekeik: Antal (1808\u20131866); aki 1838-ban n\u0151s\u00fclt, neje Patrub\u00e1ny Anna (1816-?); J\u00e1nos, mv.-i keresked\u0151 (1812\u20131870), n\u0151tlen; Veronika (1815. okt. 13. -?), Patrub\u00e1ny Mikl\u00f3s (1814\u2013) feles\u00e9ge (1840\u2013), gyermekeik: Patrub\u00e1ny Gergely (1841-?); P. M\u00e1rtonn [&hellip;]<\/p>\n","protected":false},"featured_media":0,"comment_status":"open","ping_status":"closed","template":"","meta":[],"product_brand":[],"product_cat":[137],"product_tag":[],"class_list":{"0":"post-10522","1":"product","2":"type-product","3":"status-publish","5":"product_cat-maros-megyei-eletrajzi-lexikon","7":"first","8":"instock","9":"shipping-taxable","10":"product-type-simple"},"_links":{"self":[{"href":"https:\/\/uj.adatbank.ro\/lexikon\/wp-json\/wp\/v2\/product\/10522","targetHints":{"allow":["GET"]}}],"collection":[{"href":"https:\/\/uj.adatbank.ro\/lexikon\/wp-json\/wp\/v2\/product"}],"about":[{"href":"https:\/\/uj.adatbank.ro\/lexikon\/wp-json\/wp\/v2\/types\/product"}],"replies":[{"embeddable":true,"href":"https:\/\/uj.adatbank.ro\/lexikon\/wp-json\/wp\/v2\/comments?post=10522"}],"wp:attachment":[{"href":"https:\/\/uj.adatbank.ro\/lexikon\/wp-json\/wp\/v2\/media?parent=10522"}],"wp:term":[{"taxonomy":"product_brand","embeddable":true,"href":"https:\/\/uj.adatbank.ro\/lexikon\/wp-json\/wp\/v2\/product_brand?post=10522"},{"taxonomy":"product_cat","embeddable":true,"href":"https:\/\/uj.adatbank.ro\/lexikon\/wp-json\/wp\/v2\/product_cat?post=10522"},{"taxonomy":"product_tag","embeddable":true,"href":"https:\/\/uj.adatbank.ro\/lexikon\/wp-json\/wp\/v2\/product_tag?post=10522"}],"curies":[{"name":"wp","href":"https:\/\/api.w.org\/{rel}","templated":true}]}}