{"id":10524,"date":"2025-06-29T13:22:53","date_gmt":"2025-06-29T11:22:53","guid":{"rendered":"https:\/\/uj.adatbank.ro\/lexikon\/termek\/istvanfi-janos\/"},"modified":"2025-06-29T13:22:53","modified_gmt":"2025-06-29T11:22:53","slug":"istvanfi-janos","status":"publish","type":"product","link":"https:\/\/uj.adatbank.ro\/lexikon\/termek\/istvanfi-janos\/","title":{"rendered":"ISTV\u00c1NFI J\u00e1nos"},"content":{"rendered":"<p>? \u2020\u00a0? : feles\u00e9ge. Iszlai Margit. Gyerekeik: Anna (Mv., 1830. \u00e1pr. 6. &#8211; ?), J\u00e1nos (1835. okt. 22. \u2013 1837. nov. 6.), Gergely (1838. \u00e1pr. 6. &#8211; 1841. aug. 25.), M\u00e1ria S\u00e1ra (1839. aug. 3. -?), J\u00e1nos (1842. febr. 7. &#8211; ?), Antal (1846. j\u00fal. 1. \u2013 1846. j\u00fal. 19.), M\u00e1rton (1848. m\u00e1j. 12. \u2013 1848. j\u00fan. 30.) \u00e9s Antal (1848. m\u00e1j. 12. &#8211; ? ). <br \/><strong>Irod.:<\/strong> Pusk\u00e1s -Sz\u00e1sz \u00c1v\u00e9d<\/br><\/p>\n","protected":false},"excerpt":{"rendered":"<p>? \u2020\u00a0? : feles\u00e9ge. Iszlai Margit. Gyerekeik: Anna (Mv., 1830. \u00e1pr. 6. &#8211; ?), J\u00e1nos (1835. okt. 22. \u2013 1837. nov. 6.), Gergely (1838. \u00e1pr. 6. &#8211; 1841. aug. 25.), M\u00e1ria S\u00e1ra (1839. aug. 3. -?), J\u00e1nos (1842. febr. 7. &#8211; ?), Antal (1846. j\u00fal. 1. \u2013 1846. j\u00fal. 19.), M\u00e1rton (1848. m\u00e1j. 12. \u2013 [&hellip;]<\/p>\n","protected":false},"featured_media":0,"comment_status":"open","ping_status":"closed","template":"","meta":[],"product_brand":[],"product_cat":[137],"product_tag":[],"class_list":{"0":"post-10524","1":"product","2":"type-product","3":"status-publish","5":"product_cat-maros-megyei-eletrajzi-lexikon","7":"first","8":"instock","9":"shipping-taxable","10":"product-type-simple"},"_links":{"self":[{"href":"https:\/\/uj.adatbank.ro\/lexikon\/wp-json\/wp\/v2\/product\/10524","targetHints":{"allow":["GET"]}}],"collection":[{"href":"https:\/\/uj.adatbank.ro\/lexikon\/wp-json\/wp\/v2\/product"}],"about":[{"href":"https:\/\/uj.adatbank.ro\/lexikon\/wp-json\/wp\/v2\/types\/product"}],"replies":[{"embeddable":true,"href":"https:\/\/uj.adatbank.ro\/lexikon\/wp-json\/wp\/v2\/comments?post=10524"}],"wp:attachment":[{"href":"https:\/\/uj.adatbank.ro\/lexikon\/wp-json\/wp\/v2\/media?parent=10524"}],"wp:term":[{"taxonomy":"product_brand","embeddable":true,"href":"https:\/\/uj.adatbank.ro\/lexikon\/wp-json\/wp\/v2\/product_brand?post=10524"},{"taxonomy":"product_cat","embeddable":true,"href":"https:\/\/uj.adatbank.ro\/lexikon\/wp-json\/wp\/v2\/product_cat?post=10524"},{"taxonomy":"product_tag","embeddable":true,"href":"https:\/\/uj.adatbank.ro\/lexikon\/wp-json\/wp\/v2\/product_tag?post=10524"}],"curies":[{"name":"wp","href":"https:\/\/api.w.org\/{rel}","templated":true}]}}