{"id":10526,"date":"2025-06-29T13:22:57","date_gmt":"2025-06-29T11:22:57","guid":{"rendered":"https:\/\/uj.adatbank.ro\/lexikon\/termek\/istvanfi-marton\/"},"modified":"2025-06-29T13:22:57","modified_gmt":"2025-06-29T11:22:57","slug":"istvanfi-marton","status":"publish","type":"product","link":"https:\/\/uj.adatbank.ro\/lexikon\/termek\/istvanfi-marton\/","title":{"rendered":"ISTV\u00c1NFI M\u00e1rton"},"content":{"rendered":"<p>1779 \u2020\u00a0Mv., 1839: keresked\u0151. \u2013 Feles\u00e9ge: Luk\u00e1cs Katalin (1785.? \u2013 Mv., 1863. m\u00e1rc. 18). Gyermekeik: Veronika, P\u00e1trub\u00e1n Mikl\u00f3sn\u00e9; Antal, feles\u00e9ge P\u00e1trub\u00e1n Anna (1816 v. 1822. \u2013 Mv., 1868. jan. 11.); Katalin G\u00e1sp\u00e1r Antaln\u00e9; M\u00e1ria Petelei Istv\u00e1nn\u00e9; Anna Er\u00e1nosz Antaln\u00e9. <br \/><strong>Irod.:<\/strong> Gy\u00e1szjelent\u0151; P\u00e1l-Antal S\u00e1ndor: \u00d6rm\u00e9nyek Mv.-en 1848 el\u0151tt = Pusk\u00e1s-Sz\u00e1sz \u00c1v\u00e9d<\/br><\/p>\n","protected":false},"excerpt":{"rendered":"<p>1779 \u2020\u00a0Mv., 1839: keresked\u0151. \u2013 Feles\u00e9ge: Luk\u00e1cs Katalin (1785.? \u2013 Mv., 1863. m\u00e1rc. 18). Gyermekeik: Veronika, P\u00e1trub\u00e1n Mikl\u00f3sn\u00e9; Antal, feles\u00e9ge P\u00e1trub\u00e1n Anna (1816 v. 1822. \u2013 Mv., 1868. jan. 11.); Katalin G\u00e1sp\u00e1r Antaln\u00e9; M\u00e1ria Petelei Istv\u00e1nn\u00e9; Anna Er\u00e1nosz Antaln\u00e9. Irod.: Gy\u00e1szjelent\u0151; P\u00e1l-Antal S\u00e1ndor: \u00d6rm\u00e9nyek Mv.-en 1848 el\u0151tt = Pusk\u00e1s-Sz\u00e1sz \u00c1v\u00e9d<\/p>\n","protected":false},"featured_media":0,"comment_status":"open","ping_status":"closed","template":"","meta":[],"product_brand":[],"product_cat":[137],"product_tag":[],"class_list":{"0":"post-10526","1":"product","2":"type-product","3":"status-publish","5":"product_cat-maros-megyei-eletrajzi-lexikon","7":"first","8":"instock","9":"shipping-taxable","10":"product-type-simple"},"_links":{"self":[{"href":"https:\/\/uj.adatbank.ro\/lexikon\/wp-json\/wp\/v2\/product\/10526","targetHints":{"allow":["GET"]}}],"collection":[{"href":"https:\/\/uj.adatbank.ro\/lexikon\/wp-json\/wp\/v2\/product"}],"about":[{"href":"https:\/\/uj.adatbank.ro\/lexikon\/wp-json\/wp\/v2\/types\/product"}],"replies":[{"embeddable":true,"href":"https:\/\/uj.adatbank.ro\/lexikon\/wp-json\/wp\/v2\/comments?post=10526"}],"wp:attachment":[{"href":"https:\/\/uj.adatbank.ro\/lexikon\/wp-json\/wp\/v2\/media?parent=10526"}],"wp:term":[{"taxonomy":"product_brand","embeddable":true,"href":"https:\/\/uj.adatbank.ro\/lexikon\/wp-json\/wp\/v2\/product_brand?post=10526"},{"taxonomy":"product_cat","embeddable":true,"href":"https:\/\/uj.adatbank.ro\/lexikon\/wp-json\/wp\/v2\/product_cat?post=10526"},{"taxonomy":"product_tag","embeddable":true,"href":"https:\/\/uj.adatbank.ro\/lexikon\/wp-json\/wp\/v2\/product_tag?post=10526"}],"curies":[{"name":"wp","href":"https:\/\/api.w.org\/{rel}","templated":true}]}}