{"id":10527,"date":"2025-06-29T13:23:00","date_gmt":"2025-06-29T11:23:00","guid":{"rendered":"https:\/\/uj.adatbank.ro\/lexikon\/termek\/istvanfi-marton-2\/"},"modified":"2025-06-29T13:23:00","modified_gmt":"2025-06-29T11:23:00","slug":"istvanfi-marton-2","status":"publish","type":"product","link":"https:\/\/uj.adatbank.ro\/lexikon\/termek\/istvanfi-marton-2\/","title":{"rendered":"ISTV\u00c1NFI M\u00e1rton"},"content":{"rendered":"<p>Feles\u00e9ge: Szentp\u00e9teri S\u00e1ra (1756\u20131836. j\u00fal. 28). Gyerekeik: M\u00e1rton (1776\u20131836), Antal (?\u20131819. \u00e1pr. 29.), P\u00e9ter (?\u20131848. nov. 29.), Anna (1807. jan. 4. \u2013 1818. jan. 1), S\u00e1ra (1810. okt. 25. -?). &#8212;<br \/><strong>Irod.:<\/strong> Pusk\u00e1s -Sz\u00e1sz \u00c1v\u00e9d<\/br><\/p>\n","protected":false},"excerpt":{"rendered":"<p>Feles\u00e9ge: Szentp\u00e9teri S\u00e1ra (1756\u20131836. j\u00fal. 28). Gyerekeik: M\u00e1rton (1776\u20131836), Antal (?\u20131819. \u00e1pr. 29.), P\u00e9ter (?\u20131848. nov. 29.), Anna (1807. jan. 4. \u2013 1818. jan. 1), S\u00e1ra (1810. okt. 25. -?). &#8212;Irod.: Pusk\u00e1s -Sz\u00e1sz \u00c1v\u00e9d<\/p>\n","protected":false},"featured_media":0,"comment_status":"open","ping_status":"closed","template":"","meta":[],"product_brand":[],"product_cat":[137],"product_tag":[],"class_list":{"0":"post-10527","1":"product","2":"type-product","3":"status-publish","5":"product_cat-maros-megyei-eletrajzi-lexikon","7":"first","8":"instock","9":"shipping-taxable","10":"product-type-simple"},"_links":{"self":[{"href":"https:\/\/uj.adatbank.ro\/lexikon\/wp-json\/wp\/v2\/product\/10527","targetHints":{"allow":["GET"]}}],"collection":[{"href":"https:\/\/uj.adatbank.ro\/lexikon\/wp-json\/wp\/v2\/product"}],"about":[{"href":"https:\/\/uj.adatbank.ro\/lexikon\/wp-json\/wp\/v2\/types\/product"}],"replies":[{"embeddable":true,"href":"https:\/\/uj.adatbank.ro\/lexikon\/wp-json\/wp\/v2\/comments?post=10527"}],"wp:attachment":[{"href":"https:\/\/uj.adatbank.ro\/lexikon\/wp-json\/wp\/v2\/media?parent=10527"}],"wp:term":[{"taxonomy":"product_brand","embeddable":true,"href":"https:\/\/uj.adatbank.ro\/lexikon\/wp-json\/wp\/v2\/product_brand?post=10527"},{"taxonomy":"product_cat","embeddable":true,"href":"https:\/\/uj.adatbank.ro\/lexikon\/wp-json\/wp\/v2\/product_cat?post=10527"},{"taxonomy":"product_tag","embeddable":true,"href":"https:\/\/uj.adatbank.ro\/lexikon\/wp-json\/wp\/v2\/product_tag?post=10527"}],"curies":[{"name":"wp","href":"https:\/\/api.w.org\/{rel}","templated":true}]}}