{"id":10528,"date":"2025-06-29T13:23:02","date_gmt":"2025-06-29T11:23:02","guid":{"rendered":"https:\/\/uj.adatbank.ro\/lexikon\/termek\/istvanfi-marton-3\/"},"modified":"2025-06-29T13:23:02","modified_gmt":"2025-06-29T11:23:02","slug":"istvanfi-marton-3","status":"publish","type":"product","link":"https:\/\/uj.adatbank.ro\/lexikon\/termek\/istvanfi-marton-3\/","title":{"rendered":"ISTV\u00c1NFI M\u00e1rton"},"content":{"rendered":"<p>1848.? \u2020\u00a0Mv., 1890. m\u00e1rc. 22.: keresked\u0151. \u2013 Testv\u00e9rei: Antal, feles\u00e9ge Josefi Zsuzs\u00e1nna; Anna Cs\u00e1k\u00e1ny Jo\u00e1chimn\u00e9; Mari Dragom\u00e1n Jen\u0151n\u00e9. &#8211; Mv. v\u00e1rost\u00f3l b\u00e9rbe vette az utc\u00e1k tiszt\u00edt\u00e1s\u00e1t (1876). <br \/><strong>Irod.:<\/strong> Gy\u00e1szjelent\u0151; P\u00e1l-Antal 2013<\/br><\/p>\n","protected":false},"excerpt":{"rendered":"<p>1848.? \u2020\u00a0Mv., 1890. m\u00e1rc. 22.: keresked\u0151. \u2013 Testv\u00e9rei: Antal, feles\u00e9ge Josefi Zsuzs\u00e1nna; Anna Cs\u00e1k\u00e1ny Jo\u00e1chimn\u00e9; Mari Dragom\u00e1n Jen\u0151n\u00e9. &#8211; Mv. v\u00e1rost\u00f3l b\u00e9rbe vette az utc\u00e1k tiszt\u00edt\u00e1s\u00e1t (1876). Irod.: Gy\u00e1szjelent\u0151; P\u00e1l-Antal 2013<\/p>\n","protected":false},"featured_media":0,"comment_status":"open","ping_status":"closed","template":"","meta":[],"product_brand":[],"product_cat":[137],"product_tag":[],"class_list":{"0":"post-10528","1":"product","2":"type-product","3":"status-publish","5":"product_cat-maros-megyei-eletrajzi-lexikon","7":"first","8":"instock","9":"shipping-taxable","10":"product-type-simple"},"_links":{"self":[{"href":"https:\/\/uj.adatbank.ro\/lexikon\/wp-json\/wp\/v2\/product\/10528","targetHints":{"allow":["GET"]}}],"collection":[{"href":"https:\/\/uj.adatbank.ro\/lexikon\/wp-json\/wp\/v2\/product"}],"about":[{"href":"https:\/\/uj.adatbank.ro\/lexikon\/wp-json\/wp\/v2\/types\/product"}],"replies":[{"embeddable":true,"href":"https:\/\/uj.adatbank.ro\/lexikon\/wp-json\/wp\/v2\/comments?post=10528"}],"wp:attachment":[{"href":"https:\/\/uj.adatbank.ro\/lexikon\/wp-json\/wp\/v2\/media?parent=10528"}],"wp:term":[{"taxonomy":"product_brand","embeddable":true,"href":"https:\/\/uj.adatbank.ro\/lexikon\/wp-json\/wp\/v2\/product_brand?post=10528"},{"taxonomy":"product_cat","embeddable":true,"href":"https:\/\/uj.adatbank.ro\/lexikon\/wp-json\/wp\/v2\/product_cat?post=10528"},{"taxonomy":"product_tag","embeddable":true,"href":"https:\/\/uj.adatbank.ro\/lexikon\/wp-json\/wp\/v2\/product_tag?post=10528"}],"curies":[{"name":"wp","href":"https:\/\/api.w.org\/{rel}","templated":true}]}}