{"id":10530,"date":"2025-06-29T13:23:04","date_gmt":"2025-06-29T11:23:04","guid":{"rendered":"https:\/\/uj.adatbank.ro\/lexikon\/termek\/iszalay-laszlo\/"},"modified":"2025-06-29T13:23:04","modified_gmt":"2025-06-29T11:23:04","slug":"iszalay-laszlo","status":"publish","type":"product","link":"https:\/\/uj.adatbank.ro\/lexikon\/termek\/iszalay-laszlo\/","title":{"rendered":"ISZALAY L\u00e1szl\u00f3"},"content":{"rendered":"<p>1792., \u2020\u00a0Iszl\u00f3, 1869.: marossz\u00e9ki nemes, f\u0151korm\u00e1nysz\u00e9ki titk\u00e1r. \u2013 A guberniumi titk\u00e1r (1848-ig). Hal\u00e1l\u00e1val a csal\u00e1d kihalt. S\u00edrk\u00f6ve az iszl\u00f3i templomkertben, c\u00edmere a sz\u00f3sz\u00e9k mellett van. <br \/><strong>Irod.:<\/strong> Nemes Gyula: Szakr\u00e1lis eml\u00e9kek\u2026 =  P\u00e1l-Antal \u2013 Simon; Szathm\u00e1ri Papp K\u00e1roly; Sepsisz\u00e9ki<\/br><\/p>\n","protected":false},"excerpt":{"rendered":"<p>1792., \u2020\u00a0Iszl\u00f3, 1869.: marossz\u00e9ki nemes, f\u0151korm\u00e1nysz\u00e9ki titk\u00e1r. \u2013 A guberniumi titk\u00e1r (1848-ig). Hal\u00e1l\u00e1val a csal\u00e1d kihalt. S\u00edrk\u00f6ve az iszl\u00f3i templomkertben, c\u00edmere a sz\u00f3sz\u00e9k mellett van. Irod.: Nemes Gyula: Szakr\u00e1lis eml\u00e9kek\u2026 = P\u00e1l-Antal \u2013 Simon; Szathm\u00e1ri Papp K\u00e1roly; Sepsisz\u00e9ki<\/p>\n","protected":false},"featured_media":0,"comment_status":"open","ping_status":"closed","template":"","meta":[],"product_brand":[],"product_cat":[137],"product_tag":[],"class_list":{"0":"post-10530","1":"product","2":"type-product","3":"status-publish","5":"product_cat-maros-megyei-eletrajzi-lexikon","7":"first","8":"instock","9":"shipping-taxable","10":"product-type-simple"},"_links":{"self":[{"href":"https:\/\/uj.adatbank.ro\/lexikon\/wp-json\/wp\/v2\/product\/10530","targetHints":{"allow":["GET"]}}],"collection":[{"href":"https:\/\/uj.adatbank.ro\/lexikon\/wp-json\/wp\/v2\/product"}],"about":[{"href":"https:\/\/uj.adatbank.ro\/lexikon\/wp-json\/wp\/v2\/types\/product"}],"replies":[{"embeddable":true,"href":"https:\/\/uj.adatbank.ro\/lexikon\/wp-json\/wp\/v2\/comments?post=10530"}],"wp:attachment":[{"href":"https:\/\/uj.adatbank.ro\/lexikon\/wp-json\/wp\/v2\/media?parent=10530"}],"wp:term":[{"taxonomy":"product_brand","embeddable":true,"href":"https:\/\/uj.adatbank.ro\/lexikon\/wp-json\/wp\/v2\/product_brand?post=10530"},{"taxonomy":"product_cat","embeddable":true,"href":"https:\/\/uj.adatbank.ro\/lexikon\/wp-json\/wp\/v2\/product_cat?post=10530"},{"taxonomy":"product_tag","embeddable":true,"href":"https:\/\/uj.adatbank.ro\/lexikon\/wp-json\/wp\/v2\/product_tag?post=10530"}],"curies":[{"name":"wp","href":"https:\/\/api.w.org\/{rel}","templated":true}]}}