{"id":10534,"date":"2025-06-29T13:23:13","date_gmt":"2025-06-29T11:23:13","guid":{"rendered":"https:\/\/uj.adatbank.ro\/lexikon\/termek\/iszlai-geza\/"},"modified":"2025-06-29T13:23:13","modified_gmt":"2025-06-29T11:23:13","slug":"iszlai-geza","status":"publish","type":"product","link":"https:\/\/uj.adatbank.ro\/lexikon\/termek\/iszlai-geza\/","title":{"rendered":"ISZLAI G\u00e9za"},"content":{"rendered":"<p>Torda, 1886. febr. 27. \u2020\u00a0?: \u00fcgyv\u00e9d, kir. k\u00f6zjegyz\u0151. \u2013 Apja: M\u00e1rton, egyh\u00e1zi \u00e9nekszerz\u0151, anyja: Bartha Berta. \u2013 Egyetemi v\u00e9gzetts\u00e9ge: \u00e1llamtudom\u00e1ny, zeneszerz\u00e9s, zongoratan\u00e1r. \u00dcgyv\u00e9d Ny\u00e1r\u00e1dszered\u00e1ban, majd k\u00f6zjegyz\u0151 (1940\u2013). Tanulm\u00e1ny\u00faton volt New York-ban \u00e9s t\u00f6bb eur\u00f3pai orsz\u00e1gban. Zen\u00e9t szerzett: zongoradarabokat, m\u0171dalokat. <br \/><strong>Irod.:<\/strong> Kelemen<\/br><\/p>\n","protected":false},"excerpt":{"rendered":"<p>Torda, 1886. febr. 27. \u2020\u00a0?: \u00fcgyv\u00e9d, kir. k\u00f6zjegyz\u0151. \u2013 Apja: M\u00e1rton, egyh\u00e1zi \u00e9nekszerz\u0151, anyja: Bartha Berta. \u2013 Egyetemi v\u00e9gzetts\u00e9ge: \u00e1llamtudom\u00e1ny, zeneszerz\u00e9s, zongoratan\u00e1r. \u00dcgyv\u00e9d Ny\u00e1r\u00e1dszered\u00e1ban, majd k\u00f6zjegyz\u0151 (1940\u2013). Tanulm\u00e1ny\u00faton volt New York-ban \u00e9s t\u00f6bb eur\u00f3pai orsz\u00e1gban. Zen\u00e9t szerzett: zongoradarabokat, m\u0171dalokat. Irod.: Kelemen<\/p>\n","protected":false},"featured_media":0,"comment_status":"open","ping_status":"closed","template":"","meta":[],"product_brand":[],"product_cat":[137],"product_tag":[],"class_list":{"0":"post-10534","1":"product","2":"type-product","3":"status-publish","5":"product_cat-maros-megyei-eletrajzi-lexikon","7":"first","8":"instock","9":"shipping-taxable","10":"product-type-simple"},"_links":{"self":[{"href":"https:\/\/uj.adatbank.ro\/lexikon\/wp-json\/wp\/v2\/product\/10534","targetHints":{"allow":["GET"]}}],"collection":[{"href":"https:\/\/uj.adatbank.ro\/lexikon\/wp-json\/wp\/v2\/product"}],"about":[{"href":"https:\/\/uj.adatbank.ro\/lexikon\/wp-json\/wp\/v2\/types\/product"}],"replies":[{"embeddable":true,"href":"https:\/\/uj.adatbank.ro\/lexikon\/wp-json\/wp\/v2\/comments?post=10534"}],"wp:attachment":[{"href":"https:\/\/uj.adatbank.ro\/lexikon\/wp-json\/wp\/v2\/media?parent=10534"}],"wp:term":[{"taxonomy":"product_brand","embeddable":true,"href":"https:\/\/uj.adatbank.ro\/lexikon\/wp-json\/wp\/v2\/product_brand?post=10534"},{"taxonomy":"product_cat","embeddable":true,"href":"https:\/\/uj.adatbank.ro\/lexikon\/wp-json\/wp\/v2\/product_cat?post=10534"},{"taxonomy":"product_tag","embeddable":true,"href":"https:\/\/uj.adatbank.ro\/lexikon\/wp-json\/wp\/v2\/product_tag?post=10534"}],"curies":[{"name":"wp","href":"https:\/\/api.w.org\/{rel}","templated":true}]}}