{"id":10536,"date":"2025-06-29T13:23:16","date_gmt":"2025-06-29T11:23:16","guid":{"rendered":"https:\/\/uj.adatbank.ro\/lexikon\/termek\/iszlai-janos\/"},"modified":"2025-06-29T13:23:16","modified_gmt":"2025-06-29T11:23:16","slug":"iszlai-janos","status":"publish","type":"product","link":"https:\/\/uj.adatbank.ro\/lexikon\/termek\/iszlai-janos\/","title":{"rendered":"ISZLAI J\u00e1nos"},"content":{"rendered":"<p>M\u00e1ja, 1911. j\u00fal, 20. \u2020\u00a01944. nov. 1.: honv\u00e9d. \u2013 Nagy J\u00falia fia. \u2013 Az 57\/III. z\u00e1szl\u00f3aljban honv\u00e9d. L\u00f6v\u00e9st\u0151l sebes\u00fclten a X \/ 1. t\u00e1bori k\u00f3rh\u00e1zban halt meg. <br \/><strong>Irod.:<\/strong> Berekm\u00e9ri 2015<\/br><\/p>\n","protected":false},"excerpt":{"rendered":"<p>M\u00e1ja, 1911. j\u00fal, 20. \u2020\u00a01944. nov. 1.: honv\u00e9d. \u2013 Nagy J\u00falia fia. \u2013 Az 57\/III. z\u00e1szl\u00f3aljban honv\u00e9d. L\u00f6v\u00e9st\u0151l sebes\u00fclten a X \/ 1. t\u00e1bori k\u00f3rh\u00e1zban halt meg. Irod.: Berekm\u00e9ri 2015<\/p>\n","protected":false},"featured_media":0,"comment_status":"open","ping_status":"closed","template":"","meta":[],"product_brand":[],"product_cat":[137],"product_tag":[],"class_list":{"0":"post-10536","1":"product","2":"type-product","3":"status-publish","5":"product_cat-maros-megyei-eletrajzi-lexikon","7":"first","8":"instock","9":"shipping-taxable","10":"product-type-simple"},"_links":{"self":[{"href":"https:\/\/uj.adatbank.ro\/lexikon\/wp-json\/wp\/v2\/product\/10536","targetHints":{"allow":["GET"]}}],"collection":[{"href":"https:\/\/uj.adatbank.ro\/lexikon\/wp-json\/wp\/v2\/product"}],"about":[{"href":"https:\/\/uj.adatbank.ro\/lexikon\/wp-json\/wp\/v2\/types\/product"}],"replies":[{"embeddable":true,"href":"https:\/\/uj.adatbank.ro\/lexikon\/wp-json\/wp\/v2\/comments?post=10536"}],"wp:attachment":[{"href":"https:\/\/uj.adatbank.ro\/lexikon\/wp-json\/wp\/v2\/media?parent=10536"}],"wp:term":[{"taxonomy":"product_brand","embeddable":true,"href":"https:\/\/uj.adatbank.ro\/lexikon\/wp-json\/wp\/v2\/product_brand?post=10536"},{"taxonomy":"product_cat","embeddable":true,"href":"https:\/\/uj.adatbank.ro\/lexikon\/wp-json\/wp\/v2\/product_cat?post=10536"},{"taxonomy":"product_tag","embeddable":true,"href":"https:\/\/uj.adatbank.ro\/lexikon\/wp-json\/wp\/v2\/product_tag?post=10536"}],"curies":[{"name":"wp","href":"https:\/\/api.w.org\/{rel}","templated":true}]}}