{"id":10537,"date":"2025-06-29T13:23:18","date_gmt":"2025-06-29T11:23:18","guid":{"rendered":"https:\/\/uj.adatbank.ro\/lexikon\/termek\/iszlai-jozsef-iklandi-iszlayjozsef\/"},"modified":"2025-06-29T13:23:18","modified_gmt":"2025-06-29T11:23:18","slug":"iszlai-jozsef-iklandi-iszlayjozsef","status":"publish","type":"product","link":"https:\/\/uj.adatbank.ro\/lexikon\/termek\/iszlai-jozsef-iklandi-iszlayjozsef\/","title":{"rendered":"ISZLAI J\u00f3zsef, iklandi, IszlayJ\u00f3zsef"},"content":{"rendered":"<p>Dics\u0151szentm\u00e1rton, 1840. \u00e1pr. 2. \u2020 Bp., 1903. m\u00e1j. 26.: fogorvos, egyetemi tan\u00e1r. \u2013 A k\u00f6z\u00e9piskol\u00e1t a sz\u00e9kelykereszt\u00fari Unit. gimn. -ban v\u00e9gezte, ennek befejez\u00e9se ut\u00e1n a pesti egyetem jogi kar\u00e1ra iratkozott be, majd otthagyta \u00e9s orvosi tanulm\u00e1nyokat folytatott, a pesti egyetemen orvosdoktori diplom\u00e1t szerzett (1867), sz\u00fcl\u00e9szmesteri oklevelet kapott B\u00e9csben (1868); seb\u00e9szdoktori diplom\u00e1t (1869) kapott. A pesti egyetemen Kov\u00e1cs seb\u00e9sz prof. klinik\u00e1j\u00e1n asszisztens; Selmecb\u00e1ny\u00e1n b\u00e1nyaorvos, m\u0171t\u0151orvos; fog\u00e1szatot tanult Londonban majd P\u00e1rizsban \u00e9s Berlinben (1872\u201374); Bp.-en fogorvos saj\u00e1t rendel\u0151j\u00e9ben (1874\u2013). A fog\u00e1szat mag\u00e1ntan\u00e1ra lett a Pesti egyetemen (1881\/82\u2013). L\u00e9trehozta a K\u00f6zponti M. Fogtani T\u00e1rsulatot (1889), amelynek eln\u00f6ke lett. L\u00e9trehozta, szerkesztette, \u00edrta Bp.-en az els\u0151 m. fogorvosi szaklapot, Odontosk\u00f3p c. -mel (1892\u201397). Kinevezt\u00e9k az el\u0151k\u00e9sz\u00edt\u0151 fog\u00e1szat c. ny. rk. tan\u00e1r\u00e1v\u00e1 (1901. febr.) \u00e9s klinik\u00e1t l\u00e9tes\u00edtett (1902). Cikke a Term\u00e9szettudom\u00e1nyi K\u00f6zl\u00f6nyben. Dolgozotainak t\u00e9m\u00e1i: A fogb\u00e9l kit\u0151lt\u00e9s\u00e9r\u0151l. Az \u00e9p fogak koron\u00e1inak megl\u00e9kez\u00e9s\u00e9r\u0151l. Az eml\u0151s \u00e1llatok t\u00e1pl\u00e1lkoz\u00e1si m\u00f3djai. Fog\u00e1szatbeli k\u00fcl\u00f6mbs\u00e9gek. Az emberi fogak eg\u00e9szs\u00e9gtana. <br \/><strong>Irod.:<\/strong> Guly\u00e1s; H\u00f6gyes; Kelemen; P\u00e1lmay; P\u00e9ter Mih\u00e1ly 2006; Szinnyei<\/br><\/p>\n","protected":false},"excerpt":{"rendered":"<p>Dics\u0151szentm\u00e1rton, 1840. \u00e1pr. 2. \u2020 Bp., 1903. m\u00e1j. 26.: fogorvos, egyetemi tan\u00e1r. \u2013 A k\u00f6z\u00e9piskol\u00e1t a sz\u00e9kelykereszt\u00fari Unit. gimn. -ban v\u00e9gezte, ennek befejez\u00e9se ut\u00e1n a pesti egyetem jogi kar\u00e1ra iratkozott be, majd otthagyta \u00e9s orvosi tanulm\u00e1nyokat folytatott, a pesti egyetemen orvosdoktori diplom\u00e1t szerzett (1867), sz\u00fcl\u00e9szmesteri oklevelet kapott B\u00e9csben (1868); seb\u00e9szdoktori diplom\u00e1t (1869) kapott. A pesti [&hellip;]<\/p>\n","protected":false},"featured_media":0,"comment_status":"open","ping_status":"closed","template":"","meta":[],"product_brand":[],"product_cat":[137],"product_tag":[],"class_list":{"0":"post-10537","1":"product","2":"type-product","3":"status-publish","5":"product_cat-maros-megyei-eletrajzi-lexikon","7":"first","8":"instock","9":"shipping-taxable","10":"product-type-simple"},"_links":{"self":[{"href":"https:\/\/uj.adatbank.ro\/lexikon\/wp-json\/wp\/v2\/product\/10537","targetHints":{"allow":["GET"]}}],"collection":[{"href":"https:\/\/uj.adatbank.ro\/lexikon\/wp-json\/wp\/v2\/product"}],"about":[{"href":"https:\/\/uj.adatbank.ro\/lexikon\/wp-json\/wp\/v2\/types\/product"}],"replies":[{"embeddable":true,"href":"https:\/\/uj.adatbank.ro\/lexikon\/wp-json\/wp\/v2\/comments?post=10537"}],"wp:attachment":[{"href":"https:\/\/uj.adatbank.ro\/lexikon\/wp-json\/wp\/v2\/media?parent=10537"}],"wp:term":[{"taxonomy":"product_brand","embeddable":true,"href":"https:\/\/uj.adatbank.ro\/lexikon\/wp-json\/wp\/v2\/product_brand?post=10537"},{"taxonomy":"product_cat","embeddable":true,"href":"https:\/\/uj.adatbank.ro\/lexikon\/wp-json\/wp\/v2\/product_cat?post=10537"},{"taxonomy":"product_tag","embeddable":true,"href":"https:\/\/uj.adatbank.ro\/lexikon\/wp-json\/wp\/v2\/product_tag?post=10537"}],"curies":[{"name":"wp","href":"https:\/\/api.w.org\/{rel}","templated":true}]}}