{"id":10538,"date":"2025-06-29T13:23:22","date_gmt":"2025-06-29T11:23:22","guid":{"rendered":"https:\/\/uj.adatbank.ro\/lexikon\/termek\/iszlai-lajos-iszloi\/"},"modified":"2025-06-29T13:23:22","modified_gmt":"2025-06-29T11:23:22","slug":"iszlai-lajos-iszloi","status":"publish","type":"product","link":"https:\/\/uj.adatbank.ro\/lexikon\/termek\/iszlai-lajos-iszloi\/","title":{"rendered":"ISZLAI Lajos iszl\u00f3i"},"content":{"rendered":"<p>? \u2020\u00a0?: \u00fcgyv\u00e9d. \u2013 K\u00fck\u00fcll\u0151megyei \u00fcgyv\u00e9d (1833). T\u00f6bbsz\u00f6r volt a megye k\u00f6vete. <br \/><strong>Irod.:<\/strong> K\u0151v\u00e1ry L\u00e1szl\u00f3 1899; P\u00e1lffy; P\u00e1lmay<\/br><\/p>\n","protected":false},"excerpt":{"rendered":"<p>? \u2020\u00a0?: \u00fcgyv\u00e9d. \u2013 K\u00fck\u00fcll\u0151megyei \u00fcgyv\u00e9d (1833). T\u00f6bbsz\u00f6r volt a megye k\u00f6vete. Irod.: K\u0151v\u00e1ry L\u00e1szl\u00f3 1899; P\u00e1lffy; P\u00e1lmay<\/p>\n","protected":false},"featured_media":0,"comment_status":"open","ping_status":"closed","template":"","meta":[],"product_brand":[],"product_cat":[137],"product_tag":[],"class_list":{"0":"post-10538","1":"product","2":"type-product","3":"status-publish","5":"product_cat-maros-megyei-eletrajzi-lexikon","7":"first","8":"instock","9":"shipping-taxable","10":"product-type-simple"},"_links":{"self":[{"href":"https:\/\/uj.adatbank.ro\/lexikon\/wp-json\/wp\/v2\/product\/10538","targetHints":{"allow":["GET"]}}],"collection":[{"href":"https:\/\/uj.adatbank.ro\/lexikon\/wp-json\/wp\/v2\/product"}],"about":[{"href":"https:\/\/uj.adatbank.ro\/lexikon\/wp-json\/wp\/v2\/types\/product"}],"replies":[{"embeddable":true,"href":"https:\/\/uj.adatbank.ro\/lexikon\/wp-json\/wp\/v2\/comments?post=10538"}],"wp:attachment":[{"href":"https:\/\/uj.adatbank.ro\/lexikon\/wp-json\/wp\/v2\/media?parent=10538"}],"wp:term":[{"taxonomy":"product_brand","embeddable":true,"href":"https:\/\/uj.adatbank.ro\/lexikon\/wp-json\/wp\/v2\/product_brand?post=10538"},{"taxonomy":"product_cat","embeddable":true,"href":"https:\/\/uj.adatbank.ro\/lexikon\/wp-json\/wp\/v2\/product_cat?post=10538"},{"taxonomy":"product_tag","embeddable":true,"href":"https:\/\/uj.adatbank.ro\/lexikon\/wp-json\/wp\/v2\/product_tag?post=10538"}],"curies":[{"name":"wp","href":"https:\/\/api.w.org\/{rel}","templated":true}]}}