{"id":10539,"date":"2025-06-29T13:23:24","date_gmt":"2025-06-29T11:23:24","guid":{"rendered":"https:\/\/uj.adatbank.ro\/lexikon\/termek\/iszlai-lajos-iszlai-ludovic\/"},"modified":"2025-06-29T13:23:24","modified_gmt":"2025-06-29T11:23:24","slug":"iszlai-lajos-iszlai-ludovic","status":"publish","type":"product","link":"https:\/\/uj.adatbank.ro\/lexikon\/termek\/iszlai-lajos-iszlai-ludovic\/","title":{"rendered":"ISZLAI Lajos, Iszlai Ludovic"},"content":{"rendered":"<p>Mez\u0151b\u00e1nd, 1908., \u2020 Mez\u0151b\u00e1nd, ?: f\u00f6ldm\u0171ves. \u2013 A b\u00e1ndi Als\u00f3 \u2013t\u00f3 k\u00f6zel\u00e9ben lakott, amely az \u00e9vsz\u00e1zadok sor\u00e1n t\u00f6bb f\u00f6ldbirtokos tulajdon\u00e1t k\u00e9pezte. Egy nagy \u00e1rad\u00e1s g\u00e1tj\u00e1t \u00e1tszak\u00edtotta, \u00fcled\u00e9kes feneke j\u00f3 mez\u0151gazdas\u00e1gi ter\u00fclett\u00e9 v\u00e1ltozott (1933- ). A vad\u00e1szt\u00e1rsas\u00e1g akt\u00edv tagja (1940). <br \/><strong>Irod.:<\/strong> Mez\u0151b\u00e1nd; Societatea de V\u00e2n\u0103toare \u201eApostolii\u201d Tg. Mure\u015f (Tg. M., 1941)<\/br><\/p>\n","protected":false},"excerpt":{"rendered":"<p>Mez\u0151b\u00e1nd, 1908., \u2020 Mez\u0151b\u00e1nd, ?: f\u00f6ldm\u0171ves. \u2013 A b\u00e1ndi Als\u00f3 \u2013t\u00f3 k\u00f6zel\u00e9ben lakott, amely az \u00e9vsz\u00e1zadok sor\u00e1n t\u00f6bb f\u00f6ldbirtokos tulajdon\u00e1t k\u00e9pezte. Egy nagy \u00e1rad\u00e1s g\u00e1tj\u00e1t \u00e1tszak\u00edtotta, \u00fcled\u00e9kes feneke j\u00f3 mez\u0151gazdas\u00e1gi ter\u00fclett\u00e9 v\u00e1ltozott (1933- ). A vad\u00e1szt\u00e1rsas\u00e1g akt\u00edv tagja (1940). Irod.: Mez\u0151b\u00e1nd; Societatea de V\u00e2n\u0103toare \u201eApostolii\u201d Tg. Mure\u015f (Tg. M., 1941)<\/p>\n","protected":false},"featured_media":0,"comment_status":"open","ping_status":"closed","template":"","meta":[],"product_brand":[],"product_cat":[137],"product_tag":[],"class_list":{"0":"post-10539","1":"product","2":"type-product","3":"status-publish","5":"product_cat-maros-megyei-eletrajzi-lexikon","7":"first","8":"instock","9":"shipping-taxable","10":"product-type-simple"},"_links":{"self":[{"href":"https:\/\/uj.adatbank.ro\/lexikon\/wp-json\/wp\/v2\/product\/10539","targetHints":{"allow":["GET"]}}],"collection":[{"href":"https:\/\/uj.adatbank.ro\/lexikon\/wp-json\/wp\/v2\/product"}],"about":[{"href":"https:\/\/uj.adatbank.ro\/lexikon\/wp-json\/wp\/v2\/types\/product"}],"replies":[{"embeddable":true,"href":"https:\/\/uj.adatbank.ro\/lexikon\/wp-json\/wp\/v2\/comments?post=10539"}],"wp:attachment":[{"href":"https:\/\/uj.adatbank.ro\/lexikon\/wp-json\/wp\/v2\/media?parent=10539"}],"wp:term":[{"taxonomy":"product_brand","embeddable":true,"href":"https:\/\/uj.adatbank.ro\/lexikon\/wp-json\/wp\/v2\/product_brand?post=10539"},{"taxonomy":"product_cat","embeddable":true,"href":"https:\/\/uj.adatbank.ro\/lexikon\/wp-json\/wp\/v2\/product_cat?post=10539"},{"taxonomy":"product_tag","embeddable":true,"href":"https:\/\/uj.adatbank.ro\/lexikon\/wp-json\/wp\/v2\/product_tag?post=10539"}],"curies":[{"name":"wp","href":"https:\/\/api.w.org\/{rel}","templated":true}]}}