{"id":10541,"date":"2025-06-29T13:23:27","date_gmt":"2025-06-29T11:23:27","guid":{"rendered":"https:\/\/uj.adatbank.ro\/lexikon\/termek\/iszlai-marton\/"},"modified":"2025-06-29T13:23:27","modified_gmt":"2025-06-29T11:23:27","slug":"iszlai-marton","status":"publish","type":"product","link":"https:\/\/uj.adatbank.ro\/lexikon\/termek\/iszlai-marton\/","title":{"rendered":"ISZLAI M\u00e1rton"},"content":{"rendered":"<p>Szentgerice, 1849. nov. 2., \u2020\u00a0Kv., 1914. m\u00e1j. 5.: unit. k\u00e1ntortan\u00edt\u00f3, zeneszerz\u0151. \u2013 Apja: Ferenc, gazd\u00e1lkod\u00f3 (\u20201892). Anyja: bartha Berta. \u2013 K\u00f6z\u00e9piskol\u00e1it a sz\u00e9kelykereszt\u00fari \u00e9s a kv.-i Unit\u00e1rius Gimn. -ban v\u00e9gezte (1870); Kv.-on mag\u00e1ntanul\u00f3 a teol\u00f3gi\u00e1n, k\u00f6zben Tord\u00e1n k\u00e1ntortan\u00edt\u00f3 (1870\u2013). A tordai unit. iskol\u00e1ban tan\u00edtott (1872\u201388). Dal\u00e1rd\u00e1j\u00e1val ez\u00fcst koszor\u00fat nyert (1980). Kv.-on tev\u00e9kenykedett az Unit\u00e1rius Iskol\u00e1ban (1888\u20131911). A Kolozsmegyei Tan\u00edt\u00f3test\u00fclet eln\u00f6ke (1893\u2013), a zsinati \u00e9s f\u0151tan\u00e1csi gy\u0171l\u00e9seknek rendes referense. Az Erd\u00e9lyr\u00e9szi Dalsz\u00f6vets\u00e9g karnagya (1907\u2013). Zeneszerz\u00e9ssel is foglalkozott, az egyh\u00e1zi \u00e9nekesk\u00f6nyvben 14 \u00e9nekkel szerepelt, az eredeti egyh\u00e1zi dalaival h\u00e1rom\u00edzben nyert p\u00e1lyad\u00edjat. <strong>Cikkei:<\/strong> Csal\u00e1d \u00e9s Iskola, Kelet, M. Polg\u00e1r, Erd\u00e9lyi H\u00edrad\u00f3, Kolozsv\u00e1r, Ellenz\u00e9k, Kereszt\u00e9ny Magvet\u0151ben. \u2013 <strong>F. m.:<\/strong> Unit\u00e1rius egyh\u00e1zi \u00e9nekek gy\u0171jtem\u00e9nye (Kv, 1896); az Unit\u00e1riusok \u00faj Temet\u00e9si k\u00f6nyv\u00e9hez 15 eredeti dalt kompon\u00e1lt; <strong>szerk.:<\/strong> Eml\u00e9klap: a Tordai Dalk\u00f6r z\u00e1szl\u00f3szentel\u00e9si \u00fcnnep\u00e9lye alkalm\u00e1b\u00f3l (Kv., 1883), Egyh\u00e1zi \u00e9nekek gy\u0171jtem\u00e9nye (1896). Eml\u00e9klap a kv.-i Dalegylet 25. \u00e9vi jubil \u00fcnnep\u00e9lye alkalm\u00e1b\u00f3l (Kv., 1899). <br \/><strong>Irod.:<\/strong> Ga\u00e1l 2001; Guly\u00e1s; Kelemen; Szinnyei<\/br><\/p>\n","protected":false},"excerpt":{"rendered":"<p>Szentgerice, 1849. nov. 2., \u2020\u00a0Kv., 1914. m\u00e1j. 5.: unit. k\u00e1ntortan\u00edt\u00f3, zeneszerz\u0151. \u2013 Apja: Ferenc, gazd\u00e1lkod\u00f3 (\u20201892). Anyja: bartha Berta. \u2013 K\u00f6z\u00e9piskol\u00e1it a sz\u00e9kelykereszt\u00fari \u00e9s a kv.-i Unit\u00e1rius Gimn. -ban v\u00e9gezte (1870); Kv.-on mag\u00e1ntanul\u00f3 a teol\u00f3gi\u00e1n, k\u00f6zben Tord\u00e1n k\u00e1ntortan\u00edt\u00f3 (1870\u2013). A tordai unit. iskol\u00e1ban tan\u00edtott (1872\u201388). Dal\u00e1rd\u00e1j\u00e1val ez\u00fcst koszor\u00fat nyert (1980). Kv.-on tev\u00e9kenykedett az Unit\u00e1rius Iskol\u00e1ban [&hellip;]<\/p>\n","protected":false},"featured_media":0,"comment_status":"open","ping_status":"closed","template":"","meta":[],"product_brand":[],"product_cat":[137],"product_tag":[],"class_list":{"0":"post-10541","1":"product","2":"type-product","3":"status-publish","5":"product_cat-maros-megyei-eletrajzi-lexikon","7":"first","8":"instock","9":"shipping-taxable","10":"product-type-simple"},"_links":{"self":[{"href":"https:\/\/uj.adatbank.ro\/lexikon\/wp-json\/wp\/v2\/product\/10541","targetHints":{"allow":["GET"]}}],"collection":[{"href":"https:\/\/uj.adatbank.ro\/lexikon\/wp-json\/wp\/v2\/product"}],"about":[{"href":"https:\/\/uj.adatbank.ro\/lexikon\/wp-json\/wp\/v2\/types\/product"}],"replies":[{"embeddable":true,"href":"https:\/\/uj.adatbank.ro\/lexikon\/wp-json\/wp\/v2\/comments?post=10541"}],"wp:attachment":[{"href":"https:\/\/uj.adatbank.ro\/lexikon\/wp-json\/wp\/v2\/media?parent=10541"}],"wp:term":[{"taxonomy":"product_brand","embeddable":true,"href":"https:\/\/uj.adatbank.ro\/lexikon\/wp-json\/wp\/v2\/product_brand?post=10541"},{"taxonomy":"product_cat","embeddable":true,"href":"https:\/\/uj.adatbank.ro\/lexikon\/wp-json\/wp\/v2\/product_cat?post=10541"},{"taxonomy":"product_tag","embeddable":true,"href":"https:\/\/uj.adatbank.ro\/lexikon\/wp-json\/wp\/v2\/product_tag?post=10541"}],"curies":[{"name":"wp","href":"https:\/\/api.w.org\/{rel}","templated":true}]}}