{"id":10545,"date":"2025-06-29T13:23:34","date_gmt":"2025-06-29T11:23:34","guid":{"rendered":"https:\/\/uj.adatbank.ro\/lexikon\/termek\/iszlal-jozsef\/"},"modified":"2025-06-29T13:23:34","modified_gmt":"2025-06-29T11:23:34","slug":"iszlal-jozsef","status":"publish","type":"product","link":"https:\/\/uj.adatbank.ro\/lexikon\/termek\/iszlal-jozsef\/","title":{"rendered":"ISZL\u00c1L J\u00f3zsef"},"content":{"rendered":"<p>Dics\u0151szentm\u00e1rton, 1840., \u2020\u00a0?: orvos. &#8211; Tanult a B\u00e9csi Egy. Orvostud. Kar\u00e1n (1866), a pesti egy.-en el\u0151bb a Jogi majd Orvosi Karon, ahol orvosdoktori (1867), majd seb\u00e9szdoktori, szem\u00e9sz- \u00e9s sz\u00fcl\u00e9szmesteri diplom\u00e1t szerzett. K\u00e9t \u00e9vog m\u0171t\u0151sn\u00f6vend\u00e9k, majd a selmecb\u00e1nyai ker. M\u0171t\u0151orvosa (\u20131873). Londonban fog\u00e1szatot tanult (1872\u201374). Pesten volt fogorvos, majd a bp.-i egy. \u2013en mag\u00e1ntan\u00e1r (1881\u2013), c\u00edmzetes, nyilv\u00e1nos rendk\u00edv\u00f3li tan\u00e1r (1902\u2013). <br \/><strong>Irod.:<\/strong> Szab\u00f3\u2013Simon\u2013Sz\u00f6gi<\/br><\/p>\n","protected":false},"excerpt":{"rendered":"<p>Dics\u0151szentm\u00e1rton, 1840., \u2020\u00a0?: orvos. &#8211; Tanult a B\u00e9csi Egy. Orvostud. Kar\u00e1n (1866), a pesti egy.-en el\u0151bb a Jogi majd Orvosi Karon, ahol orvosdoktori (1867), majd seb\u00e9szdoktori, szem\u00e9sz- \u00e9s sz\u00fcl\u00e9szmesteri diplom\u00e1t szerzett. K\u00e9t \u00e9vog m\u0171t\u0151sn\u00f6vend\u00e9k, majd a selmecb\u00e1nyai ker. M\u0171t\u0151orvosa (\u20131873). Londonban fog\u00e1szatot tanult (1872\u201374). Pesten volt fogorvos, majd a bp.-i egy. \u2013en mag\u00e1ntan\u00e1r (1881\u2013), c\u00edmzetes, [&hellip;]<\/p>\n","protected":false},"featured_media":0,"comment_status":"open","ping_status":"closed","template":"","meta":[],"product_brand":[],"product_cat":[137],"product_tag":[],"class_list":{"0":"post-10545","1":"product","2":"type-product","3":"status-publish","5":"product_cat-maros-megyei-eletrajzi-lexikon","7":"first","8":"instock","9":"shipping-taxable","10":"product-type-simple"},"_links":{"self":[{"href":"https:\/\/uj.adatbank.ro\/lexikon\/wp-json\/wp\/v2\/product\/10545","targetHints":{"allow":["GET"]}}],"collection":[{"href":"https:\/\/uj.adatbank.ro\/lexikon\/wp-json\/wp\/v2\/product"}],"about":[{"href":"https:\/\/uj.adatbank.ro\/lexikon\/wp-json\/wp\/v2\/types\/product"}],"replies":[{"embeddable":true,"href":"https:\/\/uj.adatbank.ro\/lexikon\/wp-json\/wp\/v2\/comments?post=10545"}],"wp:attachment":[{"href":"https:\/\/uj.adatbank.ro\/lexikon\/wp-json\/wp\/v2\/media?parent=10545"}],"wp:term":[{"taxonomy":"product_brand","embeddable":true,"href":"https:\/\/uj.adatbank.ro\/lexikon\/wp-json\/wp\/v2\/product_brand?post=10545"},{"taxonomy":"product_cat","embeddable":true,"href":"https:\/\/uj.adatbank.ro\/lexikon\/wp-json\/wp\/v2\/product_cat?post=10545"},{"taxonomy":"product_tag","embeddable":true,"href":"https:\/\/uj.adatbank.ro\/lexikon\/wp-json\/wp\/v2\/product_tag?post=10545"}],"curies":[{"name":"wp","href":"https:\/\/api.w.org\/{rel}","templated":true}]}}