{"id":10547,"date":"2025-06-29T13:23:37","date_gmt":"2025-06-29T11:23:37","guid":{"rendered":"https:\/\/uj.adatbank.ro\/lexikon\/termek\/iszlay-etel\/"},"modified":"2025-06-29T13:23:37","modified_gmt":"2025-06-29T11:23:37","slug":"iszlay-etel","status":"publish","type":"product","link":"https:\/\/uj.adatbank.ro\/lexikon\/termek\/iszlay-etel\/","title":{"rendered":"ISZLAY Etel"},"content":{"rendered":"<p>Torda, ? \u2020\u00a0?: tan\u00edt\u00f3n\u0151. \u2013 Oklevele megszerz\u00e9se ut\u00e1n Medgyesfalv\u00e1n kezdte pedag\u00f3giai munk\u00e1ss\u00e1g\u00e1t, onnan Bethlenfalv\u00e1ra ker\u00fclt, nyugalomba vonult (1935). Azut\u00e1n Mv.-en \u00e9lt. Hossz\u00fa pedag\u00f3giai m\u0171k\u00f6d\u00e9se alatt keze al\u00f3l sz\u00e1mos nagytud\u00e1s\u00fa \u00e9s nagynev\u0171 tan\u00edtv\u00e1ny ker\u00fclt ki. <br \/><strong>Irod.:<\/strong> Sz\u00e9kelyf\u00f6ld \u00ed. k.<\/br><\/p>\n","protected":false},"excerpt":{"rendered":"<p>Torda, ? \u2020\u00a0?: tan\u00edt\u00f3n\u0151. \u2013 Oklevele megszerz\u00e9se ut\u00e1n Medgyesfalv\u00e1n kezdte pedag\u00f3giai munk\u00e1ss\u00e1g\u00e1t, onnan Bethlenfalv\u00e1ra ker\u00fclt, nyugalomba vonult (1935). Azut\u00e1n Mv.-en \u00e9lt. Hossz\u00fa pedag\u00f3giai m\u0171k\u00f6d\u00e9se alatt keze al\u00f3l sz\u00e1mos nagytud\u00e1s\u00fa \u00e9s nagynev\u0171 tan\u00edtv\u00e1ny ker\u00fclt ki. Irod.: Sz\u00e9kelyf\u00f6ld \u00ed. k.<\/p>\n","protected":false},"featured_media":0,"comment_status":"open","ping_status":"closed","template":"","meta":[],"product_brand":[],"product_cat":[137],"product_tag":[],"class_list":{"0":"post-10547","1":"product","2":"type-product","3":"status-publish","5":"product_cat-maros-megyei-eletrajzi-lexikon","7":"first","8":"instock","9":"shipping-taxable","10":"product-type-simple"},"_links":{"self":[{"href":"https:\/\/uj.adatbank.ro\/lexikon\/wp-json\/wp\/v2\/product\/10547","targetHints":{"allow":["GET"]}}],"collection":[{"href":"https:\/\/uj.adatbank.ro\/lexikon\/wp-json\/wp\/v2\/product"}],"about":[{"href":"https:\/\/uj.adatbank.ro\/lexikon\/wp-json\/wp\/v2\/types\/product"}],"replies":[{"embeddable":true,"href":"https:\/\/uj.adatbank.ro\/lexikon\/wp-json\/wp\/v2\/comments?post=10547"}],"wp:attachment":[{"href":"https:\/\/uj.adatbank.ro\/lexikon\/wp-json\/wp\/v2\/media?parent=10547"}],"wp:term":[{"taxonomy":"product_brand","embeddable":true,"href":"https:\/\/uj.adatbank.ro\/lexikon\/wp-json\/wp\/v2\/product_brand?post=10547"},{"taxonomy":"product_cat","embeddable":true,"href":"https:\/\/uj.adatbank.ro\/lexikon\/wp-json\/wp\/v2\/product_cat?post=10547"},{"taxonomy":"product_tag","embeddable":true,"href":"https:\/\/uj.adatbank.ro\/lexikon\/wp-json\/wp\/v2\/product_tag?post=10547"}],"curies":[{"name":"wp","href":"https:\/\/api.w.org\/{rel}","templated":true}]}}