{"id":10551,"date":"2025-06-29T13:23:46","date_gmt":"2025-06-29T11:23:46","guid":{"rendered":"https:\/\/uj.adatbank.ro\/lexikon\/termek\/iszlay-jozsef-g\/"},"modified":"2025-06-29T13:23:46","modified_gmt":"2025-06-29T11:23:46","slug":"iszlay-jozsef-g","status":"publish","type":"product","link":"https:\/\/uj.adatbank.ro\/lexikon\/termek\/iszlay-jozsef-g\/","title":{"rendered":"ISZLAY J\u00f3zsef G"},"content":{"rendered":"<p>Ny\u00e1r\u00e1dmagyar\u00f3s, 1901., \u2020\u00a0?: gazd\u00e1lkod\u00f3 \u00e9s cs\u00e9pl\u0151g\u00e9ptulajdonos. &#8211; Iskol\u00e1i elv\u00e9gz\u00e9se ut\u00e1n gazd\u00e1lkodni kezdett sz\u00fcl\u0151faluj\u00e1ban \u00e9s g\u00e9pkezel\u0151 tanfolyamot v\u00e9gzett, cs\u00e9pl\u0151g\u00e9pet vett, amit maga kezelt. A MP tagja, a Tejsz\u00f6vetkezet igazgat\u00f3ja, minden szoci\u00e1lis \u00e9s kult\u00farint\u00e9zm\u00e9ny t\u00e1mogat\u00f3ja volt. <br \/><strong>Irod.:<\/strong> Sz\u00e9kelyf\u00f6ld \u00ed. k.<\/br><\/p>\n","protected":false},"excerpt":{"rendered":"<p>Ny\u00e1r\u00e1dmagyar\u00f3s, 1901., \u2020\u00a0?: gazd\u00e1lkod\u00f3 \u00e9s cs\u00e9pl\u0151g\u00e9ptulajdonos. &#8211; Iskol\u00e1i elv\u00e9gz\u00e9se ut\u00e1n gazd\u00e1lkodni kezdett sz\u00fcl\u0151faluj\u00e1ban \u00e9s g\u00e9pkezel\u0151 tanfolyamot v\u00e9gzett, cs\u00e9pl\u0151g\u00e9pet vett, amit maga kezelt. A MP tagja, a Tejsz\u00f6vetkezet igazgat\u00f3ja, minden szoci\u00e1lis \u00e9s kult\u00farint\u00e9zm\u00e9ny t\u00e1mogat\u00f3ja volt. Irod.: Sz\u00e9kelyf\u00f6ld \u00ed. k.<\/p>\n","protected":false},"featured_media":0,"comment_status":"open","ping_status":"closed","template":"","meta":[],"product_brand":[],"product_cat":[137],"product_tag":[],"class_list":{"0":"post-10551","1":"product","2":"type-product","3":"status-publish","5":"product_cat-maros-megyei-eletrajzi-lexikon","7":"first","8":"instock","9":"shipping-taxable","10":"product-type-simple"},"_links":{"self":[{"href":"https:\/\/uj.adatbank.ro\/lexikon\/wp-json\/wp\/v2\/product\/10551","targetHints":{"allow":["GET"]}}],"collection":[{"href":"https:\/\/uj.adatbank.ro\/lexikon\/wp-json\/wp\/v2\/product"}],"about":[{"href":"https:\/\/uj.adatbank.ro\/lexikon\/wp-json\/wp\/v2\/types\/product"}],"replies":[{"embeddable":true,"href":"https:\/\/uj.adatbank.ro\/lexikon\/wp-json\/wp\/v2\/comments?post=10551"}],"wp:attachment":[{"href":"https:\/\/uj.adatbank.ro\/lexikon\/wp-json\/wp\/v2\/media?parent=10551"}],"wp:term":[{"taxonomy":"product_brand","embeddable":true,"href":"https:\/\/uj.adatbank.ro\/lexikon\/wp-json\/wp\/v2\/product_brand?post=10551"},{"taxonomy":"product_cat","embeddable":true,"href":"https:\/\/uj.adatbank.ro\/lexikon\/wp-json\/wp\/v2\/product_cat?post=10551"},{"taxonomy":"product_tag","embeddable":true,"href":"https:\/\/uj.adatbank.ro\/lexikon\/wp-json\/wp\/v2\/product_tag?post=10551"}],"curies":[{"name":"wp","href":"https:\/\/api.w.org\/{rel}","templated":true}]}}