{"id":10553,"date":"2025-06-29T13:23:48","date_gmt":"2025-06-29T11:23:48","guid":{"rendered":"https:\/\/uj.adatbank.ro\/lexikon\/termek\/iszlay-mihaly\/"},"modified":"2025-06-29T13:23:48","modified_gmt":"2025-06-29T11:23:48","slug":"iszlay-mihaly","status":"publish","type":"product","link":"https:\/\/uj.adatbank.ro\/lexikon\/termek\/iszlay-mihaly\/","title":{"rendered":"ISZLAY Mih\u00e1ly"},"content":{"rendered":"<p>Ny\u00e1r\u00e1dmagyar\u00f3s, 1877., \u2020\u00a0?: Iskol\u00e1i elv\u00e9gz\u00e9se ut\u00e1n gazd\u00e1lkodni tanult \u00e9desapj\u00e1t\u00f3l, majd \u00f6n\u00e1ll\u00f3 gazda lett 40 hold f\u00f6ld\u00f6n sz\u00fcl\u0151faluj\u00e1ban. A k\u00f6zs\u00e9g tekint\u00e9lyes polg\u00e1ra, 20 \u00e9ven \u00e1t k\u00f6zs\u00e9gi b\u00edr\u00f3, minden kultur\u00e1lis, szoci\u00e1lis int\u00e9zm\u00e9ny tagja, a hitelsz\u00f6vezkezet igazgat\u00f3ja volt. Az els\u0151 vh. -ban mint szakaszvezet\u0151 fogs\u00e1gba ker\u00fclt. <br \/><strong>Irod.:<\/strong> Sz\u00e9kelyf\u00f6ld \u00ed. k.<\/br><\/p>\n","protected":false},"excerpt":{"rendered":"<p>Ny\u00e1r\u00e1dmagyar\u00f3s, 1877., \u2020\u00a0?: Iskol\u00e1i elv\u00e9gz\u00e9se ut\u00e1n gazd\u00e1lkodni tanult \u00e9desapj\u00e1t\u00f3l, majd \u00f6n\u00e1ll\u00f3 gazda lett 40 hold f\u00f6ld\u00f6n sz\u00fcl\u0151faluj\u00e1ban. A k\u00f6zs\u00e9g tekint\u00e9lyes polg\u00e1ra, 20 \u00e9ven \u00e1t k\u00f6zs\u00e9gi b\u00edr\u00f3, minden kultur\u00e1lis, szoci\u00e1lis int\u00e9zm\u00e9ny tagja, a hitelsz\u00f6vezkezet igazgat\u00f3ja volt. Az els\u0151 vh. -ban mint szakaszvezet\u0151 fogs\u00e1gba ker\u00fclt. Irod.: Sz\u00e9kelyf\u00f6ld \u00ed. k.<\/p>\n","protected":false},"featured_media":0,"comment_status":"open","ping_status":"closed","template":"","meta":[],"product_brand":[],"product_cat":[137],"product_tag":[],"class_list":{"0":"post-10553","1":"product","2":"type-product","3":"status-publish","5":"product_cat-maros-megyei-eletrajzi-lexikon","7":"first","8":"instock","9":"shipping-taxable","10":"product-type-simple"},"_links":{"self":[{"href":"https:\/\/uj.adatbank.ro\/lexikon\/wp-json\/wp\/v2\/product\/10553","targetHints":{"allow":["GET"]}}],"collection":[{"href":"https:\/\/uj.adatbank.ro\/lexikon\/wp-json\/wp\/v2\/product"}],"about":[{"href":"https:\/\/uj.adatbank.ro\/lexikon\/wp-json\/wp\/v2\/types\/product"}],"replies":[{"embeddable":true,"href":"https:\/\/uj.adatbank.ro\/lexikon\/wp-json\/wp\/v2\/comments?post=10553"}],"wp:attachment":[{"href":"https:\/\/uj.adatbank.ro\/lexikon\/wp-json\/wp\/v2\/media?parent=10553"}],"wp:term":[{"taxonomy":"product_brand","embeddable":true,"href":"https:\/\/uj.adatbank.ro\/lexikon\/wp-json\/wp\/v2\/product_brand?post=10553"},{"taxonomy":"product_cat","embeddable":true,"href":"https:\/\/uj.adatbank.ro\/lexikon\/wp-json\/wp\/v2\/product_cat?post=10553"},{"taxonomy":"product_tag","embeddable":true,"href":"https:\/\/uj.adatbank.ro\/lexikon\/wp-json\/wp\/v2\/product_tag?post=10553"}],"curies":[{"name":"wp","href":"https:\/\/api.w.org\/{rel}","templated":true}]}}