{"id":10603,"date":"2025-06-29T13:25:33","date_gmt":"2025-06-29T11:25:33","guid":{"rendered":"https:\/\/uj.adatbank.ro\/lexikon\/termek\/izsak-marton\/"},"modified":"2025-06-29T13:25:33","modified_gmt":"2025-06-29T11:25:33","slug":"izsak-marton","status":"publish","type":"product","link":"https:\/\/uj.adatbank.ro\/lexikon\/termek\/izsak-marton\/","title":{"rendered":"IZS\u00c1K M\u00e1rton"},"content":{"rendered":"<p>Gal\u00f3c\u00e1s, 1913. \u00e1pr. 12., \u2020\u00a0Mv., 2004. febr. 1.: szobr\u00e1szm\u0171v\u00e9sz. S\u00edrja a Ref. temet\u0151ben. \u2013 Feles\u00e9ge: I. R\u00f3za (Lulu), orosz nyelvtan\u00e1r az MOGYI- ban. -Tanulm\u00e1nyait a mv.-i Ipariskol\u00e1ban kezdte \u00e9s Bp.-en fejezte be, az Iparm\u0171v\u00e9szeti F\u0151iskol\u00e1ban, mesterei: M\u00e1trai Lajos, Simay Imre (1929\u201334). Visszat\u00e9r Mv.-re (1934). Megtervezte a New-Yorki Vil\u00e1gki\u00e1ll\u00edt\u00e1s rom\u00e1n pavilonj\u00e1t (1937). Mv.-en munk\u00e1s negyedben lakott, az ott \u00e9l\u0151k els\u0151dleges hat\u00e1ssal voltak r\u00e1: Zs\u00e1kol\u00f3, Kubikus, Gond c. munk\u00e1it alkotta. Munkaszolg\u00e1latos (1942\u201344). Hazat\u00e9r\u00e9se ut\u00e1n a K\u00e9pz\u0151m\u0171v\u00e9szeti Sz\u00f6vets\u00e9g felvette tagjai k\u00f6z\u00e9 (1951), a K\u00e9pz\u0151m\u0171v\u00e9szek Megyei Sz\u00f6vets\u00e9g\u00e9nek vezet\u0151s\u00e9gi tagja (1969. m\u00e1j. 13.). A megalakult NDF v\u00e1rosi tan\u00e1cs\u00e1nak egyik tagja (1953. okt. 5.). Szobrai: a Szt\u00e1lin-szobrot Csorv\u00e1ssy Istv\u00e1nnal k\u00e9sz\u00edtette el, leleplezt\u00e9k a mv.-i v\u00e1rosh\u00e1za el\u0151tt (makett nov. 1953, felavatt\u00e1k 1955. dec. 21., ott \u00e1llt 1962. m\u00e1rc-ig), Leleplezt\u00e9k a k\u00e9t Bolyai szobr\u00e1t, k\u00f6z\u00f6s alkot\u00e1s\u00e1t Csorv\u00e1ssy Istv\u00e1nnal (1957. szept. 8\u20139). A fasizmus borzalmai, Sim\u00f3 G\u00e9za, Salamon Ern\u0151, majd K\u00f3rus, \u00d6regasszonyok, Furuly\u00e1sok, T\u00e1ncosok, Zene, Fuvol\u00e1sl\u00e1ny stb. A mv.-i Zenei \u00e9s K\u00e9pz\u0151m\u0171v\u00e9szeti L\u00edc. igazgat\u00f3ja, szobr\u00e1sztan\u00e1ra volt (1945\u201374). Figurat\u00edv szobr\u00e1szat\u00e1t az \u00e1lland\u00f3 meg\u00fajul\u00e1s k\u00e9pess\u00e9ge jellemzi. J\u00f3llehet egy id\u0151ben engedm\u00e9nyeket tett a szocre\u00e1lnak, kiv\u00e1l\u00f3 formak\u00e9szs\u00e9ge, gondolati frissess\u00e9ge r\u00e9v\u00e9n minden korszak\u00e1ban maradand\u00f3 \u00e9rt\u00e9keket mutatott f\u00f6l. Szobr\u00e1szat\u00e1nak cs\u00facspontj\u00e1t k\u00e9pezik Cantata profana, A per, Don Quijote, M\u00f3zes, Tri\u00f3, Dante \u00e9s Ovidius szobrai. A Mv.-i K\u00e9pz\u0151m\u0171v\u00e9szeti Alap eln\u00f6ke (1953\u201373). A Rom\u00e1n K\u00e9pz\u0151m\u0171v\u00e9szek Sz\u00f6vets\u00e9ge orsz\u00e1gos v\u00e1lasztm\u00e1nyi tagja (1978). Munka \u00c9rdemrend III. fokozat; Kultur\u00e1lis \u00c9rdem\u00e9rem (1968) kit\u00fcntetettje. I. d\u00edj Ceau\u0219escut \u00e1br\u00e1zol\u00f3 szobr\u00e1\u00e9rt (1981. dec. 12.). Mv. d\u00edszpolg\u00e1ra (2001). Munk\u00e1i megtal\u00e1lhatok\u00a0: buk.-i, mv.-i, aradi, constancai, craiovai, tulceai, kv.-i, cs\u00edkszeredai, sepsiszentgy\u00f6rgyi m\u00fazeumokban. Hagyat\u00e9ka sz\u00e9tszor\u00f3dott: a szatm\u00e1ri, bezterce-nasz\u00f3di Megyei M\u00fazeumba, a bp.-i Nemezeti M\u00fazeumba, a gyergy\u00f3szentmikl\u00f3si, buk.-i, temesv\u00e1ri \u00e9s kv.-i muzeumokba \u00e9s a mv.-i Bern\u00e1dy- \u00e9s P\u00e1lffy-h\u00e1zba valamint tan\u00edtv\u00e1nyokhoz \u00e9s p\u00e1lyt\u00e1rsakhoz ker\u00fclt. H\u0171s\u00e9gszolg\u00e1lat Lovagi Rendfokozata (2003), Pro Libro Senator c\u00edm \u00e9s oklev\u00e9l. \u2013 <strong>F. m.:<\/strong> Sculptura (Tg. M., 1983); K\u00f6zt\u00e9ri szobrai: Atl\u00e9ta, k\u0151 (Bp., 1933); Deport\u00e1ltak eml\u00e9km\u0171ve (D\u00e9s, 1947); Sim\u00f3 G\u00e9za (Mv. ref. temet\u0151, 1947); Lakodalmas szok\u00e1sok (Sepsiszentgy\u00f6rgy, 1951); Szentgy\u00f6rgyi Istv\u00e1n mellszobr\u00e1t a r\u00f3la elnevezett f\u0151iskola el\u0151tt (Mv., 1953, ; J. V. Szt\u00e1lin szobra Csorv\u00e1ssy Istv\u00e1nnal (Mv., 1955. dec. 21.); Bolyai Farkas \u00e9s Bolyai J\u00e1nos (Csorv\u00e1ssy Istv\u00e1nnal; Mv., 1956\/1957. szept. 15.); Rom\u00e1n Katonaszobra vagy Ismeretlen katona (Csorv\u00e1ssy Istv\u00e1nnal; Mv., 1964. aug. 15.); a Somostet\u0151n Medve alkot\u00e1sa (1967. m\u00e1j. 21.); Salamon Ern\u0151 (Gyergy\u00f3szentmikl\u00f3s, 1968); Mihail Eminescu mellszobra (Mv., 1966. dec 4., fel\u00e1ll\u00edtott\u00e1k a v\u00e1r mellett, 1969; \u00e1thelyezt\u00e9k a Di\u00e1km\u0171vel\u0151d\u00e9si H\u00e1zzal szembe l\u00e9v\u0151 parkban); Bern\u00e1th Andor (Kerel\u0151szentp\u00e1l, 1974); Bart\u00f3k B\u00e9la (Mv., 1980, fel\u00e1ll\u00edtott\u00e1k 1981. nov. 22.); George Enescu (Mv., Kult\u00farpalota el\u0151csarnok\u00e1ba, 1983); Deport\u00e1ltak eml\u00e9km\u0171ve avagy A zsid\u00f3 holokauszt eml\u00e9km\u0171ve (Mv. 2003); M\u00e1rton \u00c1ron mellszobra (2000. j\u00fan. 4. -\u00e9n leplezt\u00e9k le). Elk\u00e9sz\u00edtette m\u00e9g: N. D. Cocea, N. B\u0103lcescu, Kov\u00e1cs Gy\u00f6rgy, Karl Marx, Nicolae \u00e9s Elena Cea\u015fescu portr\u00e9ja szobr\u00e1t; Cantata profana, A per, Don Quijote, Dante \u00e9s Ovidius, B\u00e9ke, N\u0151i akt, Le\u00e1nyka, Furuly\u00e1sok, Anyas\u00e1g; Ki\u00e1ll\u00edt\u00e1sai: egy\u00e9ni \u00e9s csoportos: Mv. (1935, 1936, 1937, 1953, 1957, 1958, 1961, 1970, 1983. \u00e1pr. 22); NewYork (1939); Bp. (els\u0151 bemutatkoz\u00e1sa 1933; 1940, 1941\u201342, 1959; V\u00e1rmegye Gal\u00e9ria, 1995 ), Buk. -ben sz\u00e1mos ki\u00e1ll\u00edt\u00e1s\u00a0(1945-t\u0151l szinte minden \u00e9vben); Berlin (1951, 1963); Szofia (1952); B\u00e9cs (1953); Pr\u00e1ga (1956, 1960); Velence (1954); Moszkva (1957, 1961, 1969, 1975); Helsinki, Ath\u00e1n, Leningr\u00e1d, Alexandria (1960); Kair\u00f3 (1961); Tel Aviv, Vars\u00f3, Belgr\u00e1d (1969); Buk (1970, 1983). Katal\u00f3gus: Izs\u00e1k Martin (Tg. Mure\u0219- Bucure\u0219ti, 1983). <br \/><strong>Irod.:<\/strong> 100 \u00e9v; Antal Erika: Sz\u00e9tforg\u00e1csolt hagyat\u00e9k (Kr\u00f3nika, 2006. \u00e1pr. 7\u20139.); Aranykorszak; Arck\u00e9pcsarnok (Igaz Sz\u00f3, 1972, 11. sz.); artportal; Bal\u00e1zs Imre: I. M. szobrai el\u0151tt (V. Z., 1983. m\u00e1j. 7.); Banner; i. y.: I. M. (V. Z., 1958. \u00e1pr. 27.); B\u00f6l\u00f6ni Domokos: 90 \u00e9ves I. M. szobr\u00e1szm\u0171v\u00e9sz (N\u00fa, 2003., \u00e1pr. 12.); Brutaru, Jack: I. M. \u00e9s Bordy Andr\u00e1sk ki\u00e1ll\u00edt\u00e1sa (V. Z., 1959. j\u00fal. 16.); Ciurdariu, Ion: I. M. (St. r., 1. iul. 1961); D\u00e9zsi \u00d6d\u00f6n: I. M. 70 \u00e9ves (V. Z., 1983. \u00e1pr. 23.); Dud\u00e1s K\u00e1roly: Besz\u00e9lget\u00e9s I. M. szobr\u00e1sz m\u0171v\u00e9sszel (V. Z., 1971. febr. 13.); Erd\u00e9lyi Lajos; Erd\u00e9lyi L 2009, fot\u00f31977; Erd\u00e9lyi Lajos 2018; Fodor S\u00e1ndor: A m\u0171v\u00e9szeti iskola meg\u00e1lmod\u00f3ja (N\u00fa., Sz\u00ednes Vil\u00e1g, 2006. j\u00fan. 24.); Gal\u00e9ria a Bern\u00e1dy H\u00e1zban; Gy\u00e1rf\u00e1s 2013; ; (hg): I. M. szobr\u00e1sz m\u0171v\u00e9szn\u00e9l (V. Z., 1960. aug. 28); Id\u0151t\u00e1r 4.; Imreh Ern\u0151: Sorok I. M. r\u00f3l (N\u00fa., M\u00fazsa, 267., 2004. febr. 14), KKACs; Marosi Ildik\u00f3: I. M. (\u00daj \u00c9let, 15. sz., 1988); Moln\u00e1r; M\u0171tereml\u00e1togat\u00e1son I. M. szobr\u00e1szn\u00e1l (N\u00e9p\u00fajs\u00e1g, 1950. m\u00e1rc. 25.); Mur\u00e1din Jen\u0151: I. M. (Mv., 2007); Mv. -Bal\u00e1s; Mv.-i szobr\u00e1sz m\u0171v\u00e9t. (Szabad Sz\u00f3, 1946. j\u00fan. 22.); Nagy Mikl\u00f3s Kund: T\u00e1rstalanul nehezebb (N\u00fa, M\u00fazsa, 94. sz., 1993. \u00e1pr. 29.); N. M. K.: Ne hagyjuk elveszni! (N\u00fa., 2005. szept. 8.); Nagyjaink; [Nekrol\u00f3g] (N\u00fa., 2004. febr. 3.); Oprea, Viorel: M\u0171v\u00e9sz h\u0171s\u00e9ge a sz\u00fcl\u0151f\u00f6ldh\u00f6z (V. Z., 1983. okt. 9.); \u00d6tv\u00f6s J\u00f3zsef: Mv.-i szobrok \u00e9s alkot\u00f3ik: A k\u00e9t Bolyai (\u00daj Kezdet, 2. sz., 2006. febr.); \u00d6tv\u00f6s J\u00f3zsef: Mv.-i szobrok \u00e9s alkot\u00f3ik: Szentgy\u00f6rgyi. Istv\u00e1n (\u00daj Kezdet, 8. sz., 2006. aug.); Pelin; RepM; RMKK; RMIL; Sebesty\u00e9n Mih\u00e1ly (Izs\u00e1k M\u00e1rton album); t. m.: M\u0171tereml\u00e1togat\u00e1son I. M. szobr\u00e1szn\u00e1l (N\u00e9p\u00fajs\u00e1g, 1950. m\u00e1rc. 25.); Sebesty\u00e9n Mih\u00e1ly: I. M. titka (N\u00fa., M\u00fazsa 626. sz, 2004. febr. 7); Todea 2013; Verest\u00f3y Ilona: K\u00f6sz\u00f6nt\u0151: I. M. (V. Z., 1974. j\u00fal. 13.); Wertzberger<\/br><\/p>\n","protected":false},"excerpt":{"rendered":"<p>Gal\u00f3c\u00e1s, 1913. \u00e1pr. 12., \u2020\u00a0Mv., 2004. febr. 1.: szobr\u00e1szm\u0171v\u00e9sz. S\u00edrja a Ref. temet\u0151ben. \u2013 Feles\u00e9ge: I. R\u00f3za (Lulu), orosz nyelvtan\u00e1r az MOGYI- ban. -Tanulm\u00e1nyait a mv.-i Ipariskol\u00e1ban kezdte \u00e9s Bp.-en fejezte be, az Iparm\u0171v\u00e9szeti F\u0151iskol\u00e1ban, mesterei: M\u00e1trai Lajos, Simay Imre (1929\u201334). Visszat\u00e9r Mv.-re (1934). Megtervezte a New-Yorki Vil\u00e1gki\u00e1ll\u00edt\u00e1s rom\u00e1n pavilonj\u00e1t (1937). Mv.-en munk\u00e1s negyedben lakott, [&hellip;]<\/p>\n","protected":false},"featured_media":0,"comment_status":"open","ping_status":"closed","template":"","meta":[],"product_brand":[],"product_cat":[137],"product_tag":[],"class_list":{"0":"post-10603","1":"product","2":"type-product","3":"status-publish","5":"product_cat-maros-megyei-eletrajzi-lexikon","7":"first","8":"instock","9":"shipping-taxable","10":"product-type-simple"},"_links":{"self":[{"href":"https:\/\/uj.adatbank.ro\/lexikon\/wp-json\/wp\/v2\/product\/10603","targetHints":{"allow":["GET"]}}],"collection":[{"href":"https:\/\/uj.adatbank.ro\/lexikon\/wp-json\/wp\/v2\/product"}],"about":[{"href":"https:\/\/uj.adatbank.ro\/lexikon\/wp-json\/wp\/v2\/types\/product"}],"replies":[{"embeddable":true,"href":"https:\/\/uj.adatbank.ro\/lexikon\/wp-json\/wp\/v2\/comments?post=10603"}],"wp:attachment":[{"href":"https:\/\/uj.adatbank.ro\/lexikon\/wp-json\/wp\/v2\/media?parent=10603"}],"wp:term":[{"taxonomy":"product_brand","embeddable":true,"href":"https:\/\/uj.adatbank.ro\/lexikon\/wp-json\/wp\/v2\/product_brand?post=10603"},{"taxonomy":"product_cat","embeddable":true,"href":"https:\/\/uj.adatbank.ro\/lexikon\/wp-json\/wp\/v2\/product_cat?post=10603"},{"taxonomy":"product_tag","embeddable":true,"href":"https:\/\/uj.adatbank.ro\/lexikon\/wp-json\/wp\/v2\/product_tag?post=10603"}],"curies":[{"name":"wp","href":"https:\/\/api.w.org\/{rel}","templated":true}]}}