{"id":10613,"date":"2025-06-29T13:25:51","date_gmt":"2025-06-29T11:25:51","guid":{"rendered":"https:\/\/uj.adatbank.ro\/lexikon\/termek\/jacobi-julius-jacobi-gyula\/"},"modified":"2025-06-29T13:25:51","modified_gmt":"2025-06-29T11:25:51","slug":"jacobi-julius-jacobi-gyula","status":"publish","type":"product","link":"https:\/\/uj.adatbank.ro\/lexikon\/termek\/jacobi-julius-jacobi-gyula\/","title":{"rendered":"JACOBI Julius, Jacobi Gyula"},"content":{"rendered":"<p>Segesv\u00e1r, 1867. j\u00fal. 18., \u2020 Segesv\u00e1r, 1927. nov. 16.: dr. fil., ev. lelk\u00e9sz, tan\u00e1r. \u2013 Apja keresked\u0151. \u2013 Kv.-on \u00e9retts\u00e9gizett. A teol. \u00e9s fil. a j\u00e9nai Egy. Hittud. Kar\u00e1n (1885), a berlini (1886\u201387), kv.-i, lipcsei (1889), t\u00fcbingeni egyetemeken (1890) v\u00e9gezte. Kv.-on b\u00f6lcs\u00e9szdoktori \u00e9s k\u00f6z\u00e9piskolai tan\u00e1ri oklevelet szerzett. A segesv\u00e1ri Ev. Gimn. M. -latinszakos tan\u00e1ra (1890\u20131904); az akkor megnyilt Ev. Tan\u00edt\u00f3k\u00e9pz\u0151, papnevelde igazgat\u00f3ja (1904\u201317); a v\u00e1ros ev. lelk\u00e9sze (1917\u201327). Program\u00e9rtekez\u00e9se: Progr. d. ev. Gymn. A. B. in Sch\u00e4ssburg (1895), Cikkeit k\u00f6z\u00f6lte: Kronst\u00e4dter Kalender, N\u00e9pm\u0171vel\u00e9s. \u2013 <strong>F. m.:<\/strong> Komj\u00e1thi Benedek Sz. P\u00e1l Levelei (Bp., 1889); Kurze Anleitung z. Richtigen Aussprache d. magyarischen (Nagyszeben, 1900); Lehr und Lesebuch d. ung. Sprache f\u00fcr Mittelschulen (Nagyszeben, 1901\u20131904, 1911); D. Frau als Lehrerin (Segesv\u00e1r, 1907); Methodik d. Religionsunterrichts in d. Volkscshule (Segesv\u00e1r, 1913); Zehnter Bericht s. Lehrerinnenbildungsanst. d. ev. Landeskirche (Segesv\u00e1r, 1914). <br \/><strong>Irod.:<\/strong> Guly\u00e1s; M\u0171vt\u00f6rt. T. 1979; Szab\u00f3\u2013Simon\u2013Sz\u00f6gi; Szinnyei<\/br><\/p>\n","protected":false},"excerpt":{"rendered":"<p>Segesv\u00e1r, 1867. j\u00fal. 18., \u2020 Segesv\u00e1r, 1927. nov. 16.: dr. fil., ev. lelk\u00e9sz, tan\u00e1r. \u2013 Apja keresked\u0151. \u2013 Kv.-on \u00e9retts\u00e9gizett. A teol. \u00e9s fil. a j\u00e9nai Egy. Hittud. Kar\u00e1n (1885), a berlini (1886\u201387), kv.-i, lipcsei (1889), t\u00fcbingeni egyetemeken (1890) v\u00e9gezte. Kv.-on b\u00f6lcs\u00e9szdoktori \u00e9s k\u00f6z\u00e9piskolai tan\u00e1ri oklevelet szerzett. A segesv\u00e1ri Ev. Gimn. M. -latinszakos tan\u00e1ra (1890\u20131904); [&hellip;]<\/p>\n","protected":false},"featured_media":0,"comment_status":"open","ping_status":"closed","template":"","meta":[],"product_brand":[],"product_cat":[137],"product_tag":[],"class_list":{"0":"post-10613","1":"product","2":"type-product","3":"status-publish","5":"product_cat-maros-megyei-eletrajzi-lexikon","7":"first","8":"instock","9":"shipping-taxable","10":"product-type-simple"},"_links":{"self":[{"href":"https:\/\/uj.adatbank.ro\/lexikon\/wp-json\/wp\/v2\/product\/10613","targetHints":{"allow":["GET"]}}],"collection":[{"href":"https:\/\/uj.adatbank.ro\/lexikon\/wp-json\/wp\/v2\/product"}],"about":[{"href":"https:\/\/uj.adatbank.ro\/lexikon\/wp-json\/wp\/v2\/types\/product"}],"replies":[{"embeddable":true,"href":"https:\/\/uj.adatbank.ro\/lexikon\/wp-json\/wp\/v2\/comments?post=10613"}],"wp:attachment":[{"href":"https:\/\/uj.adatbank.ro\/lexikon\/wp-json\/wp\/v2\/media?parent=10613"}],"wp:term":[{"taxonomy":"product_brand","embeddable":true,"href":"https:\/\/uj.adatbank.ro\/lexikon\/wp-json\/wp\/v2\/product_brand?post=10613"},{"taxonomy":"product_cat","embeddable":true,"href":"https:\/\/uj.adatbank.ro\/lexikon\/wp-json\/wp\/v2\/product_cat?post=10613"},{"taxonomy":"product_tag","embeddable":true,"href":"https:\/\/uj.adatbank.ro\/lexikon\/wp-json\/wp\/v2\/product_tag?post=10613"}],"curies":[{"name":"wp","href":"https:\/\/api.w.org\/{rel}","templated":true}]}}