{"id":10614,"date":"2025-06-29T13:25:55","date_gmt":"2025-06-29T11:25:55","guid":{"rendered":"https:\/\/uj.adatbank.ro\/lexikon\/termek\/jacobi-robert-jakobi-robert\/"},"modified":"2025-06-29T13:25:55","modified_gmt":"2025-06-29T11:25:55","slug":"jacobi-robert-jakobi-robert","status":"publish","type":"product","link":"https:\/\/uj.adatbank.ro\/lexikon\/termek\/jacobi-robert-jakobi-robert\/","title":{"rendered":"JACOBI Robert, Jakobi R\u00f3bert"},"content":{"rendered":"<p>Segesv\u00e1r, 1877. dec. 7., \u2020\u00a0Segesv\u00e1r, ? : m\u00e9rn\u00f6k, igazgat\u00f3. \u2013 Keresked\u0151 csal\u00e1db\u00f3l sz\u00e1rmazott. \u00c9retts\u00e9gizett a segesv\u00e1ri ev. gimn. -ban, egyetemi tanulm\u00e1nyokat folytatott a M\u00fcncheni M\u0171egyetemen (1896\u201398), a karlsruhei M\u0171egyetem \u00c9p\u00edtm\u00e9rn\u00f6ki Kar\u00e1n (1898\u20131900). Doktor\u00e1tust szerzett a Karlsruhei M\u0171szaki F\u0151iskol\u00e1n (1933). Egy berlini v\u00edz\u00e9p\u00edt\u00e9szeti v\u00e1llalatn\u00e1l dolgozott (1903\u201304), Kass\u00e1n \u00e9s Beszterceb\u00e1ny\u00e1n a csatorn\u00e1z\u00e1si munk\u00e1latokn\u00e1l (1904\u201306), Nagyszebenben a Vereinsbank betonr\u00e9szleg\u00e9nek vezet\u0151jek\u00e9nt (1907), a M\u00c1V vas\u00fat\u00e1llom\u00e1sainak b\u0151v\u00edt\u00e9s\u00e9n\u00e9l \u00e9p\u00edt\u00e9si vezet\u0151k\u00e9nt dolgozott (\u20131912), Sz\u00e1szsebesen v\u00e1rosi m\u00e9rn\u00f6k \u00e9s az ottani er\u0151m\u0171 vezet\u0151je (1912\u2013). Segesv\u00e1ron m\u0171k\u00f6d\u00f6tt (1913\u201338) mint \u00e9p\u00edt\u00e9si f\u0151tan\u00e1csos, egyid\u0151ben a v\u00e1rosi v\u00edz- \u00e9s elektromos m\u0171vek igazgat\u00f3ja (1913\u201332). Nagy r\u00e9sze volt az \u00fczem \u00e1tszervez\u00e9s\u00e9ben \u00e9s modernebb\u00e9 t\u00e9tel\u00e9ben. K\u00f6z\u00e9leti szerepl\u00e9se jelent\u0151s: a Sz\u00e9p\u00e9szeti M\u0171eml\u00e9kv\u00e9d\u0151 Egylet eln\u00f6ke, a Zeneegylet m\u00e1sodeln\u00f6ke, a Corpul Technic, az Agir \u00e9s egy\u00e9b test\u00fcletek m\u0171k\u00f6d\u00e9s\u00e9ben vett r\u00e9szt. N\u00e9metorsz\u00e1gi \u00e9s belf\u00f6ldi szaklapokba cikkeket \u00edrt. <br \/><strong>Irod.:<\/strong> Ki kicsoda?; Lexiconul vie\u0163ii publice; Szab\u00f3\u2013Simon\u2013Sz\u00f6gi<\/br><\/p>\n","protected":false},"excerpt":{"rendered":"<p>Segesv\u00e1r, 1877. dec. 7., \u2020\u00a0Segesv\u00e1r, ? : m\u00e9rn\u00f6k, igazgat\u00f3. \u2013 Keresked\u0151 csal\u00e1db\u00f3l sz\u00e1rmazott. \u00c9retts\u00e9gizett a segesv\u00e1ri ev. gimn. -ban, egyetemi tanulm\u00e1nyokat folytatott a M\u00fcncheni M\u0171egyetemen (1896\u201398), a karlsruhei M\u0171egyetem \u00c9p\u00edtm\u00e9rn\u00f6ki Kar\u00e1n (1898\u20131900). Doktor\u00e1tust szerzett a Karlsruhei M\u0171szaki F\u0151iskol\u00e1n (1933). Egy berlini v\u00edz\u00e9p\u00edt\u00e9szeti v\u00e1llalatn\u00e1l dolgozott (1903\u201304), Kass\u00e1n \u00e9s Beszterceb\u00e1ny\u00e1n a csatorn\u00e1z\u00e1si munk\u00e1latokn\u00e1l (1904\u201306), Nagyszebenben a Vereinsbank [&hellip;]<\/p>\n","protected":false},"featured_media":0,"comment_status":"open","ping_status":"closed","template":"","meta":[],"product_brand":[],"product_cat":[137],"product_tag":[],"class_list":{"0":"post-10614","1":"product","2":"type-product","3":"status-publish","5":"product_cat-maros-megyei-eletrajzi-lexikon","7":"first","8":"instock","9":"shipping-taxable","10":"product-type-simple"},"_links":{"self":[{"href":"https:\/\/uj.adatbank.ro\/lexikon\/wp-json\/wp\/v2\/product\/10614","targetHints":{"allow":["GET"]}}],"collection":[{"href":"https:\/\/uj.adatbank.ro\/lexikon\/wp-json\/wp\/v2\/product"}],"about":[{"href":"https:\/\/uj.adatbank.ro\/lexikon\/wp-json\/wp\/v2\/types\/product"}],"replies":[{"embeddable":true,"href":"https:\/\/uj.adatbank.ro\/lexikon\/wp-json\/wp\/v2\/comments?post=10614"}],"wp:attachment":[{"href":"https:\/\/uj.adatbank.ro\/lexikon\/wp-json\/wp\/v2\/media?parent=10614"}],"wp:term":[{"taxonomy":"product_brand","embeddable":true,"href":"https:\/\/uj.adatbank.ro\/lexikon\/wp-json\/wp\/v2\/product_brand?post=10614"},{"taxonomy":"product_cat","embeddable":true,"href":"https:\/\/uj.adatbank.ro\/lexikon\/wp-json\/wp\/v2\/product_cat?post=10614"},{"taxonomy":"product_tag","embeddable":true,"href":"https:\/\/uj.adatbank.ro\/lexikon\/wp-json\/wp\/v2\/product_tag?post=10614"}],"curies":[{"name":"wp","href":"https:\/\/api.w.org\/{rel}","templated":true}]}}