{"id":10616,"date":"2025-06-29T13:25:58","date_gmt":"2025-06-29T11:25:58","guid":{"rendered":"https:\/\/uj.adatbank.ro\/lexikon\/termek\/jacobus-cristani-de-alba-ecclesia\/"},"modified":"2025-06-29T13:25:58","modified_gmt":"2025-06-29T11:25:58","slug":"jacobus-cristani-de-alba-ecclesia","status":"publish","type":"product","link":"https:\/\/uj.adatbank.ro\/lexikon\/termek\/jacobus-cristani-de-alba-ecclesia\/","title":{"rendered":"JACOBUS Cristani de alba Ecclesia"},"content":{"rendered":"<p>? \u2020\u00a0? : di\u00e1k. \u2013 T\u00f6bb erd\u00e9lyi sz\u00e1sz di\u00e1kt\u00e1rsas\u00e1g\u00e1ban iratkozott be a (1501)<\/br><\/p>\n","protected":false},"excerpt":{"rendered":"<p>? \u2020\u00a0? : di\u00e1k. \u2013 T\u00f6bb erd\u00e9lyi sz\u00e1sz di\u00e1kt\u00e1rsas\u00e1g\u00e1ban iratkozott be a (1501)<\/p>\n","protected":false},"featured_media":0,"comment_status":"open","ping_status":"closed","template":"","meta":[],"product_brand":[],"product_cat":[137],"product_tag":[],"class_list":{"0":"post-10616","1":"product","2":"type-product","3":"status-publish","5":"product_cat-maros-megyei-eletrajzi-lexikon","7":"first","8":"instock","9":"shipping-taxable","10":"product-type-simple"},"_links":{"self":[{"href":"https:\/\/uj.adatbank.ro\/lexikon\/wp-json\/wp\/v2\/product\/10616","targetHints":{"allow":["GET"]}}],"collection":[{"href":"https:\/\/uj.adatbank.ro\/lexikon\/wp-json\/wp\/v2\/product"}],"about":[{"href":"https:\/\/uj.adatbank.ro\/lexikon\/wp-json\/wp\/v2\/types\/product"}],"replies":[{"embeddable":true,"href":"https:\/\/uj.adatbank.ro\/lexikon\/wp-json\/wp\/v2\/comments?post=10616"}],"wp:attachment":[{"href":"https:\/\/uj.adatbank.ro\/lexikon\/wp-json\/wp\/v2\/media?parent=10616"}],"wp:term":[{"taxonomy":"product_brand","embeddable":true,"href":"https:\/\/uj.adatbank.ro\/lexikon\/wp-json\/wp\/v2\/product_brand?post=10616"},{"taxonomy":"product_cat","embeddable":true,"href":"https:\/\/uj.adatbank.ro\/lexikon\/wp-json\/wp\/v2\/product_cat?post=10616"},{"taxonomy":"product_tag","embeddable":true,"href":"https:\/\/uj.adatbank.ro\/lexikon\/wp-json\/wp\/v2\/product_tag?post=10616"}],"curies":[{"name":"wp","href":"https:\/\/api.w.org\/{rel}","templated":true}]}}