{"id":10618,"date":"2025-06-29T13:26:02","date_gmt":"2025-06-29T11:26:02","guid":{"rendered":"https:\/\/uj.adatbank.ro\/lexikon\/termek\/jagamas-janos\/"},"modified":"2025-06-29T13:26:02","modified_gmt":"2025-06-29T11:26:02","slug":"jagamas-janos","status":"publish","type":"product","link":"https:\/\/uj.adatbank.ro\/lexikon\/termek\/jagamas-janos\/","title":{"rendered":"JAGAMAS J\u00e1nos"},"content":{"rendered":"<p>D\u00e9s, 1913. j\u00fan. 8., \u2020 Kv., 1997. szept. 15.: zenetud\u00f3s, n\u00e9pzenekutat\u00f3. \u2013 A erd\u00e9lyi zenetudom\u00e1ny kiemelked\u0151 alakja, k\u00f6vet\u0151je \u00e9s folytat\u00f3ja Bart\u00f3k, Kod\u00e1ly, Vik\u00e1r B\u00e9la munk\u00e1ss\u00e1g\u00e1nak. Kalotaszegen, a Mez\u0151s\u00e9gben, a Fels\u0151-Maros \u00e9s a Kis-K\u00fck\u00fcll\u0151 ment\u00e9n, a Fekete-K\u00f6r\u00f6s v\u00f6lgy\u00e9ben, a cs\u00edki, gyergy\u00f3i \u00e9s udvarhelyi sz\u00e9kelyek, valamint a barcas\u00e1gi, gyimesi \u00e9s moldvai cs\u00e1ng\u00f3k k\u00f6r\u00e9ben mintegy 6000 n\u00e9pi dallamot gy\u0171jt\u00f6tt \u00f6ssze. M\u0171vei k\u00f6zt szerepelnek Maros megyei vonatkoz\u00e1s\u00faak is: a Fels\u0151-Maros menti falu, Magyar\u00f3 m. n\u00e9phagyom\u00e1nyaib\u00f3l gy\u0171jt\u00f6tt. \u2013 <strong>F. m.:<\/strong> szerk: Elindultam hossz\u00fa \u00fatra. A kib\u00e9di Majl\u00e1t J\u00f3zsefn\u00e9 \u00d6tv\u00f6s S\u00e1ra n\u00e9pballad\u00e1i. (Gy\u0171jt\u00f6tte, bevezet\u0151vel \u00e9s jegyzetekkel ell\u00e1tta: R\u00e1duly J\u00e1nos. A dallamokat hangszallagr\u00f3l lejegyezte: Kusztosn\u00e9 Szab\u00f3 Piroska. (Buk., 1979); Magyar\u00f3 \u00e9nekes n\u00e9pzen\u00e9je. Egy Fels\u0151-Maros menti falu m. n\u00e9pi hagyom\u00e1nyaib\u00f3l. Palk\u00f3 Attila kieg\u00e9sz\u00edt\u0151 gy\u0171jt\u00e9s\u00e9t \u00e9s Zsigmond J\u00f3zsef sz\u00f6veg-kieg\u00e9sz\u00edt\u00e9seit felhaszn\u00e1lva k\u00f6zz\u00e9teszi, J. J. (Buk., 1984). <br \/><strong>Irod.:<\/strong> R\u00e9thy\u2013\u00dajv\u00e1ri\u2013V\u00e1czi; Tari Lujza: Besz\u00e9lget\u00e9sek Jagamas J\u00e1nossal \u2013 Sz\u00fclet\u00e9s\u00e9nek 110. \u00e9vfordul\u00f3j\u00e1ra eml\u00e9kezve (Sz\u00e9kelyf\u00f6ld, 5. sz., 2023. m\u00e1j.); \u00daM\u00c9L; Zenetud. \u00edr\u00e1sok 1998<\/br><\/p>\n","protected":false},"excerpt":{"rendered":"<p>D\u00e9s, 1913. j\u00fan. 8., \u2020 Kv., 1997. szept. 15.: zenetud\u00f3s, n\u00e9pzenekutat\u00f3. \u2013 A erd\u00e9lyi zenetudom\u00e1ny kiemelked\u0151 alakja, k\u00f6vet\u0151je \u00e9s folytat\u00f3ja Bart\u00f3k, Kod\u00e1ly, Vik\u00e1r B\u00e9la munk\u00e1ss\u00e1g\u00e1nak. Kalotaszegen, a Mez\u0151s\u00e9gben, a Fels\u0151-Maros \u00e9s a Kis-K\u00fck\u00fcll\u0151 ment\u00e9n, a Fekete-K\u00f6r\u00f6s v\u00f6lgy\u00e9ben, a cs\u00edki, gyergy\u00f3i \u00e9s udvarhelyi sz\u00e9kelyek, valamint a barcas\u00e1gi, gyimesi \u00e9s moldvai cs\u00e1ng\u00f3k k\u00f6r\u00e9ben mintegy 6000 n\u00e9pi dallamot [&hellip;]<\/p>\n","protected":false},"featured_media":0,"comment_status":"open","ping_status":"closed","template":"","meta":[],"product_brand":[],"product_cat":[137],"product_tag":[],"class_list":{"0":"post-10618","1":"product","2":"type-product","3":"status-publish","5":"product_cat-maros-megyei-eletrajzi-lexikon","7":"first","8":"instock","9":"shipping-taxable","10":"product-type-simple"},"_links":{"self":[{"href":"https:\/\/uj.adatbank.ro\/lexikon\/wp-json\/wp\/v2\/product\/10618","targetHints":{"allow":["GET"]}}],"collection":[{"href":"https:\/\/uj.adatbank.ro\/lexikon\/wp-json\/wp\/v2\/product"}],"about":[{"href":"https:\/\/uj.adatbank.ro\/lexikon\/wp-json\/wp\/v2\/types\/product"}],"replies":[{"embeddable":true,"href":"https:\/\/uj.adatbank.ro\/lexikon\/wp-json\/wp\/v2\/comments?post=10618"}],"wp:attachment":[{"href":"https:\/\/uj.adatbank.ro\/lexikon\/wp-json\/wp\/v2\/media?parent=10618"}],"wp:term":[{"taxonomy":"product_brand","embeddable":true,"href":"https:\/\/uj.adatbank.ro\/lexikon\/wp-json\/wp\/v2\/product_brand?post=10618"},{"taxonomy":"product_cat","embeddable":true,"href":"https:\/\/uj.adatbank.ro\/lexikon\/wp-json\/wp\/v2\/product_cat?post=10618"},{"taxonomy":"product_tag","embeddable":true,"href":"https:\/\/uj.adatbank.ro\/lexikon\/wp-json\/wp\/v2\/product_tag?post=10618"}],"curies":[{"name":"wp","href":"https:\/\/api.w.org\/{rel}","templated":true}]}}