{"id":10619,"date":"2025-06-29T13:26:03","date_gmt":"2025-06-29T11:26:03","guid":{"rendered":"https:\/\/uj.adatbank.ro\/lexikon\/termek\/jager-jozsef\/"},"modified":"2025-06-29T13:26:03","modified_gmt":"2025-06-29T11:26:03","slug":"jager-jozsef","status":"publish","type":"product","link":"https:\/\/uj.adatbank.ro\/lexikon\/termek\/jager-jozsef\/","title":{"rendered":"JAGER J\u00f3zsef"},"content":{"rendered":"<p>? \u2020\u00a0? : k\u0151m\u0171ves. \u2013 A mv.-i k\u0151m\u0171ves c\u00e9h els\u0151 c\u00e9hmestere (1840-es \u00e9vekben). <br \/><strong>Irod.:<\/strong> B\u00f3nis J.: A mv.-i c\u00e9hek t\u00e1rgyi eml\u00e9kei = Mv. t\u00f6rt\u00e9net\u00e9b\u0151l<\/br><\/p>\n","protected":false},"excerpt":{"rendered":"<p>? \u2020\u00a0? : k\u0151m\u0171ves. \u2013 A mv.-i k\u0151m\u0171ves c\u00e9h els\u0151 c\u00e9hmestere (1840-es \u00e9vekben). Irod.: B\u00f3nis J.: A mv.-i c\u00e9hek t\u00e1rgyi eml\u00e9kei = Mv. t\u00f6rt\u00e9net\u00e9b\u0151l<\/p>\n","protected":false},"featured_media":0,"comment_status":"open","ping_status":"closed","template":"","meta":[],"product_brand":[],"product_cat":[137],"product_tag":[],"class_list":{"0":"post-10619","1":"product","2":"type-product","3":"status-publish","5":"product_cat-maros-megyei-eletrajzi-lexikon","7":"first","8":"instock","9":"shipping-taxable","10":"product-type-simple"},"_links":{"self":[{"href":"https:\/\/uj.adatbank.ro\/lexikon\/wp-json\/wp\/v2\/product\/10619","targetHints":{"allow":["GET"]}}],"collection":[{"href":"https:\/\/uj.adatbank.ro\/lexikon\/wp-json\/wp\/v2\/product"}],"about":[{"href":"https:\/\/uj.adatbank.ro\/lexikon\/wp-json\/wp\/v2\/types\/product"}],"replies":[{"embeddable":true,"href":"https:\/\/uj.adatbank.ro\/lexikon\/wp-json\/wp\/v2\/comments?post=10619"}],"wp:attachment":[{"href":"https:\/\/uj.adatbank.ro\/lexikon\/wp-json\/wp\/v2\/media?parent=10619"}],"wp:term":[{"taxonomy":"product_brand","embeddable":true,"href":"https:\/\/uj.adatbank.ro\/lexikon\/wp-json\/wp\/v2\/product_brand?post=10619"},{"taxonomy":"product_cat","embeddable":true,"href":"https:\/\/uj.adatbank.ro\/lexikon\/wp-json\/wp\/v2\/product_cat?post=10619"},{"taxonomy":"product_tag","embeddable":true,"href":"https:\/\/uj.adatbank.ro\/lexikon\/wp-json\/wp\/v2\/product_tag?post=10619"}],"curies":[{"name":"wp","href":"https:\/\/api.w.org\/{rel}","templated":true}]}}