{"id":10620,"date":"2025-06-29T13:26:05","date_gmt":"2025-06-29T11:26:05","guid":{"rendered":"https:\/\/uj.adatbank.ro\/lexikon\/termek\/jager-mihaly-ifj\/"},"modified":"2025-06-29T13:26:05","modified_gmt":"2025-06-29T11:26:05","slug":"jager-mihaly-ifj","status":"publish","type":"product","link":"https:\/\/uj.adatbank.ro\/lexikon\/termek\/jager-mihaly-ifj\/","title":{"rendered":"JAGER Mih\u00e1ly ifj."},"content":{"rendered":"<p>? \u2020\u00a0?: v\u00e1llalkoz\u00f3. \u2013 Megalakult Mv.-en az els\u0151 Temetkez\u00e9si Egylet \u00e9s Betegseg\u00e9lyz\u0151 ennek eln\u00f6ke lett, p\u00e1nzt\u00e1rosa Csern\u00e1t J\u00f3zsef (1844). <br \/><strong>Irod.:<\/strong> Id\u0151t\u00e1r 1; Kr\u00f3n. F\u00fcz (1939. 4\/5)<\/br><\/p>\n","protected":false},"excerpt":{"rendered":"<p>? \u2020\u00a0?: v\u00e1llalkoz\u00f3. \u2013 Megalakult Mv.-en az els\u0151 Temetkez\u00e9si Egylet \u00e9s Betegseg\u00e9lyz\u0151 ennek eln\u00f6ke lett, p\u00e1nzt\u00e1rosa Csern\u00e1t J\u00f3zsef (1844). Irod.: Id\u0151t\u00e1r 1; Kr\u00f3n. F\u00fcz (1939. 4\/5)<\/p>\n","protected":false},"featured_media":0,"comment_status":"open","ping_status":"closed","template":"","meta":[],"product_brand":[],"product_cat":[137],"product_tag":[],"class_list":{"0":"post-10620","1":"product","2":"type-product","3":"status-publish","5":"product_cat-maros-megyei-eletrajzi-lexikon","7":"first","8":"instock","9":"shipping-taxable","10":"product-type-simple"},"_links":{"self":[{"href":"https:\/\/uj.adatbank.ro\/lexikon\/wp-json\/wp\/v2\/product\/10620","targetHints":{"allow":["GET"]}}],"collection":[{"href":"https:\/\/uj.adatbank.ro\/lexikon\/wp-json\/wp\/v2\/product"}],"about":[{"href":"https:\/\/uj.adatbank.ro\/lexikon\/wp-json\/wp\/v2\/types\/product"}],"replies":[{"embeddable":true,"href":"https:\/\/uj.adatbank.ro\/lexikon\/wp-json\/wp\/v2\/comments?post=10620"}],"wp:attachment":[{"href":"https:\/\/uj.adatbank.ro\/lexikon\/wp-json\/wp\/v2\/media?parent=10620"}],"wp:term":[{"taxonomy":"product_brand","embeddable":true,"href":"https:\/\/uj.adatbank.ro\/lexikon\/wp-json\/wp\/v2\/product_brand?post=10620"},{"taxonomy":"product_cat","embeddable":true,"href":"https:\/\/uj.adatbank.ro\/lexikon\/wp-json\/wp\/v2\/product_cat?post=10620"},{"taxonomy":"product_tag","embeddable":true,"href":"https:\/\/uj.adatbank.ro\/lexikon\/wp-json\/wp\/v2\/product_tag?post=10620"}],"curies":[{"name":"wp","href":"https:\/\/api.w.org\/{rel}","templated":true}]}}