{"id":10624,"date":"2025-06-29T13:26:11","date_gmt":"2025-06-29T11:26:11","guid":{"rendered":"https:\/\/uj.adatbank.ro\/lexikon\/termek\/jakab-4\/"},"modified":"2025-06-29T13:26:11","modified_gmt":"2025-06-29T11:26:11","slug":"jakab-4","status":"publish","type":"product","link":"https:\/\/uj.adatbank.ro\/lexikon\/termek\/jakab-4\/","title":{"rendered":"JAKAB"},"content":{"rendered":"<p>? \u2020\u00a0? : r. k. pap. \u2013 Nagyteremi pl\u00e9b\u00e1niatemplom papja, fizette a p\u00e1pai tizedet (1332). <br \/><strong>Irod.:<\/strong> L\u00e9sty\u00e1n \u2013 templomok<\/br><\/p>\n","protected":false},"excerpt":{"rendered":"<p>? \u2020\u00a0? : r. k. pap. \u2013 Nagyteremi pl\u00e9b\u00e1niatemplom papja, fizette a p\u00e1pai tizedet (1332). Irod.: L\u00e9sty\u00e1n \u2013 templomok<\/p>\n","protected":false},"featured_media":0,"comment_status":"open","ping_status":"closed","template":"","meta":[],"product_brand":[],"product_cat":[137],"product_tag":[],"class_list":{"0":"post-10624","1":"product","2":"type-product","3":"status-publish","5":"product_cat-maros-megyei-eletrajzi-lexikon","7":"first","8":"instock","9":"shipping-taxable","10":"product-type-simple"},"_links":{"self":[{"href":"https:\/\/uj.adatbank.ro\/lexikon\/wp-json\/wp\/v2\/product\/10624","targetHints":{"allow":["GET"]}}],"collection":[{"href":"https:\/\/uj.adatbank.ro\/lexikon\/wp-json\/wp\/v2\/product"}],"about":[{"href":"https:\/\/uj.adatbank.ro\/lexikon\/wp-json\/wp\/v2\/types\/product"}],"replies":[{"embeddable":true,"href":"https:\/\/uj.adatbank.ro\/lexikon\/wp-json\/wp\/v2\/comments?post=10624"}],"wp:attachment":[{"href":"https:\/\/uj.adatbank.ro\/lexikon\/wp-json\/wp\/v2\/media?parent=10624"}],"wp:term":[{"taxonomy":"product_brand","embeddable":true,"href":"https:\/\/uj.adatbank.ro\/lexikon\/wp-json\/wp\/v2\/product_brand?post=10624"},{"taxonomy":"product_cat","embeddable":true,"href":"https:\/\/uj.adatbank.ro\/lexikon\/wp-json\/wp\/v2\/product_cat?post=10624"},{"taxonomy":"product_tag","embeddable":true,"href":"https:\/\/uj.adatbank.ro\/lexikon\/wp-json\/wp\/v2\/product_tag?post=10624"}],"curies":[{"name":"wp","href":"https:\/\/api.w.org\/{rel}","templated":true}]}}