{"id":10629,"date":"2025-06-29T13:26:22","date_gmt":"2025-06-29T11:26:22","guid":{"rendered":"https:\/\/uj.adatbank.ro\/lexikon\/termek\/jakab-andras-dr-szentgericei\/"},"modified":"2025-06-29T13:26:22","modified_gmt":"2025-06-29T11:26:22","slug":"jakab-andras-dr-szentgericei","status":"publish","type":"product","link":"https:\/\/uj.adatbank.ro\/lexikon\/termek\/jakab-andras-dr-szentgericei\/","title":{"rendered":"JAKAB Andr\u00e1s, dr., szentgericei"},"content":{"rendered":"<p>Mv., 1944. \u2020\u00a0Mv., 1988: orvos. -. A k\u00f6z\u00e9piskol\u00e1t az Unirea L\u00edc.-ban v\u00e9gzett (1962), folytatta az Eg\u00e9szs\u00e9g\u00fcgyi Technikumban, a MOGYI \u00e1ltal\u00e1nos orvosi kar\u00e1n. A MOGYI \u2013ban v\u00e9gzett (1971). Beszterc\u00e9ben kezdte munk\u00e1j\u00e1t, egy \u00e9vet, Cintoson folytatta tev\u00e9kenys\u00e9g\u00e9t 16 \u00e9vig, hal\u00e1l\u00e1ig. S\u00edrja a mv.-i Ref. temet\u0151ben. <br \/><strong>Irod.:<\/strong> Kiss\u2013P\u00e9terffy\u2013P\u00e9terffy<\/br><\/p>\n","protected":false},"excerpt":{"rendered":"<p>Mv., 1944. \u2020\u00a0Mv., 1988: orvos. -. A k\u00f6z\u00e9piskol\u00e1t az Unirea L\u00edc.-ban v\u00e9gzett (1962), folytatta az Eg\u00e9szs\u00e9g\u00fcgyi Technikumban, a MOGYI \u00e1ltal\u00e1nos orvosi kar\u00e1n. A MOGYI \u2013ban v\u00e9gzett (1971). Beszterc\u00e9ben kezdte munk\u00e1j\u00e1t, egy \u00e9vet, Cintoson folytatta tev\u00e9kenys\u00e9g\u00e9t 16 \u00e9vig, hal\u00e1l\u00e1ig. S\u00edrja a mv.-i Ref. temet\u0151ben. Irod.: Kiss\u2013P\u00e9terffy\u2013P\u00e9terffy<\/p>\n","protected":false},"featured_media":0,"comment_status":"open","ping_status":"closed","template":"","meta":[],"product_brand":[],"product_cat":[137],"product_tag":[],"class_list":{"0":"post-10629","1":"product","2":"type-product","3":"status-publish","5":"product_cat-maros-megyei-eletrajzi-lexikon","7":"first","8":"instock","9":"shipping-taxable","10":"product-type-simple"},"_links":{"self":[{"href":"https:\/\/uj.adatbank.ro\/lexikon\/wp-json\/wp\/v2\/product\/10629","targetHints":{"allow":["GET"]}}],"collection":[{"href":"https:\/\/uj.adatbank.ro\/lexikon\/wp-json\/wp\/v2\/product"}],"about":[{"href":"https:\/\/uj.adatbank.ro\/lexikon\/wp-json\/wp\/v2\/types\/product"}],"replies":[{"embeddable":true,"href":"https:\/\/uj.adatbank.ro\/lexikon\/wp-json\/wp\/v2\/comments?post=10629"}],"wp:attachment":[{"href":"https:\/\/uj.adatbank.ro\/lexikon\/wp-json\/wp\/v2\/media?parent=10629"}],"wp:term":[{"taxonomy":"product_brand","embeddable":true,"href":"https:\/\/uj.adatbank.ro\/lexikon\/wp-json\/wp\/v2\/product_brand?post=10629"},{"taxonomy":"product_cat","embeddable":true,"href":"https:\/\/uj.adatbank.ro\/lexikon\/wp-json\/wp\/v2\/product_cat?post=10629"},{"taxonomy":"product_tag","embeddable":true,"href":"https:\/\/uj.adatbank.ro\/lexikon\/wp-json\/wp\/v2\/product_tag?post=10629"}],"curies":[{"name":"wp","href":"https:\/\/api.w.org\/{rel}","templated":true}]}}