{"id":10630,"date":"2025-06-29T13:26:23","date_gmt":"2025-06-29T11:26:23","guid":{"rendered":"https:\/\/uj.adatbank.ro\/lexikon\/termek\/jakab-andras-szentgericei\/"},"modified":"2025-06-29T13:26:23","modified_gmt":"2025-06-29T11:26:23","slug":"jakab-andras-szentgericei","status":"publish","type":"product","link":"https:\/\/uj.adatbank.ro\/lexikon\/termek\/jakab-andras-szentgericei\/","title":{"rendered":"JAKAB Andr\u00e1s, szentgericei"},"content":{"rendered":"<p>1869.? \u2020\u00a0Mv., 1929. aug. 13. P\u00f3k\u00e1ban temett\u00e9k: f\u00f6ldbirtokos. \u2013 Unoka\u00f6ccsei: Jakab Zolt\u00e1n \u00e9s Jakab B\u00e9la. <br \/><strong>Irod.:<\/strong> Gy\u00e1szjelent\u0151<\/br><\/p>\n","protected":false},"excerpt":{"rendered":"<p>1869.? \u2020\u00a0Mv., 1929. aug. 13. P\u00f3k\u00e1ban temett\u00e9k: f\u00f6ldbirtokos. \u2013 Unoka\u00f6ccsei: Jakab Zolt\u00e1n \u00e9s Jakab B\u00e9la. Irod.: Gy\u00e1szjelent\u0151<\/p>\n","protected":false},"featured_media":0,"comment_status":"open","ping_status":"closed","template":"","meta":[],"product_brand":[],"product_cat":[137],"product_tag":[],"class_list":{"0":"post-10630","1":"product","2":"type-product","3":"status-publish","5":"product_cat-maros-megyei-eletrajzi-lexikon","7":"first","8":"instock","9":"shipping-taxable","10":"product-type-simple"},"_links":{"self":[{"href":"https:\/\/uj.adatbank.ro\/lexikon\/wp-json\/wp\/v2\/product\/10630","targetHints":{"allow":["GET"]}}],"collection":[{"href":"https:\/\/uj.adatbank.ro\/lexikon\/wp-json\/wp\/v2\/product"}],"about":[{"href":"https:\/\/uj.adatbank.ro\/lexikon\/wp-json\/wp\/v2\/types\/product"}],"replies":[{"embeddable":true,"href":"https:\/\/uj.adatbank.ro\/lexikon\/wp-json\/wp\/v2\/comments?post=10630"}],"wp:attachment":[{"href":"https:\/\/uj.adatbank.ro\/lexikon\/wp-json\/wp\/v2\/media?parent=10630"}],"wp:term":[{"taxonomy":"product_brand","embeddable":true,"href":"https:\/\/uj.adatbank.ro\/lexikon\/wp-json\/wp\/v2\/product_brand?post=10630"},{"taxonomy":"product_cat","embeddable":true,"href":"https:\/\/uj.adatbank.ro\/lexikon\/wp-json\/wp\/v2\/product_cat?post=10630"},{"taxonomy":"product_tag","embeddable":true,"href":"https:\/\/uj.adatbank.ro\/lexikon\/wp-json\/wp\/v2\/product_tag?post=10630"}],"curies":[{"name":"wp","href":"https:\/\/api.w.org\/{rel}","templated":true}]}}