{"id":10631,"date":"2025-06-29T13:26:25","date_gmt":"2025-06-29T11:26:25","guid":{"rendered":"https:\/\/uj.adatbank.ro\/lexikon\/termek\/jakab-antal\/"},"modified":"2025-06-29T13:26:25","modified_gmt":"2025-06-29T11:26:25","slug":"jakab-antal","status":"publish","type":"product","link":"https:\/\/uj.adatbank.ro\/lexikon\/termek\/jakab-antal\/","title":{"rendered":"JAKAB Antal"},"content":{"rendered":"<p>Kocsord, 1830., \u2020 Penyige, 1919. j\u00fal. 25.: ref. lelk\u00e9sz. \u2013 Tanulm\u00e1nyait S\u00e1rospatakon v\u00e9gezte (1855), s k\u00f6zben mint honv\u00e9d\u0151rmester szolg\u00e1lt (1848\u201349). A mv.-i Ref. Koll. tan\u00e1ra (1855\u201358), k\u00e1pl\u00e1n Szatm\u00e1rn\u00e9metiben, Kocsordon (1858\u201361), Zsaroly\u00e1nban (1861\u201364), ref. lelk\u00e9sz Penyig\u00e9n (1864-.). <strong>Cikke:<\/strong> a Debreceni Protest\u00e1ns Lapban. <br \/><strong>Irod.:<\/strong> Guly\u00e1s<\/br><\/p>\n","protected":false},"excerpt":{"rendered":"<p>Kocsord, 1830., \u2020 Penyige, 1919. j\u00fal. 25.: ref. lelk\u00e9sz. \u2013 Tanulm\u00e1nyait S\u00e1rospatakon v\u00e9gezte (1855), s k\u00f6zben mint honv\u00e9d\u0151rmester szolg\u00e1lt (1848\u201349). A mv.-i Ref. Koll. tan\u00e1ra (1855\u201358), k\u00e1pl\u00e1n Szatm\u00e1rn\u00e9metiben, Kocsordon (1858\u201361), Zsaroly\u00e1nban (1861\u201364), ref. lelk\u00e9sz Penyig\u00e9n (1864-.). Cikke: a Debreceni Protest\u00e1ns Lapban. Irod.: Guly\u00e1s<\/p>\n","protected":false},"featured_media":0,"comment_status":"open","ping_status":"closed","template":"","meta":[],"product_brand":[],"product_cat":[137],"product_tag":[],"class_list":{"0":"post-10631","1":"product","2":"type-product","3":"status-publish","5":"product_cat-maros-megyei-eletrajzi-lexikon","7":"first","8":"instock","9":"shipping-taxable","10":"product-type-simple"},"_links":{"self":[{"href":"https:\/\/uj.adatbank.ro\/lexikon\/wp-json\/wp\/v2\/product\/10631","targetHints":{"allow":["GET"]}}],"collection":[{"href":"https:\/\/uj.adatbank.ro\/lexikon\/wp-json\/wp\/v2\/product"}],"about":[{"href":"https:\/\/uj.adatbank.ro\/lexikon\/wp-json\/wp\/v2\/types\/product"}],"replies":[{"embeddable":true,"href":"https:\/\/uj.adatbank.ro\/lexikon\/wp-json\/wp\/v2\/comments?post=10631"}],"wp:attachment":[{"href":"https:\/\/uj.adatbank.ro\/lexikon\/wp-json\/wp\/v2\/media?parent=10631"}],"wp:term":[{"taxonomy":"product_brand","embeddable":true,"href":"https:\/\/uj.adatbank.ro\/lexikon\/wp-json\/wp\/v2\/product_brand?post=10631"},{"taxonomy":"product_cat","embeddable":true,"href":"https:\/\/uj.adatbank.ro\/lexikon\/wp-json\/wp\/v2\/product_cat?post=10631"},{"taxonomy":"product_tag","embeddable":true,"href":"https:\/\/uj.adatbank.ro\/lexikon\/wp-json\/wp\/v2\/product_tag?post=10631"}],"curies":[{"name":"wp","href":"https:\/\/api.w.org\/{rel}","templated":true}]}}