{"id":10633,"date":"2025-06-29T13:26:30","date_gmt":"2025-06-29T11:26:30","guid":{"rendered":"https:\/\/uj.adatbank.ro\/lexikon\/termek\/jakab-antal-3\/"},"modified":"2025-06-29T13:26:30","modified_gmt":"2025-06-29T11:26:30","slug":"jakab-antal-3","status":"publish","type":"product","link":"https:\/\/uj.adatbank.ro\/lexikon\/termek\/jakab-antal-3\/","title":{"rendered":"JAKAB Antal"},"content":{"rendered":"<p>? \u2020\u00a0?: lapszerkeszt\u0151. \u2013 Mv.-en szerkesztette a Sz\u00e9kely Sz\u00f3 c. jobboldali politikai napilapot (1941. dec. \u2013 1944. szept. 27.), Kv. -r\u00f3l telepedett \u00e1t. <br \/><strong>Irod.:<\/strong> Id\u0151t\u00e1r 3<\/br><\/p>\n","protected":false},"excerpt":{"rendered":"<p>? \u2020\u00a0?: lapszerkeszt\u0151. \u2013 Mv.-en szerkesztette a Sz\u00e9kely Sz\u00f3 c. jobboldali politikai napilapot (1941. dec. \u2013 1944. szept. 27.), Kv. -r\u00f3l telepedett \u00e1t. Irod.: Id\u0151t\u00e1r 3<\/p>\n","protected":false},"featured_media":0,"comment_status":"open","ping_status":"closed","template":"","meta":[],"product_brand":[],"product_cat":[137],"product_tag":[],"class_list":{"0":"post-10633","1":"product","2":"type-product","3":"status-publish","5":"product_cat-maros-megyei-eletrajzi-lexikon","7":"first","8":"instock","9":"shipping-taxable","10":"product-type-simple"},"_links":{"self":[{"href":"https:\/\/uj.adatbank.ro\/lexikon\/wp-json\/wp\/v2\/product\/10633","targetHints":{"allow":["GET"]}}],"collection":[{"href":"https:\/\/uj.adatbank.ro\/lexikon\/wp-json\/wp\/v2\/product"}],"about":[{"href":"https:\/\/uj.adatbank.ro\/lexikon\/wp-json\/wp\/v2\/types\/product"}],"replies":[{"embeddable":true,"href":"https:\/\/uj.adatbank.ro\/lexikon\/wp-json\/wp\/v2\/comments?post=10633"}],"wp:attachment":[{"href":"https:\/\/uj.adatbank.ro\/lexikon\/wp-json\/wp\/v2\/media?parent=10633"}],"wp:term":[{"taxonomy":"product_brand","embeddable":true,"href":"https:\/\/uj.adatbank.ro\/lexikon\/wp-json\/wp\/v2\/product_brand?post=10633"},{"taxonomy":"product_cat","embeddable":true,"href":"https:\/\/uj.adatbank.ro\/lexikon\/wp-json\/wp\/v2\/product_cat?post=10633"},{"taxonomy":"product_tag","embeddable":true,"href":"https:\/\/uj.adatbank.ro\/lexikon\/wp-json\/wp\/v2\/product_tag?post=10633"}],"curies":[{"name":"wp","href":"https:\/\/api.w.org\/{rel}","templated":true}]}}