{"id":10634,"date":"2025-06-29T13:26:32","date_gmt":"2025-06-29T11:26:32","guid":{"rendered":"https:\/\/uj.adatbank.ro\/lexikon\/termek\/jakab-arpad\/"},"modified":"2025-06-29T13:26:32","modified_gmt":"2025-06-29T11:26:32","slug":"jakab-arpad","status":"publish","type":"product","link":"https:\/\/uj.adatbank.ro\/lexikon\/termek\/jakab-arpad\/","title":{"rendered":"JAKAB \u00c1rp\u00e1d"},"content":{"rendered":"<p>Vadasd, ? \u2020\u00a0? : aljegyz\u00f3. \u2013 Vadasdi sz\u00e1rmaz\u00e1s\u00fa, Erzs\u00e9betv\u00e1roson volt m. k. aljegyz\u0151. Kezdem\u00e9nyez\u00e9s\u00e9re Vadasdon is megalakult a N\u00e9pk\u00f6nyvt\u00e1r \u00e9s Olvas\u00f3k\u00f6r (1890), p\u00e9nzt gy\u0171jt\u00f6ttek \u00e9s az adakoz\u00f3k k\u00f6z\u00f6tt volt Jakab \u00d6d\u00f6n is. <br \/><strong>Irod.:<\/strong> Vadasdi kr\u00f3nika<\/br><\/p>\n","protected":false},"excerpt":{"rendered":"<p>Vadasd, ? \u2020\u00a0? : aljegyz\u00f3. \u2013 Vadasdi sz\u00e1rmaz\u00e1s\u00fa, Erzs\u00e9betv\u00e1roson volt m. k. aljegyz\u0151. Kezdem\u00e9nyez\u00e9s\u00e9re Vadasdon is megalakult a N\u00e9pk\u00f6nyvt\u00e1r \u00e9s Olvas\u00f3k\u00f6r (1890), p\u00e9nzt gy\u0171jt\u00f6ttek \u00e9s az adakoz\u00f3k k\u00f6z\u00f6tt volt Jakab \u00d6d\u00f6n is. Irod.: Vadasdi kr\u00f3nika<\/p>\n","protected":false},"featured_media":0,"comment_status":"open","ping_status":"closed","template":"","meta":[],"product_brand":[],"product_cat":[137],"product_tag":[],"class_list":{"0":"post-10634","1":"product","2":"type-product","3":"status-publish","5":"product_cat-maros-megyei-eletrajzi-lexikon","7":"first","8":"instock","9":"shipping-taxable","10":"product-type-simple"},"_links":{"self":[{"href":"https:\/\/uj.adatbank.ro\/lexikon\/wp-json\/wp\/v2\/product\/10634","targetHints":{"allow":["GET"]}}],"collection":[{"href":"https:\/\/uj.adatbank.ro\/lexikon\/wp-json\/wp\/v2\/product"}],"about":[{"href":"https:\/\/uj.adatbank.ro\/lexikon\/wp-json\/wp\/v2\/types\/product"}],"replies":[{"embeddable":true,"href":"https:\/\/uj.adatbank.ro\/lexikon\/wp-json\/wp\/v2\/comments?post=10634"}],"wp:attachment":[{"href":"https:\/\/uj.adatbank.ro\/lexikon\/wp-json\/wp\/v2\/media?parent=10634"}],"wp:term":[{"taxonomy":"product_brand","embeddable":true,"href":"https:\/\/uj.adatbank.ro\/lexikon\/wp-json\/wp\/v2\/product_brand?post=10634"},{"taxonomy":"product_cat","embeddable":true,"href":"https:\/\/uj.adatbank.ro\/lexikon\/wp-json\/wp\/v2\/product_cat?post=10634"},{"taxonomy":"product_tag","embeddable":true,"href":"https:\/\/uj.adatbank.ro\/lexikon\/wp-json\/wp\/v2\/product_tag?post=10634"}],"curies":[{"name":"wp","href":"https:\/\/api.w.org\/{rel}","templated":true}]}}