{"id":10635,"date":"2025-06-29T13:26:33","date_gmt":"2025-06-29T11:26:33","guid":{"rendered":"https:\/\/uj.adatbank.ro\/lexikon\/termek\/jakab-arpad-2\/"},"modified":"2025-06-29T13:26:33","modified_gmt":"2025-06-29T11:26:33","slug":"jakab-arpad-2","status":"publish","type":"product","link":"https:\/\/uj.adatbank.ro\/lexikon\/termek\/jakab-arpad-2\/","title":{"rendered":"JAKAB \u00c1rp\u00e1d"},"content":{"rendered":"<p>? \u2020\u00a0? : sz\u00edn\u00e9sz. \u2013 A Mv.-i Sz\u00e9kely Sz\u00ednh\u00e1z tagja (1945\u201347). \u2013 <strong>F. sz.:<\/strong> Miska, f\u0151pinc\u00e9r (K\u00e1lm\u00e1n Imre: Sylvia); Jean, di\u00e1k (Paul Laurent: Szerelmes di\u00e1kok); Hirn\u00f6k (Johann Strauss: A cig\u00e1nyb\u00e1r\u00f3); II. \u00far (Jakobi Viktor: Sybill); T\u00f6rv\u00e9nysz\u00e9ki jegyz\u0151 (Eisemann Mih\u00e1ly: Egy cs\u00f3k \u00e9s m\u00e1s semmi); Sz\u00e1lloda titk\u00e1r ( Eisemann Mih\u00e1ly: Fekete P\u00e9ter); Tommy, mixer (K\u00e1lm\u00e1n Imre: Bajad\u00e9r); Ajt\u00f3n\u00e1ll\u00f3 (Heltai Jen\u0151: A n\u00e9ma levente); Zsorzs, inas (Szirmai Albert: M\u00e1gn\u00e1s Miska); \u00dar (Kov\u00e1ts Dezs\u0151: Egyiptomi legenda); Ny\u00e1m-Ny\u00e1m (Marci, mint Robinson); Kopik, suszter (F\u00e9nyes Szabolcs: V\u00e9n di\u00f3fa); F\u0151pinc\u00e9r (Vaszary G\u00e1bor: Mondj igazat); Lev\u00e9lhord\u00f3 (Schubert- Bert\u00e9: H\u00e1rom a kisl\u00e1ny); Laci (F\u00e9nyes Szabolcs: Az utols\u00f3 Vereb\u00e9ly l\u00e1ny); 1. pinc\u00e9r (Carlo de Fries: Ilyenek a f\u00e9rfiak). <br \/><strong>Irod.:<\/strong> Horv\u00e1th Bea<\/br><\/p>\n","protected":false},"excerpt":{"rendered":"<p>? \u2020\u00a0? : sz\u00edn\u00e9sz. \u2013 A Mv.-i Sz\u00e9kely Sz\u00ednh\u00e1z tagja (1945\u201347). \u2013 F. sz.: Miska, f\u0151pinc\u00e9r (K\u00e1lm\u00e1n Imre: Sylvia); Jean, di\u00e1k (Paul Laurent: Szerelmes di\u00e1kok); Hirn\u00f6k (Johann Strauss: A cig\u00e1nyb\u00e1r\u00f3); II. \u00far (Jakobi Viktor: Sybill); T\u00f6rv\u00e9nysz\u00e9ki jegyz\u0151 (Eisemann Mih\u00e1ly: Egy cs\u00f3k \u00e9s m\u00e1s semmi); Sz\u00e1lloda titk\u00e1r ( Eisemann Mih\u00e1ly: Fekete P\u00e9ter); Tommy, mixer (K\u00e1lm\u00e1n Imre: [&hellip;]<\/p>\n","protected":false},"featured_media":0,"comment_status":"open","ping_status":"closed","template":"","meta":[],"product_brand":[],"product_cat":[137],"product_tag":[],"class_list":{"0":"post-10635","1":"product","2":"type-product","3":"status-publish","5":"product_cat-maros-megyei-eletrajzi-lexikon","7":"first","8":"instock","9":"shipping-taxable","10":"product-type-simple"},"_links":{"self":[{"href":"https:\/\/uj.adatbank.ro\/lexikon\/wp-json\/wp\/v2\/product\/10635","targetHints":{"allow":["GET"]}}],"collection":[{"href":"https:\/\/uj.adatbank.ro\/lexikon\/wp-json\/wp\/v2\/product"}],"about":[{"href":"https:\/\/uj.adatbank.ro\/lexikon\/wp-json\/wp\/v2\/types\/product"}],"replies":[{"embeddable":true,"href":"https:\/\/uj.adatbank.ro\/lexikon\/wp-json\/wp\/v2\/comments?post=10635"}],"wp:attachment":[{"href":"https:\/\/uj.adatbank.ro\/lexikon\/wp-json\/wp\/v2\/media?parent=10635"}],"wp:term":[{"taxonomy":"product_brand","embeddable":true,"href":"https:\/\/uj.adatbank.ro\/lexikon\/wp-json\/wp\/v2\/product_brand?post=10635"},{"taxonomy":"product_cat","embeddable":true,"href":"https:\/\/uj.adatbank.ro\/lexikon\/wp-json\/wp\/v2\/product_cat?post=10635"},{"taxonomy":"product_tag","embeddable":true,"href":"https:\/\/uj.adatbank.ro\/lexikon\/wp-json\/wp\/v2\/product_tag?post=10635"}],"curies":[{"name":"wp","href":"https:\/\/api.w.org\/{rel}","templated":true}]}}