{"id":10639,"date":"2025-06-29T13:26:42","date_gmt":"2025-06-29T11:26:42","guid":{"rendered":"https:\/\/uj.adatbank.ro\/lexikon\/termek\/jakab-elek\/"},"modified":"2025-06-29T13:26:42","modified_gmt":"2025-06-29T11:26:42","slug":"jakab-elek","status":"publish","type":"product","link":"https:\/\/uj.adatbank.ro\/lexikon\/termek\/jakab-elek\/","title":{"rendered":"JAKAB Elek"},"content":{"rendered":"<p>1949, \u2020 Mv., 2008. \u00e1pr. 1: : \u00e9p\u00edt\u00e9sz. \u2013 A sz\u00e1szmedgyesi kat. temet\u0151be temett\u00e9k. \u2013 A Romgaz Rt. vez\u00e9rigazgat\u00f3ja. A rom\u00e1niai rendszerv\u00e1lt\u00e1s el\u0151tt (1989) Sz\u00e1szmedgyesen szabadegyetemet alap\u00edtott, m. iskol\u00e1t \u00e9s m. h\u00e1zat hozott l\u00e9tre a rendszerv\u00e1lt\u00e1s ut\u00e1n. <br \/><strong>Irod.:<\/strong> Benedek Imre: J. E. (1949\u20132008) (Kr\u00f3nika, 2008. \u00e1pr. 2.)<\/br><\/p>\n","protected":false},"excerpt":{"rendered":"<p>1949, \u2020 Mv., 2008. \u00e1pr. 1: : \u00e9p\u00edt\u00e9sz. \u2013 A sz\u00e1szmedgyesi kat. temet\u0151be temett\u00e9k. \u2013 A Romgaz Rt. vez\u00e9rigazgat\u00f3ja. A rom\u00e1niai rendszerv\u00e1lt\u00e1s el\u0151tt (1989) Sz\u00e1szmedgyesen szabadegyetemet alap\u00edtott, m. iskol\u00e1t \u00e9s m. h\u00e1zat hozott l\u00e9tre a rendszerv\u00e1lt\u00e1s ut\u00e1n. Irod.: Benedek Imre: J. E. (1949\u20132008) (Kr\u00f3nika, 2008. \u00e1pr. 2.)<\/p>\n","protected":false},"featured_media":0,"comment_status":"open","ping_status":"closed","template":"","meta":[],"product_brand":[],"product_cat":[137],"product_tag":[],"class_list":{"0":"post-10639","1":"product","2":"type-product","3":"status-publish","5":"product_cat-maros-megyei-eletrajzi-lexikon","7":"first","8":"instock","9":"shipping-taxable","10":"product-type-simple"},"_links":{"self":[{"href":"https:\/\/uj.adatbank.ro\/lexikon\/wp-json\/wp\/v2\/product\/10639","targetHints":{"allow":["GET"]}}],"collection":[{"href":"https:\/\/uj.adatbank.ro\/lexikon\/wp-json\/wp\/v2\/product"}],"about":[{"href":"https:\/\/uj.adatbank.ro\/lexikon\/wp-json\/wp\/v2\/types\/product"}],"replies":[{"embeddable":true,"href":"https:\/\/uj.adatbank.ro\/lexikon\/wp-json\/wp\/v2\/comments?post=10639"}],"wp:attachment":[{"href":"https:\/\/uj.adatbank.ro\/lexikon\/wp-json\/wp\/v2\/media?parent=10639"}],"wp:term":[{"taxonomy":"product_brand","embeddable":true,"href":"https:\/\/uj.adatbank.ro\/lexikon\/wp-json\/wp\/v2\/product_brand?post=10639"},{"taxonomy":"product_cat","embeddable":true,"href":"https:\/\/uj.adatbank.ro\/lexikon\/wp-json\/wp\/v2\/product_cat?post=10639"},{"taxonomy":"product_tag","embeddable":true,"href":"https:\/\/uj.adatbank.ro\/lexikon\/wp-json\/wp\/v2\/product_tag?post=10639"}],"curies":[{"name":"wp","href":"https:\/\/api.w.org\/{rel}","templated":true}]}}