{"id":10641,"date":"2025-06-29T13:26:46","date_gmt":"2025-06-29T11:26:46","guid":{"rendered":"https:\/\/uj.adatbank.ro\/lexikon\/termek\/jakab-elek-szentgericei\/"},"modified":"2025-06-29T13:26:46","modified_gmt":"2025-06-29T11:26:46","slug":"jakab-elek-szentgericei","status":"publish","type":"product","link":"https:\/\/uj.adatbank.ro\/lexikon\/termek\/jakab-elek-szentgericei\/","title":{"rendered":"JAKAB Elek, szentgericei"},"content":{"rendered":"<p>Szab\u00e9d, 1874., \u2020\u00a0?: f\u00f6ldbirtokos. \u2013 Iskol\u00e1i elv\u00e9gz\u00e9se ut\u00e1n \u00f6n\u00e1ll\u00f3 keresked\u0151 lett, majd gazd\u00e1lkod\u00e1ssal foglalkozott sz\u00fcl\u0151faluj\u00e1ban. Volt virilis k\u00f6zs\u00e9gi k\u00e9pvisel\u0151test\u00fcleti tag. Az els\u0151 vh.-ban orosz fogs\u00e1gba esett \u00e9s csak 1921-ben t\u00e9rt haza. Jakab Elek kezdte meg a Kossuth-k\u00e9ziratok feldolgoz\u00e1s\u00e1t. <br \/><strong>Irod.:<\/strong> Sz\u00e9kelyf\u00f6ld \u00ed. k.<\/br><\/p>\n","protected":false},"excerpt":{"rendered":"<p>Szab\u00e9d, 1874., \u2020\u00a0?: f\u00f6ldbirtokos. \u2013 Iskol\u00e1i elv\u00e9gz\u00e9se ut\u00e1n \u00f6n\u00e1ll\u00f3 keresked\u0151 lett, majd gazd\u00e1lkod\u00e1ssal foglalkozott sz\u00fcl\u0151faluj\u00e1ban. Volt virilis k\u00f6zs\u00e9gi k\u00e9pvisel\u0151test\u00fcleti tag. Az els\u0151 vh.-ban orosz fogs\u00e1gba esett \u00e9s csak 1921-ben t\u00e9rt haza. Jakab Elek kezdte meg a Kossuth-k\u00e9ziratok feldolgoz\u00e1s\u00e1t. Irod.: Sz\u00e9kelyf\u00f6ld \u00ed. k.<\/p>\n","protected":false},"featured_media":0,"comment_status":"open","ping_status":"closed","template":"","meta":[],"product_brand":[],"product_cat":[137],"product_tag":[],"class_list":{"0":"post-10641","1":"product","2":"type-product","3":"status-publish","5":"product_cat-maros-megyei-eletrajzi-lexikon","7":"first","8":"instock","9":"shipping-taxable","10":"product-type-simple"},"_links":{"self":[{"href":"https:\/\/uj.adatbank.ro\/lexikon\/wp-json\/wp\/v2\/product\/10641","targetHints":{"allow":["GET"]}}],"collection":[{"href":"https:\/\/uj.adatbank.ro\/lexikon\/wp-json\/wp\/v2\/product"}],"about":[{"href":"https:\/\/uj.adatbank.ro\/lexikon\/wp-json\/wp\/v2\/types\/product"}],"replies":[{"embeddable":true,"href":"https:\/\/uj.adatbank.ro\/lexikon\/wp-json\/wp\/v2\/comments?post=10641"}],"wp:attachment":[{"href":"https:\/\/uj.adatbank.ro\/lexikon\/wp-json\/wp\/v2\/media?parent=10641"}],"wp:term":[{"taxonomy":"product_brand","embeddable":true,"href":"https:\/\/uj.adatbank.ro\/lexikon\/wp-json\/wp\/v2\/product_brand?post=10641"},{"taxonomy":"product_cat","embeddable":true,"href":"https:\/\/uj.adatbank.ro\/lexikon\/wp-json\/wp\/v2\/product_cat?post=10641"},{"taxonomy":"product_tag","embeddable":true,"href":"https:\/\/uj.adatbank.ro\/lexikon\/wp-json\/wp\/v2\/product_tag?post=10641"}],"curies":[{"name":"wp","href":"https:\/\/api.w.org\/{rel}","templated":true}]}}