{"id":10643,"date":"2025-06-29T13:26:50","date_gmt":"2025-06-29T11:26:50","guid":{"rendered":"https:\/\/uj.adatbank.ro\/lexikon\/termek\/jakab-erno\/"},"modified":"2025-06-29T13:26:50","modified_gmt":"2025-06-29T11:26:50","slug":"jakab-erno","status":"publish","type":"product","link":"https:\/\/uj.adatbank.ro\/lexikon\/termek\/jakab-erno\/","title":{"rendered":"JAKAB Ern\u0151"},"content":{"rendered":"<p>Petrilla, 1901. okt. 9., \u2020\u00a0Mv., 1984.: \u00fajs\u00e1g\u00edr\u00f3, szerk., r\u00e1di\u00f3bemond\u00f3. \u2013 Feles\u00e9ge: J. Margit \/ Manyi (1903. -Mv., 1987. jan. 23.), a mv.-i R\u00e1di\u00f3-studi\u00f3 volt munkat\u00e1rsa. \u2013 A buk.-i El\u0151re c. lap korrektora. A mv.-i R\u00e1di\u00f3 St\u00fadi\u00f3 m. ad\u00e1s\u00e1nak els\u0151 bemond\u00f3ja (1957). \u2013 <strong>F. m.:<\/strong> ford: Hasdeu, B. P.: Rettegett J\u00e1nos Vajda: r\u00e9szlet = A rom\u00e1n irodalom kis t\u00fckre (2. k\u00f6t.; Buk., 1962); G\u00eerleanu Emil: A bog\u00e1rka (ford. Beke Gy\u00f6rgy-el, Buk., 1965, 1966). <br \/><strong>Irod.:<\/strong> csal\u00e1di inf.; R\u00e9thy\u2013\u00dajv\u00e1ri\u2013V\u00e1czi<\/br><\/p>\n","protected":false},"excerpt":{"rendered":"<p>Petrilla, 1901. okt. 9., \u2020\u00a0Mv., 1984.: \u00fajs\u00e1g\u00edr\u00f3, szerk., r\u00e1di\u00f3bemond\u00f3. \u2013 Feles\u00e9ge: J. Margit \/ Manyi (1903. -Mv., 1987. jan. 23.), a mv.-i R\u00e1di\u00f3-studi\u00f3 volt munkat\u00e1rsa. \u2013 A buk.-i El\u0151re c. lap korrektora. A mv.-i R\u00e1di\u00f3 St\u00fadi\u00f3 m. ad\u00e1s\u00e1nak els\u0151 bemond\u00f3ja (1957). \u2013 F. m.: ford: Hasdeu, B. P.: Rettegett J\u00e1nos Vajda: r\u00e9szlet = A rom\u00e1n [&hellip;]<\/p>\n","protected":false},"featured_media":0,"comment_status":"open","ping_status":"closed","template":"","meta":[],"product_brand":[],"product_cat":[137],"product_tag":[],"class_list":{"0":"post-10643","1":"product","2":"type-product","3":"status-publish","5":"product_cat-maros-megyei-eletrajzi-lexikon","7":"first","8":"instock","9":"shipping-taxable","10":"product-type-simple"},"_links":{"self":[{"href":"https:\/\/uj.adatbank.ro\/lexikon\/wp-json\/wp\/v2\/product\/10643","targetHints":{"allow":["GET"]}}],"collection":[{"href":"https:\/\/uj.adatbank.ro\/lexikon\/wp-json\/wp\/v2\/product"}],"about":[{"href":"https:\/\/uj.adatbank.ro\/lexikon\/wp-json\/wp\/v2\/types\/product"}],"replies":[{"embeddable":true,"href":"https:\/\/uj.adatbank.ro\/lexikon\/wp-json\/wp\/v2\/comments?post=10643"}],"wp:attachment":[{"href":"https:\/\/uj.adatbank.ro\/lexikon\/wp-json\/wp\/v2\/media?parent=10643"}],"wp:term":[{"taxonomy":"product_brand","embeddable":true,"href":"https:\/\/uj.adatbank.ro\/lexikon\/wp-json\/wp\/v2\/product_brand?post=10643"},{"taxonomy":"product_cat","embeddable":true,"href":"https:\/\/uj.adatbank.ro\/lexikon\/wp-json\/wp\/v2\/product_cat?post=10643"},{"taxonomy":"product_tag","embeddable":true,"href":"https:\/\/uj.adatbank.ro\/lexikon\/wp-json\/wp\/v2\/product_tag?post=10643"}],"curies":[{"name":"wp","href":"https:\/\/api.w.org\/{rel}","templated":true}]}}