{"id":10645,"date":"2025-06-29T13:26:53","date_gmt":"2025-06-29T11:26:53","guid":{"rendered":"https:\/\/uj.adatbank.ro\/lexikon\/termek\/jakab-gyorgy-2\/"},"modified":"2025-06-29T13:26:53","modified_gmt":"2025-06-29T11:26:53","slug":"jakab-gyorgy-2","status":"publish","type":"product","link":"https:\/\/uj.adatbank.ro\/lexikon\/termek\/jakab-gyorgy-2\/","title":{"rendered":"JAKAB Gy\u00f6rgy"},"content":{"rendered":"<p>Kissz\u00e1ll\u00e1s, 1902, \u2020\u00a0?: jegyz\u0151. \u2013 Tanulm\u00e1nyait Erzs\u00e9betv\u00e1roson \u00e9s Fogarason v\u00e9gezte. J\u00f3son kezdte p\u00e1ly\u00e1j\u00e1t (1922), Ny\u00e1r\u00e1dg\u00e1lfalv\u00e1n, majd Palotailv\u00e1n k\u00f6zs\u00e9gi jegyz\u0151. A k\u00f6zs\u00e9g minden kultur\u00e1lis \u00e9s t\u00e1rsadalmi egyes\u00fclet\u00e9nek vezet\u00e9s\u00e9ben r\u00e9szt vett <br \/><strong>Irod.:<\/strong> Sz\u00e9kelyf\u00f6ld \u00ed. k.<\/br><\/p>\n","protected":false},"excerpt":{"rendered":"<p>Kissz\u00e1ll\u00e1s, 1902, \u2020\u00a0?: jegyz\u0151. \u2013 Tanulm\u00e1nyait Erzs\u00e9betv\u00e1roson \u00e9s Fogarason v\u00e9gezte. J\u00f3son kezdte p\u00e1ly\u00e1j\u00e1t (1922), Ny\u00e1r\u00e1dg\u00e1lfalv\u00e1n, majd Palotailv\u00e1n k\u00f6zs\u00e9gi jegyz\u0151. A k\u00f6zs\u00e9g minden kultur\u00e1lis \u00e9s t\u00e1rsadalmi egyes\u00fclet\u00e9nek vezet\u00e9s\u00e9ben r\u00e9szt vett Irod.: Sz\u00e9kelyf\u00f6ld \u00ed. k.<\/p>\n","protected":false},"featured_media":0,"comment_status":"open","ping_status":"closed","template":"","meta":[],"product_brand":[],"product_cat":[137],"product_tag":[],"class_list":{"0":"post-10645","1":"product","2":"type-product","3":"status-publish","5":"product_cat-maros-megyei-eletrajzi-lexikon","7":"first","8":"instock","9":"shipping-taxable","10":"product-type-simple"},"_links":{"self":[{"href":"https:\/\/uj.adatbank.ro\/lexikon\/wp-json\/wp\/v2\/product\/10645","targetHints":{"allow":["GET"]}}],"collection":[{"href":"https:\/\/uj.adatbank.ro\/lexikon\/wp-json\/wp\/v2\/product"}],"about":[{"href":"https:\/\/uj.adatbank.ro\/lexikon\/wp-json\/wp\/v2\/types\/product"}],"replies":[{"embeddable":true,"href":"https:\/\/uj.adatbank.ro\/lexikon\/wp-json\/wp\/v2\/comments?post=10645"}],"wp:attachment":[{"href":"https:\/\/uj.adatbank.ro\/lexikon\/wp-json\/wp\/v2\/media?parent=10645"}],"wp:term":[{"taxonomy":"product_brand","embeddable":true,"href":"https:\/\/uj.adatbank.ro\/lexikon\/wp-json\/wp\/v2\/product_brand?post=10645"},{"taxonomy":"product_cat","embeddable":true,"href":"https:\/\/uj.adatbank.ro\/lexikon\/wp-json\/wp\/v2\/product_cat?post=10645"},{"taxonomy":"product_tag","embeddable":true,"href":"https:\/\/uj.adatbank.ro\/lexikon\/wp-json\/wp\/v2\/product_tag?post=10645"}],"curies":[{"name":"wp","href":"https:\/\/api.w.org\/{rel}","templated":true}]}}