{"id":10646,"date":"2025-06-29T13:26:55","date_gmt":"2025-06-29T11:26:55","guid":{"rendered":"https:\/\/uj.adatbank.ro\/lexikon\/termek\/jakab-gyorgy-szentgericei\/"},"modified":"2025-06-29T13:26:55","modified_gmt":"2025-06-29T11:26:55","slug":"jakab-gyorgy-szentgericei","status":"publish","type":"product","link":"https:\/\/uj.adatbank.ro\/lexikon\/termek\/jakab-gyorgy-szentgericei\/","title":{"rendered":"JAKAB Gy\u00f6rgy, szentgericei"},"content":{"rendered":"<p>? \u2020\u00a0? : nemes. \u2013 Apja: Simon. Testv\u00e9rei: Andr\u00e1s, Mih\u00e1ly \u00e9s Istv\u00e1n. \u2013 K\u00f6z\u00f6sen kaptak nemeslevelet (1649. febr. 10.). Testv\u00e9reivel k\u00f6vett\u00e9k II. R\u00e1k\u00f3czi Gy\u00f6rgy\u00f6t a lengyelorsz\u00e1gi hadj\u00e1ratban (1657), h\u00e1rman elestek, egyed\u00fcl ker\u00fclt haza. <br \/><strong>Irod.:<\/strong> Kempelen; Nagy Iv\u00e1n; P\u00e1lmay<\/br><\/p>\n","protected":false},"excerpt":{"rendered":"<p>? \u2020\u00a0? : nemes. \u2013 Apja: Simon. Testv\u00e9rei: Andr\u00e1s, Mih\u00e1ly \u00e9s Istv\u00e1n. \u2013 K\u00f6z\u00f6sen kaptak nemeslevelet (1649. febr. 10.). Testv\u00e9reivel k\u00f6vett\u00e9k II. R\u00e1k\u00f3czi Gy\u00f6rgy\u00f6t a lengyelorsz\u00e1gi hadj\u00e1ratban (1657), h\u00e1rman elestek, egyed\u00fcl ker\u00fclt haza. Irod.: Kempelen; Nagy Iv\u00e1n; P\u00e1lmay<\/p>\n","protected":false},"featured_media":0,"comment_status":"open","ping_status":"closed","template":"","meta":[],"product_brand":[],"product_cat":[137],"product_tag":[],"class_list":{"0":"post-10646","1":"product","2":"type-product","3":"status-publish","5":"product_cat-maros-megyei-eletrajzi-lexikon","7":"first","8":"instock","9":"shipping-taxable","10":"product-type-simple"},"_links":{"self":[{"href":"https:\/\/uj.adatbank.ro\/lexikon\/wp-json\/wp\/v2\/product\/10646","targetHints":{"allow":["GET"]}}],"collection":[{"href":"https:\/\/uj.adatbank.ro\/lexikon\/wp-json\/wp\/v2\/product"}],"about":[{"href":"https:\/\/uj.adatbank.ro\/lexikon\/wp-json\/wp\/v2\/types\/product"}],"replies":[{"embeddable":true,"href":"https:\/\/uj.adatbank.ro\/lexikon\/wp-json\/wp\/v2\/comments?post=10646"}],"wp:attachment":[{"href":"https:\/\/uj.adatbank.ro\/lexikon\/wp-json\/wp\/v2\/media?parent=10646"}],"wp:term":[{"taxonomy":"product_brand","embeddable":true,"href":"https:\/\/uj.adatbank.ro\/lexikon\/wp-json\/wp\/v2\/product_brand?post=10646"},{"taxonomy":"product_cat","embeddable":true,"href":"https:\/\/uj.adatbank.ro\/lexikon\/wp-json\/wp\/v2\/product_cat?post=10646"},{"taxonomy":"product_tag","embeddable":true,"href":"https:\/\/uj.adatbank.ro\/lexikon\/wp-json\/wp\/v2\/product_tag?post=10646"}],"curies":[{"name":"wp","href":"https:\/\/api.w.org\/{rel}","templated":true}]}}