{"id":10647,"date":"2025-06-29T13:26:57","date_gmt":"2025-06-29T11:26:57","guid":{"rendered":"https:\/\/uj.adatbank.ro\/lexikon\/termek\/jakab-gyorgy-vadasdi\/"},"modified":"2025-06-29T13:26:57","modified_gmt":"2025-06-29T11:26:57","slug":"jakab-gyorgy-vadasdi","status":"publish","type":"product","link":"https:\/\/uj.adatbank.ro\/lexikon\/termek\/jakab-gyorgy-vadasdi\/","title":{"rendered":"JAKAB Gy\u00f6rgy, vadasdi"},"content":{"rendered":"<p>? \u2020\u00a0?: nemes. \u2013 A csal\u00e1db\u00f3l ketten, Mih\u00e1ly testv\u00e9r\u00e9vel nyertek nemeslevelet (l\u00f3f\u0151s\u00e9get) (1655. j\u00fan. 28.). <br \/><strong>Irod.:<\/strong> Kempelen; P\u00e1lmay<\/br><\/p>\n","protected":false},"excerpt":{"rendered":"<p>? \u2020\u00a0?: nemes. \u2013 A csal\u00e1db\u00f3l ketten, Mih\u00e1ly testv\u00e9r\u00e9vel nyertek nemeslevelet (l\u00f3f\u0151s\u00e9get) (1655. j\u00fan. 28.). Irod.: Kempelen; P\u00e1lmay<\/p>\n","protected":false},"featured_media":0,"comment_status":"open","ping_status":"closed","template":"","meta":[],"product_brand":[],"product_cat":[137],"product_tag":[],"class_list":{"0":"post-10647","1":"product","2":"type-product","3":"status-publish","5":"product_cat-maros-megyei-eletrajzi-lexikon","7":"first","8":"instock","9":"shipping-taxable","10":"product-type-simple"},"_links":{"self":[{"href":"https:\/\/uj.adatbank.ro\/lexikon\/wp-json\/wp\/v2\/product\/10647","targetHints":{"allow":["GET"]}}],"collection":[{"href":"https:\/\/uj.adatbank.ro\/lexikon\/wp-json\/wp\/v2\/product"}],"about":[{"href":"https:\/\/uj.adatbank.ro\/lexikon\/wp-json\/wp\/v2\/types\/product"}],"replies":[{"embeddable":true,"href":"https:\/\/uj.adatbank.ro\/lexikon\/wp-json\/wp\/v2\/comments?post=10647"}],"wp:attachment":[{"href":"https:\/\/uj.adatbank.ro\/lexikon\/wp-json\/wp\/v2\/media?parent=10647"}],"wp:term":[{"taxonomy":"product_brand","embeddable":true,"href":"https:\/\/uj.adatbank.ro\/lexikon\/wp-json\/wp\/v2\/product_brand?post=10647"},{"taxonomy":"product_cat","embeddable":true,"href":"https:\/\/uj.adatbank.ro\/lexikon\/wp-json\/wp\/v2\/product_cat?post=10647"},{"taxonomy":"product_tag","embeddable":true,"href":"https:\/\/uj.adatbank.ro\/lexikon\/wp-json\/wp\/v2\/product_tag?post=10647"}],"curies":[{"name":"wp","href":"https:\/\/api.w.org\/{rel}","templated":true}]}}