{"id":10648,"date":"2025-06-29T13:26:59","date_gmt":"2025-06-29T11:26:59","guid":{"rendered":"https:\/\/uj.adatbank.ro\/lexikon\/termek\/jakab-ignac\/"},"modified":"2025-06-29T13:26:59","modified_gmt":"2025-06-29T11:26:59","slug":"jakab-ignac","status":"publish","type":"product","link":"https:\/\/uj.adatbank.ro\/lexikon\/termek\/jakab-ignac\/","title":{"rendered":"JAKAB Ign\u00e1c"},"content":{"rendered":"<p>? \u2020\u00a0?: ad\u00f3t\u00e1rnok. \u2013 M. kir. ad\u00f3tiszt volt Dics\u0151szentm\u00e1rtonban (1888), majd Dett\u00e1n, Bozovicson, Kisjen\u0151n. Cikkeit k\u00f6z\u00f6lte: \u00c1ll. Tisztvisel\u0151k Lapja, P\u00e9nz\u00fcgyigazgat\u00e1s. <br \/><strong>Irod.:<\/strong> Guly\u00e1s<\/br><\/p>\n","protected":false},"excerpt":{"rendered":"<p>? \u2020\u00a0?: ad\u00f3t\u00e1rnok. \u2013 M. kir. ad\u00f3tiszt volt Dics\u0151szentm\u00e1rtonban (1888), majd Dett\u00e1n, Bozovicson, Kisjen\u0151n. Cikkeit k\u00f6z\u00f6lte: \u00c1ll. Tisztvisel\u0151k Lapja, P\u00e9nz\u00fcgyigazgat\u00e1s. Irod.: Guly\u00e1s<\/p>\n","protected":false},"featured_media":0,"comment_status":"open","ping_status":"closed","template":"","meta":[],"product_brand":[],"product_cat":[137],"product_tag":[],"class_list":{"0":"post-10648","1":"product","2":"type-product","3":"status-publish","5":"product_cat-maros-megyei-eletrajzi-lexikon","7":"first","8":"instock","9":"shipping-taxable","10":"product-type-simple"},"_links":{"self":[{"href":"https:\/\/uj.adatbank.ro\/lexikon\/wp-json\/wp\/v2\/product\/10648","targetHints":{"allow":["GET"]}}],"collection":[{"href":"https:\/\/uj.adatbank.ro\/lexikon\/wp-json\/wp\/v2\/product"}],"about":[{"href":"https:\/\/uj.adatbank.ro\/lexikon\/wp-json\/wp\/v2\/types\/product"}],"replies":[{"embeddable":true,"href":"https:\/\/uj.adatbank.ro\/lexikon\/wp-json\/wp\/v2\/comments?post=10648"}],"wp:attachment":[{"href":"https:\/\/uj.adatbank.ro\/lexikon\/wp-json\/wp\/v2\/media?parent=10648"}],"wp:term":[{"taxonomy":"product_brand","embeddable":true,"href":"https:\/\/uj.adatbank.ro\/lexikon\/wp-json\/wp\/v2\/product_brand?post=10648"},{"taxonomy":"product_cat","embeddable":true,"href":"https:\/\/uj.adatbank.ro\/lexikon\/wp-json\/wp\/v2\/product_cat?post=10648"},{"taxonomy":"product_tag","embeddable":true,"href":"https:\/\/uj.adatbank.ro\/lexikon\/wp-json\/wp\/v2\/product_tag?post=10648"}],"curies":[{"name":"wp","href":"https:\/\/api.w.org\/{rel}","templated":true}]}}