{"id":10652,"date":"2025-06-29T13:27:06","date_gmt":"2025-06-29T11:27:06","guid":{"rendered":"https:\/\/uj.adatbank.ro\/lexikon\/termek\/jakab-istvan-2\/"},"modified":"2025-06-29T13:27:06","modified_gmt":"2025-06-29T11:27:06","slug":"jakab-istvan-2","status":"publish","type":"product","link":"https:\/\/uj.adatbank.ro\/lexikon\/termek\/jakab-istvan-2\/","title":{"rendered":"JAKAB Istv\u00e1n"},"content":{"rendered":"<p>? \u2020 Arad., 1901. m\u00e1rc.: sz\u00edn\u00e9sz, s\u00fag\u00f3. \u2013 Brass\u00f3ban, Kv. -on, Mv.-en m\u0171k\u00f6d\u00f6tt (1840\u201370). \u2013 <strong>F. m.:<\/strong> M. j\u00e1t\u00e9ksz\u00edni nefelejts (Brass\u00f3, 1840); Sz\u00ednh\u00e1zi zsebk\u00f6nyv (Mv., 1842); J\u00e1t\u00e9ksz\u00edni zsebk\u00f6nyv (Brass\u00f3, 1847); Nemzeti sz\u00ednh\u00e1zi eml\u00e9kk\u00f6nyv (Kv., 1856, 1857, 1858); Nemzeti sz\u00ednh\u00e1zi zsebk\u00f6nyv (Kv., 1861, 1867); B\u00facs\u00fav\u00e9teli zsebk\u00f6nyv (Mv., 1871, 1878); \u00daj \u00e9vi nemzetisz\u00ednh\u00e1zi zsebk\u00f6nyv (Kv., 1870). <br \/><strong>Irod.:<\/strong> Guly\u00e1s; Szinnyei<\/br><\/p>\n","protected":false},"excerpt":{"rendered":"<p>? \u2020 Arad., 1901. m\u00e1rc.: sz\u00edn\u00e9sz, s\u00fag\u00f3. \u2013 Brass\u00f3ban, Kv. -on, Mv.-en m\u0171k\u00f6d\u00f6tt (1840\u201370). \u2013 F. m.: M. j\u00e1t\u00e9ksz\u00edni nefelejts (Brass\u00f3, 1840); Sz\u00ednh\u00e1zi zsebk\u00f6nyv (Mv., 1842); J\u00e1t\u00e9ksz\u00edni zsebk\u00f6nyv (Brass\u00f3, 1847); Nemzeti sz\u00ednh\u00e1zi eml\u00e9kk\u00f6nyv (Kv., 1856, 1857, 1858); Nemzeti sz\u00ednh\u00e1zi zsebk\u00f6nyv (Kv., 1861, 1867); B\u00facs\u00fav\u00e9teli zsebk\u00f6nyv (Mv., 1871, 1878); \u00daj \u00e9vi nemzetisz\u00ednh\u00e1zi zsebk\u00f6nyv (Kv., 1870). Irod.: [&hellip;]<\/p>\n","protected":false},"featured_media":0,"comment_status":"open","ping_status":"closed","template":"","meta":[],"product_brand":[],"product_cat":[137],"product_tag":[],"class_list":{"0":"post-10652","1":"product","2":"type-product","3":"status-publish","5":"product_cat-maros-megyei-eletrajzi-lexikon","7":"first","8":"instock","9":"shipping-taxable","10":"product-type-simple"},"_links":{"self":[{"href":"https:\/\/uj.adatbank.ro\/lexikon\/wp-json\/wp\/v2\/product\/10652","targetHints":{"allow":["GET"]}}],"collection":[{"href":"https:\/\/uj.adatbank.ro\/lexikon\/wp-json\/wp\/v2\/product"}],"about":[{"href":"https:\/\/uj.adatbank.ro\/lexikon\/wp-json\/wp\/v2\/types\/product"}],"replies":[{"embeddable":true,"href":"https:\/\/uj.adatbank.ro\/lexikon\/wp-json\/wp\/v2\/comments?post=10652"}],"wp:attachment":[{"href":"https:\/\/uj.adatbank.ro\/lexikon\/wp-json\/wp\/v2\/media?parent=10652"}],"wp:term":[{"taxonomy":"product_brand","embeddable":true,"href":"https:\/\/uj.adatbank.ro\/lexikon\/wp-json\/wp\/v2\/product_brand?post=10652"},{"taxonomy":"product_cat","embeddable":true,"href":"https:\/\/uj.adatbank.ro\/lexikon\/wp-json\/wp\/v2\/product_cat?post=10652"},{"taxonomy":"product_tag","embeddable":true,"href":"https:\/\/uj.adatbank.ro\/lexikon\/wp-json\/wp\/v2\/product_tag?post=10652"}],"curies":[{"name":"wp","href":"https:\/\/api.w.org\/{rel}","templated":true}]}}